{"id":28,"date":"2023-05-12T12:29:35","date_gmt":"2023-05-12T10:29:35","guid":{"rendered":"http:\/\/agora.xtec.cat\/escolasantvi\/?page_id=28"},"modified":"2023-05-06T18:49:33","modified_gmt":"2023-05-06T16:49:33","slug":"consell-escolar","status":"publish","type":"page","link":"https:\/\/agora.xtec.cat\/escolasantvi\/consell-escolar\/","title":{"rendered":"CONSELL ESCOLAR"},"content":{"rendered":"<p><a href=\"http:\/\/agora.xtec.cat\/escolasantvi\/wp-content\/uploads\/usu1759\/2018\/01\/imatge-consell-escolar.jpg\"><img loading=\"lazy\" decoding=\"async\" class=\"wp-image-2518 alignleft\" src=\"http:\/\/agora.xtec.cat\/escolasantvi\/wp-content\/uploads\/usu1759\/2018\/01\/imatge-consell-escolar-150x150.jpg\" alt=\"\" width=\"222\" height=\"222\" \/><\/a><\/p>\n<h5><\/h5>\n<h5><\/h5>\n<h5><strong>El consell escolar del centre interv\u00e9 directament en tres aspectes fonamentals:<\/strong><\/h5>\n<p>\ud83d\udc49Participa en la selecci\u00f3 del director, i en el retiment de comptes de la seva gesti\u00f3.<br \/>\n\ud83d\udc49Participa en l\u2019aprovaci\u00f3 del principal instrument de l\u2019autonomia del centre (el projecte educatiu).<br \/>\n\ud83d\udc49Interv\u00e9 en l\u2019avaluaci\u00f3 dels projectes, a trav\u00e9s del consell escolar de centre i rep informaci\u00f3 dels resultats de les diferents avaluacions del centre.<\/p>\n<p>&nbsp;<\/p>\n<h5>El consell escolar del centre aprova els seg\u00fcents instruments de l\u2019autonomia dels centres educatius del Servei d\u2019Educaci\u00f3 de Catalunya:<\/h5>\n<ul>\n<li style=\"padding-left: 30px;\">El projecte educatiu;<\/li>\n<li style=\"padding-left: 30px;\">Les normes d\u2019organitzaci\u00f3 i funcionament;<\/li>\n<li style=\"padding-left: 30px;\">L\u2019estructura organitzativa pr\u00f2pia (forma part del projecte educatiu);<\/li>\n<li style=\"padding-left: 30px;\">El projecte ling\u00fc\u00edstic (forma part del projecte educatiu);<\/li>\n<li style=\"padding-left: 30px;\">La programaci\u00f3 general anual del centre;<\/li>\n<li style=\"padding-left: 30px;\">El car\u00e0cter propi del centre (forma part del projecte educatiu);<\/li>\n<li style=\"padding-left: 30px;\">Les propostes dels acords de coresponsabilitat;<\/li>\n<li style=\"padding-left: 30px;\">La carta de comprom\u00eds educatiu;<\/li>\n<li style=\"padding-left: 30px;\">Les directius per a la programaci\u00f3 de les activitats complement\u00e0ries, si n\u2019hi ha, les activitats extraescolars i els serveis que s\u2019ofereixen;<\/li>\n<\/ul>\n<p>El consell escolar del centre \u00e9s l&#8217;<strong>\u00f2rgan col\u00b7legiat de participaci\u00f3<\/strong> de la comunitat escolar en el govern del centre.\u00a0En els centres p\u00fablics, la funci\u00f3 principal del consell escolar \u00e9s participar en la presa de decisions en relaci\u00f3 amb aquells temes importants per al funcionament i l&#8217;organitzaci\u00f3 del centre: el projecte educatiu, la programaci\u00f3 general, la gesti\u00f3 econ\u00f2mica, etc.<\/p>\n<p>Els membres del consell escolar s\u00f3n elegits per un per\u00edode de quatre anys i es renoven per meitats cada dos anys.<\/p>\n<h4><strong><span style=\"color: #800080;\"><a style=\"color: #800080;\" href=\"https:\/\/drive.google.com\/drive\/folders\/1h-Z16_TWSFXw4U7hoyRswJRTxbgL7fMP?usp=share_link\">CONSULTA DELS ACORDS DEL CONSELL ESCOLAR<\/a><\/span><\/strong><\/h4>\n","protected":false},"excerpt":{"rendered":"<p>El consell escolar del centre interv\u00e9 directament en tres aspectes fonamentals: \ud83d\udc49Participa en la selecci\u00f3 del director, i en el [&hellip;]<\/p>\n","protected":false},"author":1,"featured_media":0,"parent":0,"menu_order":0,"comment_status":"closed","ping_status":"closed","template":"","meta":{"_bbp_topic_count":0,"_bbp_reply_count":0,"_bbp_total_topic_count":0,"_bbp_total_reply_count":0,"_bbp_voice_count":0,"_bbp_anonymous_reply_count":0,"_bbp_topic_count_hidden":0,"_bbp_reply_count_hidden":0,"_bbp_forum_subforum_count":0,"site-sidebar-layout":"default","site-content-layout":"","ast-site-content-layout":"","site-content-style":"default","site-sidebar-style":"default","ast-global-header-display":"","ast-banner-title-visibility":"","ast-main-header-display":"","ast-hfb-above-header-display":"","ast-hfb-below-header-display":"","ast-hfb-mobile-header-display":"","site-post-title":"","ast-breadcrumbs-content":"","ast-featured-img":"","footer-sml-layout":"","theme-transparent-header-meta":"","adv-header-id-meta":"","stick-header-meta":"","header-above-stick-meta":"","header-main-stick-meta":"","header-below-stick-meta":"","astra-migrate-meta-layouts":"default","ast-page-background-enabled":"default","ast-page-background-meta":{"desktop":{"background-color":"var(--ast-global-color-4)","background-image":"","background-repeat":"repeat","background-position":"center center","background-size":"auto","background-attachment":"scroll","background-type":"","background-media":"","overlay-type":"","overlay-color":"","overlay-opacity":"","overlay-gradient":""},"tablet":{"background-color":"","background-image":"","background-repeat":"repeat","background-position":"center center","background-size":"auto","background-attachment":"scroll","background-type":"","background-media":"","overlay-type":"","overlay-color":"","overlay-opacity":"","overlay-gradient":""},"mobile":{"background-color":"","background-image":"","background-repeat":"repeat","background-position":"center center","background-size":"auto","background-attachment":"scroll","background-type":"","background-media":"","overlay-type":"","overlay-color":"","overlay-opacity":"","overlay-gradient":""}},"ast-content-background-meta":{"desktop":{"background-color":"var(--ast-global-color-5)","background-image":"","background-repeat":"repeat","background-position":"center center","background-size":"auto","background-attachment":"scroll","background-type":"","background-media":"","overlay-type":"","overlay-color":"","overlay-opacity":"","overlay-gradient":""},"tablet":{"background-color":"var(--ast-global-color-5)","background-image":"","background-repeat":"repeat","background-position":"center center","background-size":"auto","background-attachment":"scroll","background-type":"","background-media":"","overlay-type":"","overlay-color":"","overlay-opacity":"","overlay-gradient":""},"mobile":{"background-color":"var(--ast-global-color-5)","background-image":"","background-repeat":"repeat","background-position":"center center","background-size":"auto","background-attachment":"scroll","background-type":"","background-media":"","overlay-type":"","overlay-color":"","overlay-opacity":"","overlay-gradient":""}},"footnotes":""},"class_list":["post-28","page","type-page","status-publish","hentry"],"post_mailing_queue_ids":[],"_links":{"self":[{"href":"https:\/\/agora.xtec.cat\/escolasantvi\/wp-json\/wp\/v2\/pages\/28","targetHints":{"allow":["GET"]}}],"collection":[{"href":"https:\/\/agora.xtec.cat\/escolasantvi\/wp-json\/wp\/v2\/pages"}],"about":[{"href":"https:\/\/agora.xtec.cat\/escolasantvi\/wp-json\/wp\/v2\/types\/page"}],"author":[{"embeddable":true,"href":"https:\/\/agora.xtec.cat\/escolasantvi\/wp-json\/wp\/v2\/users\/1"}],"replies":[{"embeddable":true,"href":"https:\/\/agora.xtec.cat\/escolasantvi\/wp-json\/wp\/v2\/comments?post=28"}],"version-history":[{"count":3,"href":"https:\/\/agora.xtec.cat\/escolasantvi\/wp-json\/wp\/v2\/pages\/28\/revisions"}],"predecessor-version":[{"id":4238,"href":"https:\/\/agora.xtec.cat\/escolasantvi\/wp-json\/wp\/v2\/pages\/28\/revisions\/4238"}],"wp:attachment":[{"href":"https:\/\/agora.xtec.cat\/escolasantvi\/wp-json\/wp\/v2\/media?parent=28"}],"curies":[{"name":"wp","href":"https:\/\/api.w.org\/{rel}","templated":true}]}}