{"id":26,"date":"2018-09-18T12:24:32","date_gmt":"2018-09-18T10:24:32","guid":{"rendered":"http:\/\/agora.xtec.cat\/escolasantvi\/?page_id=26"},"modified":"2024-02-12T12:03:53","modified_gmt":"2024-02-12T11:03:53","slug":"historia","status":"publish","type":"page","link":"https:\/\/agora.xtec.cat\/escolasantvi\/lescola\/historia\/","title":{"rendered":"INICIS DE L&#8217;ESCOLA"},"content":{"rendered":"<p style=\"font-weight: 400;\"><a href=\"http:\/\/agora.xtec.cat\/escolasantvi\/wp-content\/uploads\/usu1759\/2014\/09\/casalestiu2017.jpg\"><img loading=\"lazy\" decoding=\"async\" class=\"size-full wp-image-613 alignleft\" src=\"http:\/\/agora.xtec.cat\/escolasantvi\/wp-content\/uploads\/usu1759\/2014\/09\/casalestiu2017.jpg\" alt=\"\" width=\"380\" height=\"290\" srcset=\"https:\/\/agora.xtec.cat\/escolasantvi\/wp-content\/uploads\/usu1759\/2014\/09\/casalestiu2017.jpg 380w, https:\/\/agora.xtec.cat\/escolasantvi\/wp-content\/uploads\/usu1759\/2014\/09\/casalestiu2017-300x229.jpg 300w\" sizes=\"auto, (max-width: 380px) 100vw, 380px\" \/><\/a>L\u2019escola Sant Vicen\u00e7 comen\u00e7a a funcionar el curs 1978-1979 en un m\u00f2dul prefabricat (edifici vell) als afores de Mollet envoltat d\u2019horts i cultius de cereals. Aleshores es funcionava com una agrupaci\u00f3 d\u2019aules on cada mestre anava al seu aire.<\/p>\n<p style=\"font-weight: 400;\">Des de molt aviat el professorat posa les bases per a la formaci\u00f3 d\u2019una escola. En aquesta nova fase s&#8217;inicia una traject\u00f2ria de recerca de qualitat pedag\u00f2gica amb el catal\u00e0 a l\u2019escola com a pedra angular. La recerca d\u2019un edifici en condicions apropa les fam\u00edlies a una din\u00e0mica de participaci\u00f3 i debat amb el professorat que dona els seus fruits: escola nova i la creaci\u00f3 d\u2019un sistema cooperatiu per resoldre de manera econ\u00f2mica l\u2019acc\u00e9s als recursos educatius i el material escolar.<\/p>\n<p><a href=\"http:\/\/betaportal.icgc.cat\/ortoview\/?lon=2.22116&amp;lat=41.54332&amp;zoom=18&amp;num=4&amp;mt0=orto5m1994\">http:\/\/betaportal.icgc.cat\/ortoview\/?lon=2.22116&amp;lat=41.54332&amp;zoom=18&amp;num=4&amp;mt0=orto5m1994 Cliqueu per veure l&#8217;escola abans i ara.<\/a><\/p>\n<p style=\"font-weight: 400;\">L\u2019any 1991 l\u2019escola rep un dels premis Baldiri Reixac i amb els anys es sistematitza el treball pedag\u00f2gic col\u00b7laboratiu. El curs 2003\u20132004, es celebr\u00e0 el 25\u00e8 aniversari de l\u2019escola. El curs 2004-2005 es crea al centre el Suport Intensiu a l&#8217;Educaci\u00f3 Inclusiva que en aquells moments era USEE (Unitat de Suport a l&#8217;Educaci\u00f3 Especial). El curs 2005-2006 es crea el Suport Intensiu a l&#8217;Audici\u00f3 i Llenguatge com a centre que acull alumnes amb sordesa.<\/p>\n<p style=\"font-weight: 400;\">Els cursos 2013-2014 i 2014-2015, l\u2019escola torna a rebre diversos premis Baldiri Reixac en la modalitat d&#8217;alumnes: \u201cProjecte Fem Esmorzars\u201d, \u201cEl Consell d\u2019Alumnes\u201d i \u201cJoan Abell\u00f3, un pintor del Vall\u00e8s\u201d.<\/p>\n<p>El curs 2016-2017 i durant tres cursos, es desenvolupa el projecte Generaci\u00f3 Pluriling\u00fce en el qual es fomenta l&#8217;angl\u00e8s com a llengua d&#8217;aprenentatge en el vessant art\u00edstic de m\u00fasica i art pl\u00e0stic, aix\u00ed com tamb\u00e9 en ci\u00e8ncies.<\/p>\n<p>El curs 2015-2016 , s&#8217;inicia el treball d&#8217;actualitzaci\u00f3 i renovaci\u00f3 pedag\u00f2gica en relaci\u00f3 a la compet\u00e8ncia matem\u00e0tica, comptant amb el suport del Departament d&#8217;Educaci\u00f3 i la Universitat Aut\u00f2noma de Barcelona.<\/p>\n","protected":false},"excerpt":{"rendered":"<p>L\u2019escola Sant Vicen\u00e7 comen\u00e7a a funcionar el curs 1978-1979 en un m\u00f2dul prefabricat (edifici vell) als afores de Mollet envoltat [&hellip;]<\/p>\n","protected":false},"author":1,"featured_media":0,"parent":22,"menu_order":1,"comment_status":"closed","ping_status":"closed","template":"page-templates\/side-menu.php","meta":{"_bbp_topic_count":0,"_bbp_reply_count":0,"_bbp_total_topic_count":0,"_bbp_total_reply_count":0,"_bbp_voice_count":0,"_bbp_anonymous_reply_count":0,"_bbp_topic_count_hidden":0,"_bbp_reply_count_hidden":0,"_bbp_forum_subforum_count":0,"site-sidebar-layout":"default","site-content-layout":"","ast-site-content-layout":"","site-content-style":"default","site-sidebar-style":"default","ast-global-header-display":"","ast-banner-title-visibility":"","ast-main-header-display":"","ast-hfb-above-header-display":"","ast-hfb-below-header-display":"","ast-hfb-mobile-header-display":"","site-post-title":"","ast-breadcrumbs-content":"","ast-featured-img":"","footer-sml-layout":"","theme-transparent-header-meta":"","adv-header-id-meta":"","stick-header-meta":"","header-above-stick-meta":"","header-main-stick-meta":"","header-below-stick-meta":"","astra-migrate-meta-layouts":"default","ast-page-background-enabled":"default","ast-page-background-meta":{"desktop":{"background-color":"var(--ast-global-color-4)","background-image":"","background-repeat":"repeat","background-position":"center center","background-size":"auto","background-attachment":"scroll","background-type":"","background-media":"","overlay-type":"","overlay-color":"","overlay-opacity":"","overlay-gradient":""},"tablet":{"background-color":"","background-image":"","background-repeat":"repeat","background-position":"center center","background-size":"auto","background-attachment":"scroll","background-type":"","background-media":"","overlay-type":"","overlay-color":"","overlay-opacity":"","overlay-gradient":""},"mobile":{"background-color":"","background-image":"","background-repeat":"repeat","background-position":"center center","background-size":"auto","background-attachment":"scroll","background-type":"","background-media":"","overlay-type":"","overlay-color":"","overlay-opacity":"","overlay-gradient":""}},"ast-content-background-meta":{"desktop":{"background-color":"var(--ast-global-color-5)","background-image":"","background-repeat":"repeat","background-position":"center center","background-size":"auto","background-attachment":"scroll","background-type":"","background-media":"","overlay-type":"","overlay-color":"","overlay-opacity":"","overlay-gradient":""},"tablet":{"background-color":"var(--ast-global-color-5)","background-image":"","background-repeat":"repeat","background-position":"center center","background-size":"auto","background-attachment":"scroll","background-type":"","background-media":"","overlay-type":"","overlay-color":"","overlay-opacity":"","overlay-gradient":""},"mobile":{"background-color":"var(--ast-global-color-5)","background-image":"","background-repeat":"repeat","background-position":"center center","background-size":"auto","background-attachment":"scroll","background-type":"","background-media":"","overlay-type":"","overlay-color":"","overlay-opacity":"","overlay-gradient":""}},"footnotes":""},"class_list":["post-26","page","type-page","status-publish","hentry"],"post_mailing_queue_ids":[],"_links":{"self":[{"href":"https:\/\/agora.xtec.cat\/escolasantvi\/wp-json\/wp\/v2\/pages\/26","targetHints":{"allow":["GET"]}}],"collection":[{"href":"https:\/\/agora.xtec.cat\/escolasantvi\/wp-json\/wp\/v2\/pages"}],"about":[{"href":"https:\/\/agora.xtec.cat\/escolasantvi\/wp-json\/wp\/v2\/types\/page"}],"author":[{"embeddable":true,"href":"https:\/\/agora.xtec.cat\/escolasantvi\/wp-json\/wp\/v2\/users\/1"}],"replies":[{"embeddable":true,"href":"https:\/\/agora.xtec.cat\/escolasantvi\/wp-json\/wp\/v2\/comments?post=26"}],"version-history":[{"count":4,"href":"https:\/\/agora.xtec.cat\/escolasantvi\/wp-json\/wp\/v2\/pages\/26\/revisions"}],"predecessor-version":[{"id":4493,"href":"https:\/\/agora.xtec.cat\/escolasantvi\/wp-json\/wp\/v2\/pages\/26\/revisions\/4493"}],"up":[{"embeddable":true,"href":"https:\/\/agora.xtec.cat\/escolasantvi\/wp-json\/wp\/v2\/pages\/22"}],"wp:attachment":[{"href":"https:\/\/agora.xtec.cat\/escolasantvi\/wp-json\/wp\/v2\/media?parent=26"}],"curies":[{"name":"wp","href":"https:\/\/api.w.org\/{rel}","templated":true}]}}