{"id":2384,"date":"2018-02-02T08:56:22","date_gmt":"2018-02-02T07:56:22","guid":{"rendered":"http:\/\/agora.xtec.cat\/escolasantvi\/?page_id=2384"},"modified":"2024-02-12T12:06:26","modified_gmt":"2024-02-12T11:06:26","slug":"premis-i-reconeixements","status":"publish","type":"page","link":"https:\/\/agora.xtec.cat\/escolasantvi\/lescola\/premis-i-reconeixements\/","title":{"rendered":"PREMSA"},"content":{"rendered":"<p>&nbsp;<\/p>\n<h3><a href=\"https:\/\/drive.google.com\/file\/d\/1uXTy8Nj0rIoIjc0KCInNY8RMtkRjl6Fc\/view?usp=sharing\">Tinkering i STEAM &#8211; Revista <span class=\"il\">Guix<\/span><\/a><\/h3>\n<h5>L&#8217;espai Tinkering\u00a0 de la nostra escola ha sortit a la revista Guix\u00a0 <a href=\"https:\/\/drive.google.com\/file\/d\/1uXTy8Nj0rIoIjc0KCInNY8RMtkRjl6Fc\/view?usp=sharing\">(Guix n\u00ba 464 \u2022 Mar\u00e7 2020)<\/a>. Tamb\u00e9 a la revista\u00a0 Aula <a href=\"https:\/\/drive.google.com\/file\/d\/14Ew0ja5Kjh6Zw0mcoyqsKpen98EGQmYK\/view?usp=sharing\">(Aula n\u00ba291 \u2022 Marzo 2020)<\/a> juntament amb un article molt interessant de la Cristina Simarro.<\/h5>\n<p>&nbsp;<\/p>\n<h6>Revista de l&#8217;escola darrera edici\u00f3 <a href=\"https:\/\/drive.google.com\/file\/d\/1hmlol531xttq_lMKa5jnj7Sfo59yDcnb\/view?usp=drivesdk\">https:\/\/www.flipsnack.com\/revistasantvi\/la-vinyota-1pfg39ko7k.html<\/a><\/h6>\n<h3><a href=\"https:\/\/drive.google.com\/file\/d\/1hmlol531xttq_lMKa5jnj7Sfo59yDcnb\/view?usp=drivesdk\">Premi per al Barral\u00f3 \u00a02019 Baldiri Reixac<\/a><\/h3>\n<p>&nbsp;<\/p>\n<h3>L&#8217;any 2014 la nostra escola rep dos premis Baldiri Reixac de la Fundaci\u00f3 Carulla, un pel <a href=\"https:\/\/drive.google.com\/open?id=0Bywkl6BVONx0MFM3OGUtYVhocnM\">consell d&#8217;alumnes<\/a> i l&#8217;altre <a href=\"https:\/\/drive.google.com\/open?id=0Bywkl6BVONx0TDEzdE1MSV9oR1U\">fem esmorzars.<\/a><a href=\"http:\/\/agora.xtec.cat\/escolasantvi\/wp-content\/uploads\/usu1759\/2018\/02\/baldiri-consell-alumnes-el-nou.png\"><img loading=\"lazy\" decoding=\"async\" class=\"alignleft wp-image-2391 size-medium\" src=\"https:\/\/agora.xtec.cat\/escolasantvi\/wp-content\/uploads\/usu1759\/2018\/02\/baldiri-consell-alumnes-el-nou-300x271.png\" alt=\"\" width=\"300\" height=\"271\" srcset=\"https:\/\/agora.xtec.cat\/escolasantvi\/wp-content\/uploads\/usu1759\/2018\/02\/baldiri-consell-alumnes-el-nou-300x271.png 300w, https:\/\/agora.xtec.cat\/escolasantvi\/wp-content\/uploads\/usu1759\/2018\/02\/baldiri-consell-alumnes-el-nou-768x695.png 768w, https:\/\/agora.xtec.cat\/escolasantvi\/wp-content\/uploads\/usu1759\/2018\/02\/baldiri-consell-alumnes-el-nou-1024x926.png 1024w, https:\/\/agora.xtec.cat\/escolasantvi\/wp-content\/uploads\/usu1759\/2018\/02\/baldiri-consell-alumnes-el-nou.png 1307w\" sizes=\"auto, (max-width: 300px) 100vw, 300px\" \/><\/a><\/h3>\n<p>La <a href=\"http:\/\/www.fundaciocarulla.cat\/ca\/premis-baldiri-reixac\/guanyadors-escoles\">Fundaci\u00f3 Carulla<\/a> entrega els premis Baldiri Reixac\u00a0(BR), creats l\u2019any 1979, on reconeixen\u00a0l\u2019excel\u00b7l\u00e8ncia pedag\u00f2gica dels professors i les escoles capdavanteres i hem apostat per una escola de qualitat on el catal\u00e0 \u00e9s la llengua comuna des de la qual aprenem i promovem la resta de lleng\u00fces i enfortim la cohesi\u00f3 social.<\/p>\n<p><a href=\"http:\/\/www.contrapunt.cat\/noticia\/21113\/premis-baldiri-reixac-per-a-dos-projectes-del-sant-vicenc\">http:\/\/www.contrapunt.cat\/noticia\/21113\/premis-baldiri-reixac-per-a-dos-projectes-del-sant-vicenc<\/a><\/p>\n<p>El\u00a0 2015 en la categoria d&#8217;alumnes, <a href=\"https:\/\/drive.google.com\/open?id=19U3xGaSi17Wa23wj3vOKB-_2W_2jcYQd\"><em>Joan Abell\u00f3, un pintor del Vall\u00e8s<\/em><\/a>. Aquest treball emmarcat en els tallers art\u00edstics que l&#8217;escola fa cada curs, s&#8217;endinsa en la persona i l&#8217;obra del pintor com a referent cultural i identitari de Mollet.<\/p>\n<p><a href=\"https:\/\/photos.app.goo.gl\/9sj9elcly7bAy0nK2\"><img loading=\"lazy\" decoding=\"async\" class=\"alignnone size-thumbnail wp-image-2393\" src=\"http:\/\/agora.xtec.cat\/escolasantvi\/wp-content\/uploads\/usu1759\/2018\/02\/Tallers12_13-CI_041-150x150.jpg\" alt=\"\" width=\"150\" height=\"150\" \/><\/a> \u00a0 \u00a0 \u00a0\u00a0<a href=\"https:\/\/photos.app.goo.gl\/LL5Y7cfNKLeZ8y003\"><img loading=\"lazy\" decoding=\"async\" class=\"alignnone size-thumbnail wp-image-2395\" src=\"http:\/\/agora.xtec.cat\/escolasantvi\/wp-content\/uploads\/usu1759\/2018\/02\/Excursi\u00f3-Lart-de-Mollet-i-el-col\u00b7leccionisme-a-la-casa-Abell\u00f3-094-150x150.jpg\" alt=\"\" width=\"150\" height=\"150\" \/><\/a> \u00a0 \u00a0\u00a0 <a href=\"https:\/\/photos.google.com\/album\/AF1QipOnZM8Qn2M5glAWFR-zt6C7IeGiYTrTpi7_k1kY\"><img loading=\"lazy\" decoding=\"async\" class=\"alignnone size-thumbnail wp-image-2396\" src=\"http:\/\/agora.xtec.cat\/escolasantvi\/wp-content\/uploads\/usu1759\/2018\/02\/IMG_28871-150x150.jpg\" alt=\"\" width=\"150\" height=\"150\" \/><\/a> \u00a0 \u00a0\u00a0<a href=\"https:\/\/photos.google.com\/album\/AF1QipNh6EbC0EMCu7Z9z0tmhVNCQ_yn0IyBnVMsqZup\"><img loading=\"lazy\" decoding=\"async\" class=\"alignnone size-thumbnail wp-image-2397\" src=\"http:\/\/agora.xtec.cat\/escolasantvi\/wp-content\/uploads\/usu1759\/2018\/02\/IMG_4501-150x150.jpg\" alt=\"\" width=\"150\" height=\"150\" \/><\/a><\/p>\n<p>(cliqueu sobre les imatges per veure alguns dels treballs realitzats pels alumnes)<\/p>\n<p>Recull de premsa d&#8217;aquest premi:<\/p>\n<p><a href=\"http:\/\/el9nou.cat\/valles-oriental\/actualitat\/lescola-sant-vicenc-de-mollet-i-lescola-pia-de-caldes-premis-baldiri-reixac\/\">http:\/\/el9nou.cat\/valles-oriental\/actualitat\/lescola-sant-vicenc-de-mollet-i-lescola-pia-de-caldes-premis-baldiri-reixac\/<\/a><\/p>\n<p>Altres articles de premsa:<\/p>\n<p><a href=\"https:\/\/agora.xtec.cat\/escolasantvi\/wp-content\/uploads\/usu1759\/2019\/02\/Mollet-a-m\u00e0-Sant-Vicen\u00e7-Kahoot.jpg\"><img loading=\"lazy\" decoding=\"async\" class=\"alignnone wp-image-2837 size-medium\" src=\"https:\/\/agora.xtec.cat\/escolasantvi\/wp-content\/uploads\/usu1759\/2019\/02\/Mollet-a-m\u00e0-Sant-Vicen\u00e7-Kahoot-300x158.jpg\" alt=\"\" width=\"300\" height=\"158\" srcset=\"https:\/\/agora.xtec.cat\/escolasantvi\/wp-content\/uploads\/usu1759\/2019\/02\/Mollet-a-m\u00e0-Sant-Vicen\u00e7-Kahoot-300x158.jpg 300w, https:\/\/agora.xtec.cat\/escolasantvi\/wp-content\/uploads\/usu1759\/2019\/02\/Mollet-a-m\u00e0-Sant-Vicen\u00e7-Kahoot.jpg 757w\" sizes=\"auto, (max-width: 300px) 100vw, 300px\" \/><\/a><\/p>\n<p><a href=\"https:\/\/drive.google.com\/file\/d\/1kpuWKgUow7npHNK5XPxYojt-G2QRSqWm\/view?usp=sharing\"> \u00a0 \u00a0 \u00a0<\/a><a href=\"https:\/\/drive.google.com\/file\/d\/1kpuWKgUow7npHNK5XPxYojt-G2QRSqWm\/view?usp=sharing\"><img loading=\"lazy\" decoding=\"async\" class=\"alignnone wp-image-2398 size-medium\" src=\"https:\/\/agora.xtec.cat\/escolasantvi\/wp-content\/uploads\/usu1759\/2018\/02\/mollet-a-m\u00e0-febrer-2015-cient\u00edfics-300x144.jpg\" alt=\"\" width=\"300\" height=\"144\" srcset=\"https:\/\/agora.xtec.cat\/escolasantvi\/wp-content\/uploads\/usu1759\/2018\/02\/mollet-a-m\u00e0-febrer-2015-cient\u00edfics-300x144.jpg 300w, https:\/\/agora.xtec.cat\/escolasantvi\/wp-content\/uploads\/usu1759\/2018\/02\/mollet-a-m\u00e0-febrer-2015-cient\u00edfics-768x368.jpg 768w, https:\/\/agora.xtec.cat\/escolasantvi\/wp-content\/uploads\/usu1759\/2018\/02\/mollet-a-m\u00e0-febrer-2015-cient\u00edfics.jpg 942w\" sizes=\"auto, (max-width: 300px) 100vw, 300px\" \/><\/a><a href=\"http:\/\/agora.xtec.cat\/escolasantvi\/wp-content\/uploads\/usu1759\/2018\/02\/mollet-a-m\u00e0-desembre-2017-linnovador-classroom.pdf\">mollet a m\u00e0 desembre 2017 linnovador classroom<\/a><\/p>\n","protected":false},"excerpt":{"rendered":"<p>&nbsp; Tinkering i STEAM &#8211; Revista Guix L&#8217;espai Tinkering\u00a0 de la nostra escola ha sortit a la revista Guix\u00a0 (Guix [&hellip;]<\/p>\n","protected":false},"author":1,"featured_media":0,"parent":22,"menu_order":7,"comment_status":"closed","ping_status":"closed","template":"","meta":{"_bbp_topic_count":0,"_bbp_reply_count":0,"_bbp_total_topic_count":0,"_bbp_total_reply_count":0,"_bbp_voice_count":0,"_bbp_anonymous_reply_count":0,"_bbp_topic_count_hidden":0,"_bbp_reply_count_hidden":0,"_bbp_forum_subforum_count":0,"site-sidebar-layout":"default","site-content-layout":"","ast-site-content-layout":"","site-content-style":"default","site-sidebar-style":"default","ast-global-header-display":"","ast-banner-title-visibility":"","ast-main-header-display":"","ast-hfb-above-header-display":"","ast-hfb-below-header-display":"","ast-hfb-mobile-header-display":"","site-post-title":"","ast-breadcrumbs-content":"","ast-featured-img":"","footer-sml-layout":"","theme-transparent-header-meta":"","adv-header-id-meta":"","stick-header-meta":"","header-above-stick-meta":"","header-main-stick-meta":"","header-below-stick-meta":"","astra-migrate-meta-layouts":"default","ast-page-background-enabled":"default","ast-page-background-meta":{"desktop":{"background-color":"var(--ast-global-color-4)","background-image":"","background-repeat":"repeat","background-position":"center center","background-size":"auto","background-attachment":"scroll","background-type":"","background-media":"","overlay-type":"","overlay-color":"","overlay-opacity":"","overlay-gradient":""},"tablet":{"background-color":"","background-image":"","background-repeat":"repeat","background-position":"center center","background-size":"auto","background-attachment":"scroll","background-type":"","background-media":"","overlay-type":"","overlay-color":"","overlay-opacity":"","overlay-gradient":""},"mobile":{"background-color":"","background-image":"","background-repeat":"repeat","background-position":"center center","background-size":"auto","background-attachment":"scroll","background-type":"","background-media":"","overlay-type":"","overlay-color":"","overlay-opacity":"","overlay-gradient":""}},"ast-content-background-meta":{"desktop":{"background-color":"var(--ast-global-color-5)","background-image":"","background-repeat":"repeat","background-position":"center center","background-size":"auto","background-attachment":"scroll","background-type":"","background-media":"","overlay-type":"","overlay-color":"","overlay-opacity":"","overlay-gradient":""},"tablet":{"background-color":"var(--ast-global-color-5)","background-image":"","background-repeat":"repeat","background-position":"center center","background-size":"auto","background-attachment":"scroll","background-type":"","background-media":"","overlay-type":"","overlay-color":"","overlay-opacity":"","overlay-gradient":""},"mobile":{"background-color":"var(--ast-global-color-5)","background-image":"","background-repeat":"repeat","background-position":"center center","background-size":"auto","background-attachment":"scroll","background-type":"","background-media":"","overlay-type":"","overlay-color":"","overlay-opacity":"","overlay-gradient":""}},"footnotes":""},"class_list":["post-2384","page","type-page","status-publish","hentry"],"post_mailing_queue_ids":[],"_links":{"self":[{"href":"https:\/\/agora.xtec.cat\/escolasantvi\/wp-json\/wp\/v2\/pages\/2384","targetHints":{"allow":["GET"]}}],"collection":[{"href":"https:\/\/agora.xtec.cat\/escolasantvi\/wp-json\/wp\/v2\/pages"}],"about":[{"href":"https:\/\/agora.xtec.cat\/escolasantvi\/wp-json\/wp\/v2\/types\/page"}],"author":[{"embeddable":true,"href":"https:\/\/agora.xtec.cat\/escolasantvi\/wp-json\/wp\/v2\/users\/1"}],"replies":[{"embeddable":true,"href":"https:\/\/agora.xtec.cat\/escolasantvi\/wp-json\/wp\/v2\/comments?post=2384"}],"version-history":[{"count":7,"href":"https:\/\/agora.xtec.cat\/escolasantvi\/wp-json\/wp\/v2\/pages\/2384\/revisions"}],"predecessor-version":[{"id":4496,"href":"https:\/\/agora.xtec.cat\/escolasantvi\/wp-json\/wp\/v2\/pages\/2384\/revisions\/4496"}],"up":[{"embeddable":true,"href":"https:\/\/agora.xtec.cat\/escolasantvi\/wp-json\/wp\/v2\/pages\/22"}],"wp:attachment":[{"href":"https:\/\/agora.xtec.cat\/escolasantvi\/wp-json\/wp\/v2\/media?parent=2384"}],"curies":[{"name":"wp","href":"https:\/\/api.w.org\/{rel}","templated":true}]}}