{"id":22,"date":"2018-01-15T12:19:57","date_gmt":"2018-01-15T11:19:57","guid":{"rendered":"http:\/\/agora.xtec.cat\/escolasantvi\/?page_id=22"},"modified":"2022-07-29T12:25:46","modified_gmt":"2022-07-29T10:25:46","slug":"lescola","status":"publish","type":"page","link":"https:\/\/agora.xtec.cat\/escolasantvi\/lescola\/","title":{"rendered":"L&#8217;ESCOLA"},"content":{"rendered":"<h5>Som una escola p\u00fablica amb una llarga tradici\u00f3 pedag\u00f2gica.<br \/>\nSom escola formadora d\u2019alumnes en pr\u00e0ctiques de la Universitat Aut\u00f2noma de Barcelona.<br \/>\nComptem amb una Aula d\u2019Audici\u00f3 i Llenguatge i una unitat SIEI.<br \/>\nFomentem l\u2019atenci\u00f3 a la diversitat per millorar el rendiment acad\u00e8mic del nostre alumnat i guiar el seu desenvolupament emocional.<\/h5>\n<h5>Centrem bona part dels nostres esfor\u00e7os i recursos en activitats competencials i vivencials en \u00e0rees com la llengua, les matem\u00e0tiques,\u00a0l\u2019angl\u00e8s i l\u2019educaci\u00f3 visual i pl\u00e0stica, estructurant la pr\u00e0ctica docent en tallers, \u00fas de les tecnologies de la informaci\u00f3 i la comunicaci\u00f3, grups redu\u00efts i suports educatius dins l\u2019aula.<\/h5>\n<h5><a href=\"https:\/\/agora.xtec.cat\/escolasantvi\/wp-content\/uploads\/usu1759\/2022\/02\/654F7614-BC35-43C0-8D92-661B03B0343A-scaled.jpeg\"><img loading=\"lazy\" decoding=\"async\" class=\"alignnone wp-image-3445 \" src=\"https:\/\/agora.xtec.cat\/escolasantvi\/wp-content\/uploads\/usu1759\/2022\/02\/654F7614-BC35-43C0-8D92-661B03B0343A-scaled.jpeg\" alt=\"\" width=\"517\" height=\"371\" srcset=\"https:\/\/agora.xtec.cat\/escolasantvi\/wp-content\/uploads\/usu1759\/2022\/02\/654F7614-BC35-43C0-8D92-661B03B0343A-scaled.jpeg 2560w, https:\/\/agora.xtec.cat\/escolasantvi\/wp-content\/uploads\/usu1759\/2022\/02\/654F7614-BC35-43C0-8D92-661B03B0343A-300x215.jpeg 300w, https:\/\/agora.xtec.cat\/escolasantvi\/wp-content\/uploads\/usu1759\/2022\/02\/654F7614-BC35-43C0-8D92-661B03B0343A-1024x735.jpeg 1024w, https:\/\/agora.xtec.cat\/escolasantvi\/wp-content\/uploads\/usu1759\/2022\/02\/654F7614-BC35-43C0-8D92-661B03B0343A-768x552.jpeg 768w, https:\/\/agora.xtec.cat\/escolasantvi\/wp-content\/uploads\/usu1759\/2022\/02\/654F7614-BC35-43C0-8D92-661B03B0343A-1536x1103.jpeg 1536w, https:\/\/agora.xtec.cat\/escolasantvi\/wp-content\/uploads\/usu1759\/2022\/02\/654F7614-BC35-43C0-8D92-661B03B0343A-2048x1471.jpeg 2048w\" sizes=\"auto, (max-width: 517px) 100vw, 517px\" \/><\/a><\/h5>\n<h5>Els nostres valors s\u00f3n: respecte a la diversitat humana i cultural,<br \/>\nvaloraci\u00f3 de l\u2019esfor\u00e7, el comprom\u00eds, la resili\u00e8ncia personal i la<br \/>\nconviv\u00e8ncia democr\u00e0tica. Formem part de la xarxa d\u2019escoles per la Conviv\u00e8ncia.<\/h5>\n<h4><span style=\"color: #800080;\">Algunes activitats que ens defineixen&#8230;<\/span><\/h4>\n<h5>&#8211; Angl\u00e8s des de P4 i desdoblaments per a l\u2019angl\u00e8s oral. M\u00fasica i tallers en angl\u00e8s. Programes d&#8217;intercanvi i aprenentatge E-Twinning amb escoles d&#8217;altres pa\u00efsos.<\/h5>\n<h5>&#8211; Introducci\u00f3 a les eines digitals des de P3. Pissarres digitals interactives a totes les aules. Tablets i port\u00e0tils a totes les aules. Rob\u00f2tica, Scratch Junior, Scratch, Code, Lego We Do, Tinkering and Making.<\/h5>\n<h5>&#8211; Projectes de treball a tots els nivells.<\/h5>\n<h5>&#8211; Tallers STEAM en llengua anglesa. Programa d&#8217;Innovaci\u00f3 Pedag\u00f2gica Steamcat.<br \/>\n&#8211; Grups redu\u00efts d\u2019expressi\u00f3 escrita i matem\u00e0tiques vivencials amb algorismes comprensius.<br \/>\n&#8211; Tallers STEAM a educaci\u00f3 infantil.<\/h5>\n<h5>&#8211; Grups redu\u00efts o dos mestres a l\u2019aula.<br \/>\n&#8211; Apadrinament lector a P5<br \/>\n&#8211; Suport Escolar Personalitzat.<\/h5>\n<h5>&#8211; 3 o 4 Sortides escolars a tots els nivells educatius durant el curs escolar<br \/>\n&#8211; Col\u00f2nies al final de cada cicle d\u2019Educaci\u00f3 Prim\u00e0ria.<\/h5>\n<h5 style=\"text-decoration: underline;\"><a href=\"https:\/\/agora.xtec.cat\/escolasantvi\/wp-content\/uploads\/usu1759\/2022\/02\/Pau-fotopetita.jpg\"><img loading=\"lazy\" decoding=\"async\" class=\"aligncenter size-full wp-image-3400\" src=\"https:\/\/agora.xtec.cat\/escolasantvi\/wp-content\/uploads\/usu1759\/2022\/02\/Pau-fotopetita.jpg\" alt=\"\" width=\"1884\" height=\"730\" srcset=\"https:\/\/agora.xtec.cat\/escolasantvi\/wp-content\/uploads\/usu1759\/2022\/02\/Pau-fotopetita.jpg 1884w, https:\/\/agora.xtec.cat\/escolasantvi\/wp-content\/uploads\/usu1759\/2022\/02\/Pau-fotopetita-300x116.jpg 300w, https:\/\/agora.xtec.cat\/escolasantvi\/wp-content\/uploads\/usu1759\/2022\/02\/Pau-fotopetita-1024x397.jpg 1024w, https:\/\/agora.xtec.cat\/escolasantvi\/wp-content\/uploads\/usu1759\/2022\/02\/Pau-fotopetita-768x298.jpg 768w, https:\/\/agora.xtec.cat\/escolasantvi\/wp-content\/uploads\/usu1759\/2022\/02\/Pau-fotopetita-1536x595.jpg 1536w\" sizes=\"auto, (max-width: 1884px) 100vw, 1884px\" \/><\/a><\/h5>\n<h5><strong>Altres:<br \/>\n<\/strong><\/h5>\n<h5>&#8211; Consell d\u2019Alumnes, revista anual, p\u00e0gina web i aules virtuals Google Classroom.<br \/>\n&#8211; 7500 m2 de pati amb dues pistes esportives, molts arbres i dos horts.<\/h5>\n<h5>&#8211; Projecte A-Prenem el Sol (plaques solars fotovoltaiques).<br \/>\n&#8211; Acollida matinal i tarda: de 7.30 a 9 i de 16.30 a 18 hores.<br \/>\n&#8211; Servei de menjador amb cuina pr\u00f2pia al centre.<br \/>\n&#8211; Activitats extraescolars: angl\u00e8s a tots els nivells, pr\u00e0ctica esportiva, dansa, patinatge, rob\u00f2tica, science, nataci\u00f3 i futbol-sala.<br \/>\n&#8211; Sistema cooperatiu de socialitzaci\u00f3 de materials, llibres i excursions.<br \/>\n&#8211; Participaci\u00f3 de les fam\u00edlies: AMPA i representants d\u2019aula I comissions.<\/h5>\n<p>&nbsp;<\/p>\n","protected":false},"excerpt":{"rendered":"<p>Som una escola p\u00fablica amb una llarga tradici\u00f3 pedag\u00f2gica. Som escola formadora d\u2019alumnes en pr\u00e0ctiques de la Universitat Aut\u00f2noma de [&hellip;]<\/p>\n","protected":false},"author":1,"featured_media":0,"parent":0,"menu_order":0,"comment_status":"closed","ping_status":"closed","template":"page-templates\/side-menu.php","meta":{"_bbp_topic_count":0,"_bbp_reply_count":0,"_bbp_total_topic_count":0,"_bbp_total_reply_count":0,"_bbp_voice_count":0,"_bbp_anonymous_reply_count":0,"_bbp_topic_count_hidden":0,"_bbp_reply_count_hidden":0,"_bbp_forum_subforum_count":0,"site-sidebar-layout":"default","site-content-layout":"","ast-site-content-layout":"","site-content-style":"default","site-sidebar-style":"default","ast-global-header-display":"","ast-banner-title-visibility":"","ast-main-header-display":"","ast-hfb-above-header-display":"","ast-hfb-below-header-display":"","ast-hfb-mobile-header-display":"","site-post-title":"","ast-breadcrumbs-content":"","ast-featured-img":"","footer-sml-layout":"","theme-transparent-header-meta":"","adv-header-id-meta":"","stick-header-meta":"","header-above-stick-meta":"","header-main-stick-meta":"","header-below-stick-meta":"","astra-migrate-meta-layouts":"default","ast-page-background-enabled":"default","ast-page-background-meta":{"desktop":{"background-color":"var(--ast-global-color-4)","background-image":"","background-repeat":"repeat","background-position":"center center","background-size":"auto","background-attachment":"scroll","background-type":"","background-media":"","overlay-type":"","overlay-color":"","overlay-opacity":"","overlay-gradient":""},"tablet":{"background-color":"","background-image":"","background-repeat":"repeat","background-position":"center center","background-size":"auto","background-attachment":"scroll","background-type":"","background-media":"","overlay-type":"","overlay-color":"","overlay-opacity":"","overlay-gradient":""},"mobile":{"background-color":"","background-image":"","background-repeat":"repeat","background-position":"center center","background-size":"auto","background-attachment":"scroll","background-type":"","background-media":"","overlay-type":"","overlay-color":"","overlay-opacity":"","overlay-gradient":""}},"ast-content-background-meta":{"desktop":{"background-color":"var(--ast-global-color-5)","background-image":"","background-repeat":"repeat","background-position":"center center","background-size":"auto","background-attachment":"scroll","background-type":"","background-media":"","overlay-type":"","overlay-color":"","overlay-opacity":"","overlay-gradient":""},"tablet":{"background-color":"var(--ast-global-color-5)","background-image":"","background-repeat":"repeat","background-position":"center center","background-size":"auto","background-attachment":"scroll","background-type":"","background-media":"","overlay-type":"","overlay-color":"","overlay-opacity":"","overlay-gradient":""},"mobile":{"background-color":"var(--ast-global-color-5)","background-image":"","background-repeat":"repeat","background-position":"center center","background-size":"auto","background-attachment":"scroll","background-type":"","background-media":"","overlay-type":"","overlay-color":"","overlay-opacity":"","overlay-gradient":""}},"footnotes":""},"class_list":["post-22","page","type-page","status-publish","hentry"],"post_mailing_queue_ids":[],"_links":{"self":[{"href":"https:\/\/agora.xtec.cat\/escolasantvi\/wp-json\/wp\/v2\/pages\/22","targetHints":{"allow":["GET"]}}],"collection":[{"href":"https:\/\/agora.xtec.cat\/escolasantvi\/wp-json\/wp\/v2\/pages"}],"about":[{"href":"https:\/\/agora.xtec.cat\/escolasantvi\/wp-json\/wp\/v2\/types\/page"}],"author":[{"embeddable":true,"href":"https:\/\/agora.xtec.cat\/escolasantvi\/wp-json\/wp\/v2\/users\/1"}],"replies":[{"embeddable":true,"href":"https:\/\/agora.xtec.cat\/escolasantvi\/wp-json\/wp\/v2\/comments?post=22"}],"version-history":[{"count":3,"href":"https:\/\/agora.xtec.cat\/escolasantvi\/wp-json\/wp\/v2\/pages\/22\/revisions"}],"predecessor-version":[{"id":4067,"href":"https:\/\/agora.xtec.cat\/escolasantvi\/wp-json\/wp\/v2\/pages\/22\/revisions\/4067"}],"wp:attachment":[{"href":"https:\/\/agora.xtec.cat\/escolasantvi\/wp-json\/wp\/v2\/media?parent=22"}],"curies":[{"name":"wp","href":"https:\/\/api.w.org\/{rel}","templated":true}]}}