{"id":608,"date":"2018-01-12T12:32:30","date_gmt":"2018-01-12T11:32:30","guid":{"rendered":"http:\/\/agora.xtec.cat\/escolasantsebastia\/?page_id=608"},"modified":"2018-01-12T12:32:30","modified_gmt":"2018-01-12T11:32:30","slug":"biblioteca-digital","status":"publish","type":"page","link":"https:\/\/agora.xtec.cat\/escolasantsebastia\/projectes-dinnovacio\/biblioteca-escolar-puntedu\/biblioteca-digital\/","title":{"rendered":"Biblioteca Digital"},"content":{"rendered":"<p style=\"text-align: justify;\">Aquest biblioteca cont\u00e9 una selecci\u00f3 acurada de recursos digitals de car\u00e0cter informatiu adre\u00e7at als\/les alumnes\/as de la nostra escola i al seu professorat amb la finalitat de facilitar-los la cerca d\u2019informaci\u00f3 en el treball curricular.<\/p>\n<p style=\"text-align: justify;\">Aquesta iniciativa neix de la detecci\u00f3 de la dificultat que tenen els alumnes a l\u2019hora de localitzar i consultar recursos informatius en l\u00ednia. En aquest sentit volem satisfer aquesta necessitat i facilitar aquesta recerca, si m\u00e9s no, orientar-la perqu\u00e8 sigui el punt de partida de les seves investigacions.<\/p>\n<p>Enlla\u00e7 a la imatge.<\/p>\n<p>&nbsp;<\/p>\n<p><a href=\"http:\/\/bibliotecadigitalescolasantsebastia.blogspot.com.es\/\" target=\"_blank\" rel=\"noopener noreferrer\"><img loading=\"lazy\" decoding=\"async\" class=\"alignnone size-full wp-image-610\" src=\"http:\/\/agora.xtec.cat\/escolasantsebastia\/wp-content\/uploads\/usu701\/2018\/01\/Biblioteca-digital-ok.jpg\" alt=\"\" width=\"400\" height=\"400\" srcset=\"https:\/\/agora.xtec.cat\/escolasantsebastia\/wp-content\/uploads\/usu701\/2018\/01\/Biblioteca-digital-ok.jpg 400w, https:\/\/agora.xtec.cat\/escolasantsebastia\/wp-content\/uploads\/usu701\/2018\/01\/Biblioteca-digital-ok-150x150.jpg 150w, https:\/\/agora.xtec.cat\/escolasantsebastia\/wp-content\/uploads\/usu701\/2018\/01\/Biblioteca-digital-ok-300x300.jpg 300w\" sizes=\"auto, (max-width: 400px) 100vw, 400px\" \/><\/a><\/p>\n","protected":false},"excerpt":{"rendered":"<p>Aquest biblioteca cont\u00e9 una selecci\u00f3 acurada de recursos digitals de car\u00e0cter informatiu adre\u00e7at als\/les alumnes\/as de la nostra escola i al seu professorat amb la finalitat de facilitar-los la cerca d\u2019informaci\u00f3 en el treball curricular. Aquesta iniciativa neix de la detecci\u00f3 de la dificultat que tenen els alumnes a l\u2019hora de localitzar i consultar recursos [&hellip;]<\/p>\n","protected":false},"author":1,"featured_media":0,"parent":508,"menu_order":0,"comment_status":"closed","ping_status":"closed","template":"page-templates\/side-menu.php","meta":{"site-sidebar-layout":"default","site-content-layout":"","ast-site-content-layout":"","site-content-style":"default","site-sidebar-style":"default","ast-global-header-display":"","ast-banner-title-visibility":"","ast-main-header-display":"","ast-hfb-above-header-display":"","ast-hfb-below-header-display":"","ast-hfb-mobile-header-display":"","site-post-title":"","ast-breadcrumbs-content":"","ast-featured-img":"","footer-sml-layout":"","theme-transparent-header-meta":"","adv-header-id-meta":"","stick-header-meta":"","header-above-stick-meta":"","header-main-stick-meta":"","header-below-stick-meta":"","astra-migrate-meta-layouts":"default","ast-page-background-enabled":"default","ast-page-background-meta":{"desktop":{"background-color":"var(--ast-global-color-4)","background-image":"","background-repeat":"repeat","background-position":"center center","background-size":"auto","background-attachment":"scroll","background-type":"","background-media":"","overlay-type":"","overlay-color":"","overlay-opacity":"","overlay-gradient":""},"tablet":{"background-color":"","background-image":"","background-repeat":"repeat","background-position":"center center","background-size":"auto","background-attachment":"scroll","background-type":"","background-media":"","overlay-type":"","overlay-color":"","overlay-opacity":"","overlay-gradient":""},"mobile":{"background-color":"","background-image":"","background-repeat":"repeat","background-position":"center center","background-size":"auto","background-attachment":"scroll","background-type":"","background-media":"","overlay-type":"","overlay-color":"","overlay-opacity":"","overlay-gradient":""}},"ast-content-background-meta":{"desktop":{"background-color":"var(--ast-global-color-5)","background-image":"","background-repeat":"repeat","background-position":"center center","background-size":"auto","background-attachment":"scroll","background-type":"","background-media":"","overlay-type":"","overlay-color":"","overlay-opacity":"","overlay-gradient":""},"tablet":{"background-color":"var(--ast-global-color-5)","background-image":"","background-repeat":"repeat","background-position":"center center","background-size":"auto","background-attachment":"scroll","background-type":"","background-media":"","overlay-type":"","overlay-color":"","overlay-opacity":"","overlay-gradient":""},"mobile":{"background-color":"var(--ast-global-color-5)","background-image":"","background-repeat":"repeat","background-position":"center center","background-size":"auto","background-attachment":"scroll","background-type":"","background-media":"","overlay-type":"","overlay-color":"","overlay-opacity":"","overlay-gradient":""}},"footnotes":""},"class_list":["post-608","page","type-page","status-publish","hentry"],"post_mailing_queue_ids":[],"_links":{"self":[{"href":"https:\/\/agora.xtec.cat\/escolasantsebastia\/wp-json\/wp\/v2\/pages\/608","targetHints":{"allow":["GET"]}}],"collection":[{"href":"https:\/\/agora.xtec.cat\/escolasantsebastia\/wp-json\/wp\/v2\/pages"}],"about":[{"href":"https:\/\/agora.xtec.cat\/escolasantsebastia\/wp-json\/wp\/v2\/types\/page"}],"author":[{"embeddable":true,"href":"https:\/\/agora.xtec.cat\/escolasantsebastia\/wp-json\/wp\/v2\/users\/1"}],"replies":[{"embeddable":true,"href":"https:\/\/agora.xtec.cat\/escolasantsebastia\/wp-json\/wp\/v2\/comments?post=608"}],"version-history":[{"count":1,"href":"https:\/\/agora.xtec.cat\/escolasantsebastia\/wp-json\/wp\/v2\/pages\/608\/revisions"}],"predecessor-version":[{"id":611,"href":"https:\/\/agora.xtec.cat\/escolasantsebastia\/wp-json\/wp\/v2\/pages\/608\/revisions\/611"}],"up":[{"embeddable":true,"href":"https:\/\/agora.xtec.cat\/escolasantsebastia\/wp-json\/wp\/v2\/pages\/508"}],"wp:attachment":[{"href":"https:\/\/agora.xtec.cat\/escolasantsebastia\/wp-json\/wp\/v2\/media?parent=608"}],"curies":[{"name":"wp","href":"https:\/\/api.w.org\/{rel}","templated":true}]}}