{"id":492,"date":"2017-12-18T15:38:58","date_gmt":"2017-12-18T14:38:58","guid":{"rendered":"http:\/\/agora.xtec.cat\/escolasantsebastia\/?page_id=492"},"modified":"2025-11-20T10:36:07","modified_gmt":"2025-11-20T09:36:07","slug":"carta-de-compromis-educatiu","status":"publish","type":"page","link":"https:\/\/agora.xtec.cat\/escolasantsebastia\/carta-de-compromis-educatiu\/","title":{"rendered":"Carta de comprom\u00eds educatiu"},"content":{"rendered":"<h5><strong>CARTA DE COMPROM\u00cdS EDUCATIU<\/strong><\/h5>\n<p><strong><em>Compromisos per part del centre:<\/em><\/strong><\/p>\n<ol>\n<li><em>Facilitar\u00a0 al nostre alumnat una formaci\u00f3 de qualitat que contribueixi al desenvolupament integral de la seva personalitat com a persones i com a ciutadans i ciutadanes i crear a l\u2019escola un clima de conviv\u00e8ncia que faciliti el sentiment de pertinen\u00e7a a la comunitat educativa i d\u2019identificaci\u00f3 amb el centre.<\/em><\/li>\n<li><em>Vetllar per fer efectius els drets de l\u2019alumna o alumne en l\u2019\u00e0mbit escolar.<\/em><\/li>\n<li><em>Respectar les conviccions religioses, morals i ideol\u00f2giques de la fam\u00edlia i del nostre alumne\/a,en el marc dels principis i valors educatius establerts en les lleis.<\/em><\/li>\n<li><em>Informar a la fam\u00edlia sobre el projecte educatiu del centre i sobre les seves normes espec\u00edfiques de funcionament.<\/em><\/li>\n<li><em>Informar al nostre alumnat sobre els criteris que s\u2019aplicaran per a l\u2019avaluaci\u00f3 del seu rendiment acad\u00e8mic, fer-ne una valoraci\u00f3 objectiva i, quan calgui, facilitar a la fam\u00edlia aclariments respecte als resultats de les avaluacions. <\/em><\/li>\n<li><em>Adoptar les mesures educatives alternatives o complement\u00e0ries que convinguin per atendre les necessitats espec\u00edfiques de cada alumne\/a i mantenir-ne informada a la fam\u00edlia.<\/em><\/li>\n<li><em>Mantenir una comunicaci\u00f3 regular amb la fam\u00edlia per informar-la de l\u2019evoluci\u00f3 acad\u00e8mica i personal del nostre alumne\/a.<\/em><\/li>\n<li>Comunicar a la fam\u00edlia les abs\u00e8ncies de l\u2019alumne\/a i informar de qualsevol altra<br \/>\ncircumst\u00e0ncia rellevant per al seu desenvolupament acad\u00e8mic i personal.<\/li>\n<li><em>Atendre les peticions d\u2019entrevista i de comunicaci\u00f3 que formuli la fam\u00edlia dins l\u2019horari del centre, en un termini raonable tenint en compte la disponibilitat dels professionals del centre, tot facilitant en la mesura del possible la conciliaci\u00f3 dels horaris laborals de la fam\u00edlia i el centre.<\/em><\/li>\n<li><em>\u00a0Vetllar pel compliment d\u2019aquest contracte. <\/em><\/li>\n<li><em>El consell Escolar del centre revisar\u00e0 aquest document quan es consideri oport\u00fa.<\/em><\/li>\n<\/ol>\n<p><strong><em>Compromisos per part de la fam\u00edlia:<\/em><\/strong><\/p>\n<ol>\n<li><em>Respectar el car\u00e0cter propi del centre definit en el Projecte Educatiu, estimular que el nostre fill\/a se senti part integrant del centre i, per tant, co responsable del seu funcionament, sempre reconeixent l\u2019autoritat del professorat i, m\u00e9s espec\u00edficament, la de l\u2019equip directiu.<\/em><\/li>\n<li>Recon\u00e8ixer l\u2019autoritat del professorat i de l\u2019equip directiu, mantenint, tant a casa com al centre, un ambient de respecte cap al personal docent i educatiu.<\/li>\n<li>Compartir amb el centre l\u2019educaci\u00f3 del nostre fill\/a, i desenvolupar i afavorir les<br \/>\ncomplicitats i col\u00b7laboracions necess\u00e0ries per aplicar el Projecte Educatiu del centre.<\/li>\n<li>Con\u00e8ixer les normes de funcionament del centre i instar el nostre fill\/a a respectar-les, especialment aquelles que afecten la conviv\u00e8ncia escolar i el desenvolupament normal de les classes.<\/li>\n<li>Vetllar perqu\u00e8 compleixi el seu deure b\u00e0sic d\u2019estudi i d\u2019assist\u00e8ncia regular i puntual a les activitats acad\u00e8miques. Transmetre-li els valors de l\u2019esfor\u00e7 i de la responsabilitat com a mitjans per a l\u2019adquisici\u00f3 del coneixement i el desenvolupament personal.<\/li>\n<li>Ajudar el nostre fill\/a a organitzar-se el temps d\u2019estudi a casa. Vetllar perqu\u00e8 realitzi les tasques encomanades pel professorat i tingui a punt el material necessari per a l\u2019activitat escolar.<\/li>\n<li>Adoptar criteris i mesures que afavoreixin el seu rendiment escolar.<\/li>\n<li>Adre\u00e7ar-nos directament al centre per contrastar discrep\u00e0ncies, coincid\u00e8ncies o<br \/>\nsuggeriments en relaci\u00f3 amb l\u2019aplicaci\u00f3 del Projecte Educatiu en la formaci\u00f3 del nostre fill\/a.<\/li>\n<li>Facilitar al centre les informacions rellevants per al seu proc\u00e9s d\u2019aprenentatge.<\/li>\n<li>Atendre, en un termini raonable, les peticions d\u2019entrevista o comunicaci\u00f3 que formuli el centre.<\/li>\n<li>Vetllar pel bon \u00fas i manteniment de l\u2019ordinador port\u00e0til cedit pel centre en el marc del Pla d\u2019Educaci\u00f3 Digital de Catalunya, i comprometre\u2019ns a retornar-lo en bon estat en el termini indicat, o fer-nos-en c\u00e0rrec de la reparaci\u00f3 o substituci\u00f3, seguint les indicacions que es donin.<\/li>\n<li>Informar el nostre fill\/a sobre el contingut d\u2019aquest comprom\u00eds.<\/li>\n<\/ol>\n","protected":false},"excerpt":{"rendered":"<p>CARTA DE COMPROM\u00cdS EDUCATIU Compromisos per part del centre: Facilitar\u00a0 al nostre alumnat una formaci\u00f3 de qualitat que contribueixi al desenvolupament integral de la seva personalitat com a persones i com a ciutadans i ciutadanes i crear a l\u2019escola un clima de conviv\u00e8ncia que faciliti el sentiment de pertinen\u00e7a a la comunitat educativa i d\u2019identificaci\u00f3 [&hellip;]<\/p>\n","protected":false},"author":1,"featured_media":0,"parent":0,"menu_order":0,"comment_status":"closed","ping_status":"closed","template":"","meta":{"site-sidebar-layout":"default","site-content-layout":"","ast-site-content-layout":"default","site-content-style":"default","site-sidebar-style":"default","ast-global-header-display":"","ast-banner-title-visibility":"","ast-main-header-display":"","ast-hfb-above-header-display":"","ast-hfb-below-header-display":"","ast-hfb-mobile-header-display":"","site-post-title":"","ast-breadcrumbs-content":"","ast-featured-img":"","footer-sml-layout":"","theme-transparent-header-meta":"","adv-header-id-meta":"","stick-header-meta":"","header-above-stick-meta":"","header-main-stick-meta":"","header-below-stick-meta":"","astra-migrate-meta-layouts":"set","ast-page-background-enabled":"default","ast-page-background-meta":{"desktop":{"background-color":"var(--ast-global-color-4)","background-image":"","background-repeat":"repeat","background-position":"center center","background-size":"auto","background-attachment":"scroll","background-type":"","background-media":"","overlay-type":"","overlay-color":"","overlay-opacity":"","overlay-gradient":""},"tablet":{"background-color":"","background-image":"","background-repeat":"repeat","background-position":"center center","background-size":"auto","background-attachment":"scroll","background-type":"","background-media":"","overlay-type":"","overlay-color":"","overlay-opacity":"","overlay-gradient":""},"mobile":{"background-color":"","background-image":"","background-repeat":"repeat","background-position":"center center","background-size":"auto","background-attachment":"scroll","background-type":"","background-media":"","overlay-type":"","overlay-color":"","overlay-opacity":"","overlay-gradient":""}},"ast-content-background-meta":{"desktop":{"background-color":"var(--ast-global-color-5)","background-image":"","background-repeat":"repeat","background-position":"center center","background-size":"auto","background-attachment":"scroll","background-type":"","background-media":"","overlay-type":"","overlay-color":"","overlay-opacity":"","overlay-gradient":""},"tablet":{"background-color":"var(--ast-global-color-5)","background-image":"","background-repeat":"repeat","background-position":"center center","background-size":"auto","background-attachment":"scroll","background-type":"","background-media":"","overlay-type":"","overlay-color":"","overlay-opacity":"","overlay-gradient":""},"mobile":{"background-color":"var(--ast-global-color-5)","background-image":"","background-repeat":"repeat","background-position":"center center","background-size":"auto","background-attachment":"scroll","background-type":"","background-media":"","overlay-type":"","overlay-color":"","overlay-opacity":"","overlay-gradient":""}},"footnotes":""},"class_list":["post-492","page","type-page","status-publish","hentry"],"post_mailing_queue_ids":[],"_links":{"self":[{"href":"https:\/\/agora.xtec.cat\/escolasantsebastia\/wp-json\/wp\/v2\/pages\/492","targetHints":{"allow":["GET"]}}],"collection":[{"href":"https:\/\/agora.xtec.cat\/escolasantsebastia\/wp-json\/wp\/v2\/pages"}],"about":[{"href":"https:\/\/agora.xtec.cat\/escolasantsebastia\/wp-json\/wp\/v2\/types\/page"}],"author":[{"embeddable":true,"href":"https:\/\/agora.xtec.cat\/escolasantsebastia\/wp-json\/wp\/v2\/users\/1"}],"replies":[{"embeddable":true,"href":"https:\/\/agora.xtec.cat\/escolasantsebastia\/wp-json\/wp\/v2\/comments?post=492"}],"version-history":[{"count":3,"href":"https:\/\/agora.xtec.cat\/escolasantsebastia\/wp-json\/wp\/v2\/pages\/492\/revisions"}],"predecessor-version":[{"id":2710,"href":"https:\/\/agora.xtec.cat\/escolasantsebastia\/wp-json\/wp\/v2\/pages\/492\/revisions\/2710"}],"wp:attachment":[{"href":"https:\/\/agora.xtec.cat\/escolasantsebastia\/wp-json\/wp\/v2\/media?parent=492"}],"curies":[{"name":"wp","href":"https:\/\/api.w.org\/{rel}","templated":true}]}}