{"id":36,"date":"2014-09-18T12:33:11","date_gmt":"2014-09-18T11:33:11","guid":{"rendered":"http:\/\/agora.xtec.cat\/escolasantsebastia\/?page_id=36"},"modified":"2018-11-29T12:16:41","modified_gmt":"2018-11-29T11:16:41","slug":"caracteristiques-centre","status":"publish","type":"page","link":"https:\/\/agora.xtec.cat\/escolasantsebastia\/lescola\/caracteristiques-centre\/","title":{"rendered":"Caracter\u00edstiques del centre"},"content":{"rendered":"<h5><strong>Trets d\u2019identitat del nostre centre.<\/strong><\/h5>\n<p style=\"text-align: justify;\">Som una escola on eduquem en la conviv\u00e8ncia, la coeducaci\u00f3, la toler\u00e0ncia, el respecte a les difer\u00e8ncies, la llibertat d\u2019expressi\u00f3, l\u2019esperit cr\u00edtic i el raonament. Formem als\/les alumnes dins d\u2019un marc democr\u00e0tic, solidari, de di\u00e0leg i participaci\u00f3.<\/p>\n<p style=\"text-align: justify;\">Fomentem el treball cooperatiu i la col\u00b7laboraci\u00f3 entre alumnes de diferents cursos.<\/p>\n<p style=\"text-align: justify;\">Valorem \u00a0la cultura de l\u2019esfor\u00e7, l\u2019autosuperaci\u00f3 i l\u2019autoestima.<\/p>\n<p style=\"text-align: justify;\">Fomentem el h\u00e0bits saludables i la educaci\u00f3 integral dels nostres alumnes, basada en el benestar f\u00edsic i emocional.<\/p>\n<p style=\"text-align: justify;\">Entenem l\u2019atenci\u00f3 a la diversitat com a necess\u00e0ria per potenciar al m\u00e0xim el desenvolupament integral de cada alumne\/a.<\/p>\n<p style=\"text-align: justify;\">Valorem el respecte a l\u2019entorn i al medi ambient, fomentant h\u00e0bits personals i col\u00b7lectius que comportin un estalvi de recursos i una protecci\u00f3 mediambiental.<\/p>\n<p style=\"text-align: justify;\">Som coneixedores de la import\u00e0ncia de la participaci\u00f3 de les fam\u00edlies en el proc\u00e9s educatiu i la col\u00b7laboraci\u00f3 amb l\u2019escola. Demanem coresponsabilitat amb les fam\u00edlies aix\u00ed com la necess\u00e0ria implicaci\u00f3 de tot el professorat.<\/p>\n<p style=\"text-align: justify;\">Fomentem la participaci\u00f3 i cooperaci\u00f3 de tota la comunitat educativa.<\/p>\n<p style=\"text-align: justify;\">Dintre d\u2019un marc pluriling\u00fce, mantenim el comprom\u00eds amb la llengua i cultura catalanes com a elements de cohesi\u00f3 social i cultural.<\/p>\n","protected":false},"excerpt":{"rendered":"<p>Trets d\u2019identitat del nostre centre. Som una escola on eduquem en la conviv\u00e8ncia, la coeducaci\u00f3, la toler\u00e0ncia, el respecte a les difer\u00e8ncies, la llibertat d\u2019expressi\u00f3, l\u2019esperit cr\u00edtic i el raonament. Formem als\/les alumnes dins d\u2019un marc democr\u00e0tic, solidari, de di\u00e0leg i participaci\u00f3. Fomentem el treball cooperatiu i la col\u00b7laboraci\u00f3 entre alumnes de diferents cursos. Valorem [&hellip;]<\/p>\n","protected":false},"author":1,"featured_media":0,"parent":22,"menu_order":4,"comment_status":"closed","ping_status":"closed","template":"page-templates\/side-menu.php","meta":{"site-sidebar-layout":"default","site-content-layout":"","ast-site-content-layout":"","site-content-style":"default","site-sidebar-style":"default","ast-global-header-display":"","ast-banner-title-visibility":"","ast-main-header-display":"","ast-hfb-above-header-display":"","ast-hfb-below-header-display":"","ast-hfb-mobile-header-display":"","site-post-title":"","ast-breadcrumbs-content":"","ast-featured-img":"","footer-sml-layout":"","theme-transparent-header-meta":"","adv-header-id-meta":"","stick-header-meta":"","header-above-stick-meta":"","header-main-stick-meta":"","header-below-stick-meta":"","astra-migrate-meta-layouts":"default","ast-page-background-enabled":"default","ast-page-background-meta":{"desktop":{"background-color":"var(--ast-global-color-4)","background-image":"","background-repeat":"repeat","background-position":"center center","background-size":"auto","background-attachment":"scroll","background-type":"","background-media":"","overlay-type":"","overlay-color":"","overlay-opacity":"","overlay-gradient":""},"tablet":{"background-color":"","background-image":"","background-repeat":"repeat","background-position":"center center","background-size":"auto","background-attachment":"scroll","background-type":"","background-media":"","overlay-type":"","overlay-color":"","overlay-opacity":"","overlay-gradient":""},"mobile":{"background-color":"","background-image":"","background-repeat":"repeat","background-position":"center center","background-size":"auto","background-attachment":"scroll","background-type":"","background-media":"","overlay-type":"","overlay-color":"","overlay-opacity":"","overlay-gradient":""}},"ast-content-background-meta":{"desktop":{"background-color":"var(--ast-global-color-5)","background-image":"","background-repeat":"repeat","background-position":"center center","background-size":"auto","background-attachment":"scroll","background-type":"","background-media":"","overlay-type":"","overlay-color":"","overlay-opacity":"","overlay-gradient":""},"tablet":{"background-color":"var(--ast-global-color-5)","background-image":"","background-repeat":"repeat","background-position":"center center","background-size":"auto","background-attachment":"scroll","background-type":"","background-media":"","overlay-type":"","overlay-color":"","overlay-opacity":"","overlay-gradient":""},"mobile":{"background-color":"var(--ast-global-color-5)","background-image":"","background-repeat":"repeat","background-position":"center center","background-size":"auto","background-attachment":"scroll","background-type":"","background-media":"","overlay-type":"","overlay-color":"","overlay-opacity":"","overlay-gradient":""}},"footnotes":""},"class_list":["post-36","page","type-page","status-publish","hentry"],"post_mailing_queue_ids":[],"_links":{"self":[{"href":"https:\/\/agora.xtec.cat\/escolasantsebastia\/wp-json\/wp\/v2\/pages\/36","targetHints":{"allow":["GET"]}}],"collection":[{"href":"https:\/\/agora.xtec.cat\/escolasantsebastia\/wp-json\/wp\/v2\/pages"}],"about":[{"href":"https:\/\/agora.xtec.cat\/escolasantsebastia\/wp-json\/wp\/v2\/types\/page"}],"author":[{"embeddable":true,"href":"https:\/\/agora.xtec.cat\/escolasantsebastia\/wp-json\/wp\/v2\/users\/1"}],"replies":[{"embeddable":true,"href":"https:\/\/agora.xtec.cat\/escolasantsebastia\/wp-json\/wp\/v2\/comments?post=36"}],"version-history":[{"count":3,"href":"https:\/\/agora.xtec.cat\/escolasantsebastia\/wp-json\/wp\/v2\/pages\/36\/revisions"}],"predecessor-version":[{"id":473,"href":"https:\/\/agora.xtec.cat\/escolasantsebastia\/wp-json\/wp\/v2\/pages\/36\/revisions\/473"}],"up":[{"embeddable":true,"href":"https:\/\/agora.xtec.cat\/escolasantsebastia\/wp-json\/wp\/v2\/pages\/22"}],"wp:attachment":[{"href":"https:\/\/agora.xtec.cat\/escolasantsebastia\/wp-json\/wp\/v2\/media?parent=36"}],"curies":[{"name":"wp","href":"https:\/\/api.w.org\/{rel}","templated":true}]}}