{"id":28,"date":"2014-09-18T12:29:35","date_gmt":"2014-09-18T10:29:35","guid":{"rendered":"http:\/\/agora.xtec.cat\/escolasantsebastia\/?page_id=28"},"modified":"2026-03-16T21:34:17","modified_gmt":"2026-03-16T20:34:17","slug":"organitzacio-del-centre","status":"publish","type":"page","link":"https:\/\/agora.xtec.cat\/escolasantsebastia\/lescola\/organitzacio-del-centre\/","title":{"rendered":"Organitzaci\u00f3 del centre"},"content":{"rendered":"<h4><span style=\"text-decoration: underline;\"><em><strong>Equip Directiu<\/strong><\/em><\/span><\/h4>\n<p><strong>Directora:<\/strong> Imma Llopis Margalef<\/p>\n<p><strong>Cap d\u2019estudis:<\/strong> N\u00faria Blanco Sans<\/p>\n<p><strong>Secret\u00e0ria: <\/strong>Elena Gonz\u00e1lez Bag\u00e9s<\/p>\n<h4><span style=\"text-decoration: underline;\"><em><strong>Coordinaci\u00f3<\/strong><\/em><\/span><\/h4>\n<p><strong>Coordinadora comunitat de petits:<\/strong> Mireia Carbonell<\/p>\n<p><strong>Coordinadors de cicle d\u2019educaci\u00f3 prim\u00e0ria: <\/strong><\/p>\n<ul>\n<li><strong>Comunitat de mitjans:<\/strong> Cl\u00e0udia Mart\u00ed<\/li>\n<li><strong>Comunitat de grans: <\/strong>Gemma Benito<\/li>\n<\/ul>\n<p><strong>Coordinadora Biblioteca\/LIC<\/strong>: Laura Ramos<\/p>\n<p><strong>Coordinadora Pla lector:<\/strong> Carmen Ferreira<\/p>\n<p><strong>Coordinador de Riscos laborals: <\/strong>Sonia Tortosa<\/p>\n<p><strong>Coordinadora Digital:<\/strong> N\u00faria Torres<\/p>\n<p><strong>Coordinador Escola Verda:<\/strong> Artur Gest\u00ed<\/p>\n<p><strong>Coordinadora conviv\u00e8ncia: <\/strong>Anna Rubio<\/p>\n<h4><span style=\"text-decoration: underline;\"><strong><em>Consell Escolar<\/em><\/strong><\/span><\/h4>\n<p><strong>El Consell Escolar <\/strong>\u00e9s un \u00f2rgan col\u00b7legiat de participaci\u00f3 en el control i la gesti\u00f3 de les activitats educatives i del conjunt dels aspectes educatius del centre. Est\u00e0 format per 18 membres: sis mestres, sis representants de pares i mares, un representant del PAS, un representant PAE, un representant de l\u2019ajuntament i l\u2019equip directiu. Es reuneix generalment un cop al trimestre.<\/p>\n<p><strong>Composici\u00f3 (Estem en proc\u00e9s d&#8217;eleccions al consell escolar)<\/strong><\/p>\n<ul style=\"list-style-type: circle;\">\n<li>Directora\/presidenta: Imma Llopis Margalef<\/li>\n<\/ul>\n<ul style=\"list-style-type: circle;\">\n<li>Secret\u00e0ria: Elena Gonz\u00e1lez Barg\u00e9<\/li>\n<\/ul>\n<ul style=\"list-style-type: circle;\">\n<li>Cap d&#8217;estudis: N\u00faria Blanco Sans<\/li>\n<\/ul>\n<table style=\"height: 41px; border-color: #000000; width: 744px;\">\n<tbody>\n<tr style=\"height: 183px;\">\n<td style=\"width: 368px; height: 183px;\"><strong>SECTOR PARES\/MARES:<\/strong><\/p>\n<ul style=\"list-style-type: circle;\">\n<li>Silvia Blanco<\/li>\n<li>Esther de Mingo<\/li>\n<li>Irene Vorzillo<\/li>\n<li>Silvia Gonz\u00e1lez<\/li>\n<li>Elisabeth Segura<\/li>\n<li>Nacho Giralt<\/li>\n<\/ul>\n<\/td>\n<td style=\"width: 368px; height: 183px;\"><strong>SECTOR MESTRES<\/strong>:<\/p>\n<ul style=\"list-style-type: circle;\">\n<li>Ma. Teresa Rovira<\/li>\n<li>Cl\u00e0udia Mart\u00ed<\/li>\n<li>Gema Olivares<\/li>\n<li>Sandra Jim\u00e9nez<\/li>\n<li>Gemma Benito<\/li>\n<li>Sonia Tortosa<\/li>\n<\/ul>\n<\/td>\n<\/tr>\n<tr style=\"height: 95px;\">\n<td style=\"width: 368px; height: 95px;\"><strong>SECTOR PAS<\/strong>:<\/p>\n<ul style=\"list-style-type: circle;\">\n<li>\u00c1ngeles Morales<\/li>\n<\/ul>\n<p><strong>SECTOR PAE<\/strong>:<\/p>\n<ul style=\"list-style-type: circle;\">\n<li>B\u00e1rbara Gonz\u00e1lez<\/li>\n<\/ul>\n<\/td>\n<td style=\"width: 368px; height: 95px;\"><strong>REPRESENTANT AJUNTAMENT<\/strong>:<\/p>\n<ul style=\"list-style-type: circle;\">\n<li>Maite N\u00fa\u00f1ez<\/li>\n<\/ul>\n<\/td>\n<\/tr>\n<\/tbody>\n<\/table>\n<p><strong>\u00a0<\/strong><\/p>\n<h4><span style=\"text-decoration: underline;\"><em><strong>Claustre de mestres<\/strong><\/em><\/span><\/h4>\n<p>Aquest curs est\u00e0 format per un equip de vint-i-un mestres i mig.<\/p>\n<h4><em><strong>Tutories<\/strong><\/em><\/h4>\n<table style=\"height: 167px; width: 94.1822%;\" width=\"774\">\n<tbody>\n<tr style=\"height: 32px;\">\n<td style=\"width: 190px; text-align: center; height: 32px;\"><strong>Educaci\u00f3 Infantil<\/strong><\/td>\n<td style=\"width: 190px; text-align: center; height: 32px;\"><strong>Cicle Inicial<\/strong><\/td>\n<td style=\"width: 191px; text-align: center; height: 32px;\"><strong>Cicle Mitj\u00e0<\/strong><\/td>\n<td style=\"width: 191px; text-align: center; height: 32px;\"><strong>Cicle Superior<\/strong><\/td>\n<\/tr>\n<tr style=\"height: 47px;\">\n<td>I3A Mireia SegarraI3B Mireia Carbonell<\/td>\n<td>1rA Gema Olivares1rB Carmen Ferreira<\/td>\n<td>3rA Cl\u00e0udia Mart\u00ed3rB Laura Ramos<\/td>\n<td>5\u00e8A Gemma Benito5\u00e8B Cristina Bellviure<\/p>\n<p>5\u00e8C Marina Ramos<\/td>\n<\/tr>\n<tr style=\"height: 60px;\">\n<td style=\"height: 60px;\">I4A Yolanda TarinI4B Bea Sicilia<\/td>\n<td style=\"height: 60px;\">2nA N\u00faria Torres2nB Gustavo Santos<\/td>\n<td style=\"height: 60px;\">4tA Maria Vendrell4tB Ligita Zmitraite<\/td>\n<td style=\"height: 60px;\">6\u00e8A Carlos Iglesias6\u00e8B Mari Clemente<\/td>\n<\/tr>\n<tr style=\"height: 10px;\">\n<td style=\"width: 190px; height: 10px;\">I5A Tere RoviraI5B Sandra Jim\u00e9nez<\/td>\n<td style=\"width: 190px; height: 10px;\"><\/td>\n<td style=\"width: 191px; height: 10px;\"><\/td>\n<td style=\"width: 191px; height: 10px;\"><\/td>\n<\/tr>\n<\/tbody>\n<\/table>\n<h4><em><strong>Especialistes<\/strong><\/em><\/h4>\n<p><strong>Educaci\u00f3 F\u00edsica: <\/strong>\u00c0ngel Garcia i Ivan Arranz<\/p>\n<p><strong>Educaci\u00f3 Especial: <\/strong>Elena Gonz\u00e1lez i Nerea Pardo<\/p>\n<p><strong>SIEI:<\/strong> N\u00faria Blanco<\/p>\n<p><strong>Educadora Educaci\u00f3 Especial<\/strong>: Patri Tortosa i Eva Correa<\/p>\n<p><strong>M\u00fasica: <\/strong>S\u00f2nia Tortosa, Artur Gesti i Eva Majoral<\/p>\n<p><strong>Angl\u00e8s<\/strong>: Maria Mazzanti, Anna Fern\u00e1ndez i Tina Buqueras<\/p>\n<p><strong>Religi\u00f3:<\/strong> Joana Domingo i Elena Castan<\/p>\n<p><strong>T\u00e8cnica Educaci\u00f3 Infantil: <\/strong>B\u00e1rbara Gonz\u00e1lez<\/p>\n<p><strong>Rob\u00f2tica<\/strong>: Anna Rubio, Carmen Ferreira, N\u00faria Torres, Maria Vendrell, Artur Gesti, \u00c0ngel Garcia i Imma Llopis<\/p>\n<h4><em><strong>Mestres de suport<\/strong><\/em><\/h4>\n<p><strong>Infantil i E. Prim\u00e0ria: <\/strong>Anna Rubio, Llu\u00efsa M\u00e9ndez i Imma Llopis<\/p>\n<p><strong>\u00a0<\/strong><\/p>\n<h4><span style=\"text-decoration: underline;\"><em><strong>Altres suports<\/strong><\/em><\/span><\/h4>\n<p><strong>TEE: <\/strong>Remei Ortega Parejo (25 hores lectives i 5 hores de menjador setmanals), Anna Muntaner (10 hores lectives i 2,5 hores de menjador), Anna Maria \u00d2niga (5 hores menjador) i Ana Moya (10 hores lectives).<\/p>\n<h4><span style=\"text-decoration: underline;\"><em><strong>Altre personal del centre<\/strong><\/em><\/span><\/h4>\n<p><strong>Administrativa<\/strong>: \u00c1ngeles Morales Jodar<\/p>\n<p><strong>Conserge:<\/strong> Gemma Casa\u00f1as Canals<\/p>\n<p><em><strong>\u00a0<\/strong><\/em><\/p>\n<h4><span style=\"text-decoration: underline;\"><em><strong>Personal d\u2019Inspecci\u00f3<\/strong><\/em><\/span><\/h4>\n<p>Ester Maij\u00f3<\/p>\n<p><strong>\u00a0<\/strong><\/p>\n<h4><span style=\"text-decoration: underline;\"><em><strong>Personal dels Serveis Educatius <\/strong><\/em><\/span><\/h4>\n<p><strong>EAP: <\/strong>Sonia Garcia<\/p>\n<p><strong>Assistent Social<\/strong>: Jeca Bot\u00e9<\/p>\n<p><strong>CRP<\/strong>: Mireia Benaiges<\/p>\n<p><strong>\u00a0<\/strong><\/p>\n<h4><span style=\"text-decoration: underline;\"><em><strong>Personal extern<\/strong><\/em><\/span><\/h4>\n<p><strong>Regidora Ajuntament:\u00a0<\/strong>Maite N\u00fa\u00f1ez<\/p>\n<p><strong>Assessorament de pl\u00e0stica:\u00a0 <\/strong>S\u00f2nia Mart\u00ednez (22 hores mensuals)<\/p>\n<p><strong>Assessorament de teatre:<\/strong> Silvia Palaz\u00f3n (4h setmanals)<\/p>\n","protected":false},"excerpt":{"rendered":"<p>Equip Directiu Directora: Imma Llopis Margalef Cap d\u2019estudis: N\u00faria Blanco Sans Secret\u00e0ria: Elena Gonz\u00e1lez Bag\u00e9s Coordinaci\u00f3 Coordinadora comunitat de petits: Mireia Carbonell Coordinadors de cicle d\u2019educaci\u00f3 prim\u00e0ria: Comunitat de mitjans: Cl\u00e0udia Mart\u00ed Comunitat de grans: Gemma Benito Coordinadora Biblioteca\/LIC: Laura Ramos Coordinadora Pla lector: Carmen Ferreira Coordinador de Riscos laborals: Sonia Tortosa Coordinadora Digital: N\u00faria [&hellip;]<\/p>\n","protected":false},"author":1,"featured_media":0,"parent":22,"menu_order":5,"comment_status":"closed","ping_status":"closed","template":"","meta":{"site-sidebar-layout":"default","site-content-layout":"","ast-site-content-layout":"default","site-content-style":"default","site-sidebar-style":"default","ast-global-header-display":"","ast-banner-title-visibility":"","ast-main-header-display":"","ast-hfb-above-header-display":"","ast-hfb-below-header-display":"","ast-hfb-mobile-header-display":"","site-post-title":"","ast-breadcrumbs-content":"","ast-featured-img":"","footer-sml-layout":"","theme-transparent-header-meta":"","adv-header-id-meta":"","stick-header-meta":"","header-above-stick-meta":"","header-main-stick-meta":"","header-below-stick-meta":"","astra-migrate-meta-layouts":"set","ast-page-background-enabled":"default","ast-page-background-meta":{"desktop":{"background-color":"var(--ast-global-color-4)","background-image":"","background-repeat":"repeat","background-position":"center center","background-size":"auto","background-attachment":"scroll","background-type":"","background-media":"","overlay-type":"","overlay-color":"","overlay-opacity":"","overlay-gradient":""},"tablet":{"background-color":"","background-image":"","background-repeat":"repeat","background-position":"center center","background-size":"auto","background-attachment":"scroll","background-type":"","background-media":"","overlay-type":"","overlay-color":"","overlay-opacity":"","overlay-gradient":""},"mobile":{"background-color":"","background-image":"","background-repeat":"repeat","background-position":"center center","background-size":"auto","background-attachment":"scroll","background-type":"","background-media":"","overlay-type":"","overlay-color":"","overlay-opacity":"","overlay-gradient":""}},"ast-content-background-meta":{"desktop":{"background-color":"var(--ast-global-color-5)","background-image":"","background-repeat":"repeat","background-position":"center center","background-size":"auto","background-attachment":"scroll","background-type":"","background-media":"","overlay-type":"","overlay-color":"","overlay-opacity":"","overlay-gradient":""},"tablet":{"background-color":"var(--ast-global-color-5)","background-image":"","background-repeat":"repeat","background-position":"center center","background-size":"auto","background-attachment":"scroll","background-type":"","background-media":"","overlay-type":"","overlay-color":"","overlay-opacity":"","overlay-gradient":""},"mobile":{"background-color":"var(--ast-global-color-5)","background-image":"","background-repeat":"repeat","background-position":"center center","background-size":"auto","background-attachment":"scroll","background-type":"","background-media":"","overlay-type":"","overlay-color":"","overlay-opacity":"","overlay-gradient":""}},"footnotes":""},"class_list":["post-28","page","type-page","status-publish","hentry"],"post_mailing_queue_ids":[],"_links":{"self":[{"href":"https:\/\/agora.xtec.cat\/escolasantsebastia\/wp-json\/wp\/v2\/pages\/28","targetHints":{"allow":["GET"]}}],"collection":[{"href":"https:\/\/agora.xtec.cat\/escolasantsebastia\/wp-json\/wp\/v2\/pages"}],"about":[{"href":"https:\/\/agora.xtec.cat\/escolasantsebastia\/wp-json\/wp\/v2\/types\/page"}],"author":[{"embeddable":true,"href":"https:\/\/agora.xtec.cat\/escolasantsebastia\/wp-json\/wp\/v2\/users\/1"}],"replies":[{"embeddable":true,"href":"https:\/\/agora.xtec.cat\/escolasantsebastia\/wp-json\/wp\/v2\/comments?post=28"}],"version-history":[{"count":5,"href":"https:\/\/agora.xtec.cat\/escolasantsebastia\/wp-json\/wp\/v2\/pages\/28\/revisions"}],"predecessor-version":[{"id":2810,"href":"https:\/\/agora.xtec.cat\/escolasantsebastia\/wp-json\/wp\/v2\/pages\/28\/revisions\/2810"}],"up":[{"embeddable":true,"href":"https:\/\/agora.xtec.cat\/escolasantsebastia\/wp-json\/wp\/v2\/pages\/22"}],"wp:attachment":[{"href":"https:\/\/agora.xtec.cat\/escolasantsebastia\/wp-json\/wp\/v2\/media?parent=28"}],"curies":[{"name":"wp","href":"https:\/\/api.w.org\/{rel}","templated":true}]}}