{"id":26,"date":"2014-09-18T12:24:32","date_gmt":"2014-09-18T11:24:32","guid":{"rendered":"http:\/\/agora.xtec.cat\/escolasantsebastia\/?page_id=26"},"modified":"2018-11-29T11:55:16","modified_gmt":"2018-11-29T10:55:16","slug":"historia","status":"publish","type":"page","link":"https:\/\/agora.xtec.cat\/escolasantsebastia\/lescola\/historia\/","title":{"rendered":"Hist\u00f2ria"},"content":{"rendered":"<p style=\"text-align: justify;\">Al municipi d\u2019Els Pallaresos, sempre hi ha hagut escola, Josep Bult\u00f3 Vidal explica en el seu llibre \u201cEnyorat Pallaresos\u201d que cap a l\u2019any 1939 l\u2019escola d\u2019Els Pallaresos estava situada als baixos de l\u2019antic Ajuntament (l\u2019actual Centre Jujol) i era un centre unitari d\u2019ensenyament primari, amb un mestre i uns 20 alumnes de diferents edats.<\/p>\n<p style=\"text-align: justify;\">Va continuar aix\u00ed durant molts anys, pr\u00e0cticament fins al curs 1992-93 quan, degut a l\u2019augment de matr\u00edcula, &#8211; conseq\u00fc\u00e8ncia de l\u2019augment de la poblaci\u00f3 que es va donar en els anys de \u00a0l\u2019expansi\u00f3 urban\u00edstica, que va donar lloc a la construcci\u00f3 de diverses urbanitzacions al voltant del poble i que va fer que molta gent de la ciutat i de barris de Tarragona, es trasllades a viure a aquestes urbanitzacions- \u00a0\u00a0l\u2019edifici de\u00a0 l\u2019escola es va quedar petit i es va haver de traslladar al carrer Tarragona, n\u00ba 2 en m\u00f2duls prefabricats provisionals. Cada curs anava augmentant progressivament tant el nombre d\u2019alumnes, com el de mestres. En deu anys, el nombre d\u2019alumnes va passar de 20 a 190 i el de mestres, de dos,\u00a0 a catorze. L\u2019any 1999 per acord del claustre, el centre es va anomenar \u201cCEIP Sant Sebasti\u00e0\u201d, en record del patr\u00f3 del poble.<\/p>\n<p style=\"text-align: justify;\">El curs 2001-2002, es va inaugurar l\u2019edifici actual de l\u2019Escola Sant Sebasti\u00e0, situat a l\u2019avinguda Catalunya n\u00famero 12, amb capacitat per una l\u00ednia i mitja (5 unitats d\u2019educaci\u00f3 infantil i 6 de prim\u00e0ria). Encara que, degut al continu augment de matr\u00edcula, el curs 2005-2006, es va fer necess\u00e0ria una ampliaci\u00f3 del centre per disposar de dues l\u00ednies complertes.<\/p>\n<p style=\"text-align: justify;\"><strong>\u00a0<\/strong><\/p>\n<p>&nbsp;<\/p>\n","protected":false},"excerpt":{"rendered":"<p>Al municipi d\u2019Els Pallaresos, sempre hi ha hagut escola, Josep Bult\u00f3 Vidal explica en el seu llibre \u201cEnyorat Pallaresos\u201d que cap a l\u2019any 1939 l\u2019escola d\u2019Els Pallaresos estava situada als baixos de l\u2019antic Ajuntament (l\u2019actual Centre Jujol) i era un centre unitari d\u2019ensenyament primari, amb un mestre i uns 20 alumnes de diferents edats. Va [&hellip;]<\/p>\n","protected":false},"author":1,"featured_media":0,"parent":22,"menu_order":2,"comment_status":"closed","ping_status":"closed","template":"page-templates\/side-menu.php","meta":{"site-sidebar-layout":"default","site-content-layout":"","ast-site-content-layout":"","site-content-style":"default","site-sidebar-style":"default","ast-global-header-display":"","ast-banner-title-visibility":"","ast-main-header-display":"","ast-hfb-above-header-display":"","ast-hfb-below-header-display":"","ast-hfb-mobile-header-display":"","site-post-title":"","ast-breadcrumbs-content":"","ast-featured-img":"","footer-sml-layout":"","theme-transparent-header-meta":"","adv-header-id-meta":"","stick-header-meta":"","header-above-stick-meta":"","header-main-stick-meta":"","header-below-stick-meta":"","astra-migrate-meta-layouts":"default","ast-page-background-enabled":"default","ast-page-background-meta":{"desktop":{"background-color":"var(--ast-global-color-4)","background-image":"","background-repeat":"repeat","background-position":"center center","background-size":"auto","background-attachment":"scroll","background-type":"","background-media":"","overlay-type":"","overlay-color":"","overlay-opacity":"","overlay-gradient":""},"tablet":{"background-color":"","background-image":"","background-repeat":"repeat","background-position":"center center","background-size":"auto","background-attachment":"scroll","background-type":"","background-media":"","overlay-type":"","overlay-color":"","overlay-opacity":"","overlay-gradient":""},"mobile":{"background-color":"","background-image":"","background-repeat":"repeat","background-position":"center center","background-size":"auto","background-attachment":"scroll","background-type":"","background-media":"","overlay-type":"","overlay-color":"","overlay-opacity":"","overlay-gradient":""}},"ast-content-background-meta":{"desktop":{"background-color":"var(--ast-global-color-5)","background-image":"","background-repeat":"repeat","background-position":"center center","background-size":"auto","background-attachment":"scroll","background-type":"","background-media":"","overlay-type":"","overlay-color":"","overlay-opacity":"","overlay-gradient":""},"tablet":{"background-color":"var(--ast-global-color-5)","background-image":"","background-repeat":"repeat","background-position":"center center","background-size":"auto","background-attachment":"scroll","background-type":"","background-media":"","overlay-type":"","overlay-color":"","overlay-opacity":"","overlay-gradient":""},"mobile":{"background-color":"var(--ast-global-color-5)","background-image":"","background-repeat":"repeat","background-position":"center center","background-size":"auto","background-attachment":"scroll","background-type":"","background-media":"","overlay-type":"","overlay-color":"","overlay-opacity":"","overlay-gradient":""}},"footnotes":""},"class_list":["post-26","page","type-page","status-publish","hentry"],"post_mailing_queue_ids":[],"_links":{"self":[{"href":"https:\/\/agora.xtec.cat\/escolasantsebastia\/wp-json\/wp\/v2\/pages\/26","targetHints":{"allow":["GET"]}}],"collection":[{"href":"https:\/\/agora.xtec.cat\/escolasantsebastia\/wp-json\/wp\/v2\/pages"}],"about":[{"href":"https:\/\/agora.xtec.cat\/escolasantsebastia\/wp-json\/wp\/v2\/types\/page"}],"author":[{"embeddable":true,"href":"https:\/\/agora.xtec.cat\/escolasantsebastia\/wp-json\/wp\/v2\/users\/1"}],"replies":[{"embeddable":true,"href":"https:\/\/agora.xtec.cat\/escolasantsebastia\/wp-json\/wp\/v2\/comments?post=26"}],"version-history":[{"count":3,"href":"https:\/\/agora.xtec.cat\/escolasantsebastia\/wp-json\/wp\/v2\/pages\/26\/revisions"}],"predecessor-version":[{"id":470,"href":"https:\/\/agora.xtec.cat\/escolasantsebastia\/wp-json\/wp\/v2\/pages\/26\/revisions\/470"}],"up":[{"embeddable":true,"href":"https:\/\/agora.xtec.cat\/escolasantsebastia\/wp-json\/wp\/v2\/pages\/22"}],"wp:attachment":[{"href":"https:\/\/agora.xtec.cat\/escolasantsebastia\/wp-json\/wp\/v2\/media?parent=26"}],"curies":[{"name":"wp","href":"https:\/\/api.w.org\/{rel}","templated":true}]}}