{"id":2149,"date":"2023-02-16T12:28:30","date_gmt":"2023-02-16T11:28:30","guid":{"rendered":"https:\/\/agora.xtec.cat\/escolasantsebastia\/?page_id=2149"},"modified":"2025-06-17T17:40:47","modified_gmt":"2025-06-17T15:40:47","slug":"menjador","status":"publish","type":"page","link":"https:\/\/agora.xtec.cat\/escolasantsebastia\/lescola\/menjador\/","title":{"rendered":"SERVEI MENJADOR"},"content":{"rendered":"<p>L&#8217;AFA coordina el servei de menjador. L&#8217;empresa encarregada de la gesti\u00f3 i el servei de menjador \u00e9s la Fundaci\u00f3 En Xarxa i Nodrim. El centre disposa de cuina pr\u00f2pia i dos menjadors, el dels petits i el dels grans.<\/p>\n<p>Cada mes rebreu el men\u00fa per l&#8217;aplicaci\u00f3 Dinantia.<\/p>\n<p>Si voleu con\u00e8ixer m\u00e9s del funcionament del menjador cliqueu al seg\u00fcent enlla\u00e7.<\/p>\n<p><a href=\"https:\/\/agora.xtec.cat\/escolasantsebastia\/wp-content\/uploads\/usu701\/2025\/02\/Sant-Sebastia-Menjador.pdf\">TR\u00cdPTIC<\/a><\/p>\n<p><img decoding=\"async\" class=\"alignleft\" src=\"https:\/\/enxarxa.cat\/wp-content\/uploads\/2023\/03\/logoenxarxa-transparent.png\" alt=\"Inici - Fundaci\u00f3 Privada En Xarxa\" \/>\u00a0<a href=\"https:\/\/agora.xtec.cat\/escolasantsebastia\/wp-content\/uploads\/usu701\/2024\/11\/LOGO-NODRIM.png\"><img loading=\"lazy\" decoding=\"async\" class=\"size-large wp-image-2349 alignleft\" src=\"https:\/\/agora.xtec.cat\/escolasantsebastia\/wp-content\/uploads\/usu701\/2024\/11\/LOGO-NODRIM.png\" alt=\"\" width=\"164\" height=\"195\" \/><\/a><\/p>\n<div><\/div>\n<div><\/div>\n<div><\/div>\n<div><\/div>\n<div><\/div>\n<div><\/div>\n<div><\/div>\n<div><\/div>\n<div><\/div>\n<div><\/div>\n<div><\/div>\n<div><\/div>\n<div><\/div>\n<div>\n<div>\n<div><a href=\"https:\/\/agora.xtec.cat\/escolasantsebastia\/wp-content\/uploads\/usu701\/2024\/11\/logo-AFA.png\"><img loading=\"lazy\" decoding=\"async\" class=\"wp-image-2350 alignleft\" src=\"https:\/\/agora.xtec.cat\/escolasantsebastia\/wp-content\/uploads\/usu701\/2024\/11\/logo-AFA.png\" alt=\"\" width=\"263\" height=\"269\" \/><\/a><\/div>\n<\/div>\n<\/div>\n<p>&nbsp;<\/p>\n","protected":false},"excerpt":{"rendered":"<p>L&#8217;AFA coordina el servei de menjador. L&#8217;empresa encarregada de la gesti\u00f3 i el servei de menjador \u00e9s la Fundaci\u00f3 En Xarxa i Nodrim. El centre disposa de cuina pr\u00f2pia i dos menjadors, el dels petits i el dels grans. Cada mes rebreu el men\u00fa per l&#8217;aplicaci\u00f3 Dinantia. Si voleu con\u00e8ixer m\u00e9s del funcionament del menjador [&hellip;]<\/p>\n","protected":false},"author":1,"featured_media":0,"parent":22,"menu_order":0,"comment_status":"closed","ping_status":"closed","template":"","meta":{"site-sidebar-layout":"default","site-content-layout":"","ast-site-content-layout":"","site-content-style":"default","site-sidebar-style":"default","ast-global-header-display":"","ast-banner-title-visibility":"","ast-main-header-display":"","ast-hfb-above-header-display":"","ast-hfb-below-header-display":"","ast-hfb-mobile-header-display":"","site-post-title":"","ast-breadcrumbs-content":"","ast-featured-img":"","footer-sml-layout":"","theme-transparent-header-meta":"","adv-header-id-meta":"","stick-header-meta":"","header-above-stick-meta":"","header-main-stick-meta":"","header-below-stick-meta":"","astra-migrate-meta-layouts":"default","ast-page-background-enabled":"default","ast-page-background-meta":{"desktop":{"background-color":"var(--ast-global-color-4)","background-image":"","background-repeat":"repeat","background-position":"center center","background-size":"auto","background-attachment":"scroll","background-type":"","background-media":"","overlay-type":"","overlay-color":"","overlay-opacity":"","overlay-gradient":""},"tablet":{"background-color":"","background-image":"","background-repeat":"repeat","background-position":"center center","background-size":"auto","background-attachment":"scroll","background-type":"","background-media":"","overlay-type":"","overlay-color":"","overlay-opacity":"","overlay-gradient":""},"mobile":{"background-color":"","background-image":"","background-repeat":"repeat","background-position":"center center","background-size":"auto","background-attachment":"scroll","background-type":"","background-media":"","overlay-type":"","overlay-color":"","overlay-opacity":"","overlay-gradient":""}},"ast-content-background-meta":{"desktop":{"background-color":"var(--ast-global-color-5)","background-image":"","background-repeat":"repeat","background-position":"center center","background-size":"auto","background-attachment":"scroll","background-type":"","background-media":"","overlay-type":"","overlay-color":"","overlay-opacity":"","overlay-gradient":""},"tablet":{"background-color":"var(--ast-global-color-5)","background-image":"","background-repeat":"repeat","background-position":"center center","background-size":"auto","background-attachment":"scroll","background-type":"","background-media":"","overlay-type":"","overlay-color":"","overlay-opacity":"","overlay-gradient":""},"mobile":{"background-color":"var(--ast-global-color-5)","background-image":"","background-repeat":"repeat","background-position":"center center","background-size":"auto","background-attachment":"scroll","background-type":"","background-media":"","overlay-type":"","overlay-color":"","overlay-opacity":"","overlay-gradient":""}},"footnotes":""},"class_list":["post-2149","page","type-page","status-publish","hentry"],"post_mailing_queue_ids":[],"_links":{"self":[{"href":"https:\/\/agora.xtec.cat\/escolasantsebastia\/wp-json\/wp\/v2\/pages\/2149","targetHints":{"allow":["GET"]}}],"collection":[{"href":"https:\/\/agora.xtec.cat\/escolasantsebastia\/wp-json\/wp\/v2\/pages"}],"about":[{"href":"https:\/\/agora.xtec.cat\/escolasantsebastia\/wp-json\/wp\/v2\/types\/page"}],"author":[{"embeddable":true,"href":"https:\/\/agora.xtec.cat\/escolasantsebastia\/wp-json\/wp\/v2\/users\/1"}],"replies":[{"embeddable":true,"href":"https:\/\/agora.xtec.cat\/escolasantsebastia\/wp-json\/wp\/v2\/comments?post=2149"}],"version-history":[{"count":6,"href":"https:\/\/agora.xtec.cat\/escolasantsebastia\/wp-json\/wp\/v2\/pages\/2149\/revisions"}],"predecessor-version":[{"id":2544,"href":"https:\/\/agora.xtec.cat\/escolasantsebastia\/wp-json\/wp\/v2\/pages\/2149\/revisions\/2544"}],"up":[{"embeddable":true,"href":"https:\/\/agora.xtec.cat\/escolasantsebastia\/wp-json\/wp\/v2\/pages\/22"}],"wp:attachment":[{"href":"https:\/\/agora.xtec.cat\/escolasantsebastia\/wp-json\/wp\/v2\/media?parent=2149"}],"curies":[{"name":"wp","href":"https:\/\/api.w.org\/{rel}","templated":true}]}}