{"id":1906,"date":"2021-11-12T12:04:00","date_gmt":"2021-11-12T11:04:00","guid":{"rendered":"https:\/\/agora.xtec.cat\/escolasantsebastia\/?page_id=1906"},"modified":"2025-11-19T13:03:55","modified_gmt":"2025-11-19T12:03:55","slug":"ted","status":"publish","type":"page","link":"https:\/\/agora.xtec.cat\/escolasantsebastia\/ted\/","title":{"rendered":"TED"},"content":{"rendered":"<p style=\"text-align: justify;\"><span style=\"color: #339966;\"><strong>Programa TED-ED CLUB<\/strong><\/span><\/p>\n<p><span style=\"font-weight: 400;\">Aquest curs arrenca la 7\u00aa edici\u00f3 del TED Ed Clubs Escola Sant Sebasti\u00e0. L\u2019\u00c0ngel Garc\u00eda, mestre de l\u2019escola, liderar\u00e0 un altre cop aquest projecte. Enguany es portar\u00e0 a terme a les classes de 5\u00e8.<\/span><\/p>\n<p><b>Qu\u00e8 \u00e9s TED Ed Club ?<\/b><\/p>\n<p><span style=\"font-weight: 400;\">\u00c9s un projecte internacional que d\u00f3na suport als estudiants en el descobriment, l\u2019exploraci\u00f3 i la presentaci\u00f3 de les seves idees. <\/span><span style=\"font-weight: 400;\"><br \/>\n<\/span><span style=\"font-weight: 400;\"><br \/>\n<\/span><span style=\"font-weight: 400;\">Els participants al projecte obtenen material curricular flexible amb orientacions per elaborar la seva presentaci\u00f3 TED-Ed; aix\u00ed com oportunitats per connectar amb una xarxa mundial de joves apassionats per les idees que val la pena compartir.<\/span><\/p>\n<p><span style=\"font-weight: 400;\">El projecte educatiu TED Ed Club es fonamenta en el lema ideas worth spreading; o sigui, idees que valen la pena difondre!<\/span><\/p>\n<p><b>Quin \u00e9s l\u2019objectiu general del Projecte?<\/b><\/p>\n<p><span style=\"font-weight: 400;\">Impulsar la creativitat de les generacions m\u00e9s joves de tot el m\u00f3n organitzant Clubs de discussi\u00f3, generaci\u00f3 i comunicaci\u00f3 d\u2019idees innovadores per a la revoluci\u00f3 del coneixement.<\/span><\/p>\n<p><b>Qui pot participar?<\/b><\/p>\n<p><span style=\"font-weight: 400;\">Estudiants d\u2019entre 8 i 18 anys de centres educatius de tot el m\u00f3n.<\/span><\/p>\n<p><b>Quins objectius educatius promou?<\/b><\/p>\n<p><span style=\"font-weight: 400;\">&#8211; Organitzar, analitzar, sintetitzar i comunicar idees innovadores en un format de confer\u00e8ncia am\u00e8 i accessible a la comprensi\u00f3 de tots.<\/span><\/p>\n<p><span style=\"font-weight: 400;\"><br \/>\n<\/span><span style=\"font-weight: 400;\">&#8211; Aprendre a iniciar projectes de recerca: elaborant hip\u00f2tesis, refutant alternatives, generant noves idees, utilitzant t\u00e8cniques creatives, considerant nous punts de vista i analitzant informaci\u00f3 d\u2019un variat elenc de fonts educatives i informatives de diferent naturalesa.<\/span><\/p>\n<p><span style=\"font-weight: 400;\"><br \/>\n<\/span><span style=\"font-weight: 400;\">&#8211; Integrar eines digitals a fi de desenvolupar un model de narrativa transm\u00e8dia que aconsegueix una exposici\u00f3 emocionant recolzant-se en les compet\u00e8ncies digitals per a l\u2019aprenentatge al segle XXI.<\/span><\/p>\n<p><span style=\"font-weight: 400;\">Al llarg del projecte, les\/les alumn@s treballen en equip, colze a colze en un proc\u00e9s que dura tot el curs, donant forma a una xerrada feta \u00edntegrament per elles\/s.<\/span><\/p>\n","protected":false},"excerpt":{"rendered":"<p>Programa TED-ED CLUB Aquest curs arrenca la 7\u00aa edici\u00f3 del TED Ed Clubs Escola Sant Sebasti\u00e0. L\u2019\u00c0ngel Garc\u00eda, mestre de l\u2019escola, liderar\u00e0 un altre cop aquest projecte. Enguany es portar\u00e0 a terme a les classes de 5\u00e8. Qu\u00e8 \u00e9s TED Ed Club ? \u00c9s un projecte internacional que d\u00f3na suport als estudiants en el descobriment, [&hellip;]<\/p>\n","protected":false},"author":1,"featured_media":0,"parent":0,"menu_order":0,"comment_status":"closed","ping_status":"closed","template":"","meta":{"site-sidebar-layout":"default","site-content-layout":"","ast-site-content-layout":"default","site-content-style":"default","site-sidebar-style":"default","ast-global-header-display":"","ast-banner-title-visibility":"","ast-main-header-display":"","ast-hfb-above-header-display":"","ast-hfb-below-header-display":"","ast-hfb-mobile-header-display":"","site-post-title":"","ast-breadcrumbs-content":"","ast-featured-img":"","footer-sml-layout":"","theme-transparent-header-meta":"","adv-header-id-meta":"","stick-header-meta":"","header-above-stick-meta":"","header-main-stick-meta":"","header-below-stick-meta":"","astra-migrate-meta-layouts":"set","ast-page-background-enabled":"default","ast-page-background-meta":{"desktop":{"background-color":"var(--ast-global-color-4)","background-image":"","background-repeat":"repeat","background-position":"center center","background-size":"auto","background-attachment":"scroll","background-type":"","background-media":"","overlay-type":"","overlay-color":"","overlay-opacity":"","overlay-gradient":""},"tablet":{"background-color":"","background-image":"","background-repeat":"repeat","background-position":"center center","background-size":"auto","background-attachment":"scroll","background-type":"","background-media":"","overlay-type":"","overlay-color":"","overlay-opacity":"","overlay-gradient":""},"mobile":{"background-color":"","background-image":"","background-repeat":"repeat","background-position":"center center","background-size":"auto","background-attachment":"scroll","background-type":"","background-media":"","overlay-type":"","overlay-color":"","overlay-opacity":"","overlay-gradient":""}},"ast-content-background-meta":{"desktop":{"background-color":"var(--ast-global-color-5)","background-image":"","background-repeat":"repeat","background-position":"center center","background-size":"auto","background-attachment":"scroll","background-type":"","background-media":"","overlay-type":"","overlay-color":"","overlay-opacity":"","overlay-gradient":""},"tablet":{"background-color":"var(--ast-global-color-5)","background-image":"","background-repeat":"repeat","background-position":"center center","background-size":"auto","background-attachment":"scroll","background-type":"","background-media":"","overlay-type":"","overlay-color":"","overlay-opacity":"","overlay-gradient":""},"mobile":{"background-color":"var(--ast-global-color-5)","background-image":"","background-repeat":"repeat","background-position":"center center","background-size":"auto","background-attachment":"scroll","background-type":"","background-media":"","overlay-type":"","overlay-color":"","overlay-opacity":"","overlay-gradient":""}},"footnotes":""},"class_list":["post-1906","page","type-page","status-publish","hentry"],"post_mailing_queue_ids":[],"_links":{"self":[{"href":"https:\/\/agora.xtec.cat\/escolasantsebastia\/wp-json\/wp\/v2\/pages\/1906","targetHints":{"allow":["GET"]}}],"collection":[{"href":"https:\/\/agora.xtec.cat\/escolasantsebastia\/wp-json\/wp\/v2\/pages"}],"about":[{"href":"https:\/\/agora.xtec.cat\/escolasantsebastia\/wp-json\/wp\/v2\/types\/page"}],"author":[{"embeddable":true,"href":"https:\/\/agora.xtec.cat\/escolasantsebastia\/wp-json\/wp\/v2\/users\/1"}],"replies":[{"embeddable":true,"href":"https:\/\/agora.xtec.cat\/escolasantsebastia\/wp-json\/wp\/v2\/comments?post=1906"}],"version-history":[{"count":3,"href":"https:\/\/agora.xtec.cat\/escolasantsebastia\/wp-json\/wp\/v2\/pages\/1906\/revisions"}],"predecessor-version":[{"id":2608,"href":"https:\/\/agora.xtec.cat\/escolasantsebastia\/wp-json\/wp\/v2\/pages\/1906\/revisions\/2608"}],"wp:attachment":[{"href":"https:\/\/agora.xtec.cat\/escolasantsebastia\/wp-json\/wp\/v2\/media?parent=1906"}],"curies":[{"name":"wp","href":"https:\/\/api.w.org\/{rel}","templated":true}]}}