{"id":73,"date":"2014-09-18T14:01:51","date_gmt":"2014-09-18T13:01:51","guid":{"rendered":"http:\/\/agora.xtec.cat\/escolasantsadurni\/?page_id=73"},"modified":"2026-04-09T09:05:46","modified_gmt":"2026-04-09T07:05:46","slug":"menjador-escolar","status":"publish","type":"page","link":"https:\/\/agora.xtec.cat\/escolasantsadurni\/serveis\/menjador-escolar\/","title":{"rendered":"Menjador Escolar"},"content":{"rendered":"<p>Aquest curs 2025\/2026 l&#8217;empresa que gestiona el menjador de l&#8217;escola \u00e9s <strong><a href=\"https:\/\/www.7itria.cat\/\" target=\"_blank\" rel=\"noopener\">7iTria<\/a>\u00a0<\/strong><\/p>\n<p><strong><img loading=\"lazy\" decoding=\"async\" class=\"alignright wp-image-14808\" src=\"https:\/\/agora.xtec.cat\/escolasantsadurni\/wp-content\/uploads\/usu1491\/2025\/03\/baixa.png\" alt=\"\" width=\"173\" height=\"134\" \/><\/strong><\/p>\n<p><a href=\"https:\/\/agora.xtec.cat\/escolasantsadurni\/wp-content\/uploads\/usu1491\/2025\/03\/7iTRIA.pdf\">Temps de migdia a l&#8217;escola<\/a><\/p>\n<p>Com podem fer les <a href=\"https:\/\/activitats.fundesplai.org\/public\/landing\/app-7itria\">inscripcions.<\/a><\/p>\n<p>La nostra coordinadora \u00e9s la Mayte. Us podeu posar en contacte amb ella mitjan\u00e7ant tel\u00e8fon i whatsApp al n\u00famero <strong>675945398, <\/strong>tamb\u00e9 per correu electr\u00f2nic a <strong><em>coord.santsadurni.montornesv@fundesplai.org<\/em><\/strong><\/p>\n<p>Aqu\u00ed podeu accedir als men\u00fas:<\/p>\n<p><a href=\"https:\/\/agora.xtec.cat\/escolasantsadurni\/wp-content\/uploads\/usu1491\/2026\/04\/menusTERCER_TRIMESTRE.pdf\">men\u00fasTERCER_TRIMESTRE<\/a><\/p>\n<p><a href=\"https:\/\/agora.xtec.cat\/escolasantsadurni\/serveis\/menjador-escolar\/attachment\/1738572238408\/\" rel=\"attachment wp-att-14230\"><img loading=\"lazy\" decoding=\"async\" class=\"wp-image-14230 alignnone\" src=\"https:\/\/agora.xtec.cat\/escolasantsadurni\/wp-content\/uploads\/usu1491\/2025\/02\/1738572238408-300x225.jpg\" alt=\"\" width=\"221\" height=\"166\" srcset=\"https:\/\/agora.xtec.cat\/escolasantsadurni\/wp-content\/uploads\/usu1491\/2025\/02\/1738572238408-300x225.jpg 300w, https:\/\/agora.xtec.cat\/escolasantsadurni\/wp-content\/uploads\/usu1491\/2025\/02\/1738572238408-1024x768.jpg 1024w, https:\/\/agora.xtec.cat\/escolasantsadurni\/wp-content\/uploads\/usu1491\/2025\/02\/1738572238408-768x576.jpg 768w, https:\/\/agora.xtec.cat\/escolasantsadurni\/wp-content\/uploads\/usu1491\/2025\/02\/1738572238408-1536x1152.jpg 1536w, https:\/\/agora.xtec.cat\/escolasantsadurni\/wp-content\/uploads\/usu1491\/2025\/02\/1738572238408-200x150.jpg 200w, https:\/\/agora.xtec.cat\/escolasantsadurni\/wp-content\/uploads\/usu1491\/2025\/02\/1738572238408.jpg 1600w\" sizes=\"auto, (max-width: 221px) 100vw, 221px\" \/><\/a><a href=\"https:\/\/agora.xtec.cat\/escolasantsadurni\/serveis\/menjador-escolar\/attachment\/1738572238492\/\" rel=\"attachment wp-att-14228\"><img loading=\"lazy\" decoding=\"async\" class=\"wp-image-14228 alignleft\" src=\"https:\/\/agora.xtec.cat\/escolasantsadurni\/wp-content\/uploads\/usu1491\/2025\/02\/1738572238492-300x225.jpg\" alt=\"\" width=\"216\" height=\"162\" srcset=\"https:\/\/agora.xtec.cat\/escolasantsadurni\/wp-content\/uploads\/usu1491\/2025\/02\/1738572238492-300x225.jpg 300w, https:\/\/agora.xtec.cat\/escolasantsadurni\/wp-content\/uploads\/usu1491\/2025\/02\/1738572238492-1024x768.jpg 1024w, https:\/\/agora.xtec.cat\/escolasantsadurni\/wp-content\/uploads\/usu1491\/2025\/02\/1738572238492-768x576.jpg 768w, https:\/\/agora.xtec.cat\/escolasantsadurni\/wp-content\/uploads\/usu1491\/2025\/02\/1738572238492-1536x1152.jpg 1536w, https:\/\/agora.xtec.cat\/escolasantsadurni\/wp-content\/uploads\/usu1491\/2025\/02\/1738572238492-200x150.jpg 200w, https:\/\/agora.xtec.cat\/escolasantsadurni\/wp-content\/uploads\/usu1491\/2025\/02\/1738572238492.jpg 1600w\" sizes=\"auto, (max-width: 216px) 100vw, 216px\" \/><\/a><a href=\"https:\/\/agora.xtec.cat\/escolasantsadurni\/serveis\/menjador-escolar\/attachment\/1738572238459\/\" rel=\"attachment wp-att-14227\"><img loading=\"lazy\" decoding=\"async\" class=\" wp-image-14227 alignleft\" src=\"https:\/\/agora.xtec.cat\/escolasantsadurni\/wp-content\/uploads\/usu1491\/2025\/02\/1738572238459-300x225.jpg\" alt=\"\" width=\"216\" height=\"162\" srcset=\"https:\/\/agora.xtec.cat\/escolasantsadurni\/wp-content\/uploads\/usu1491\/2025\/02\/1738572238459-300x225.jpg 300w, https:\/\/agora.xtec.cat\/escolasantsadurni\/wp-content\/uploads\/usu1491\/2025\/02\/1738572238459-1024x768.jpg 1024w, https:\/\/agora.xtec.cat\/escolasantsadurni\/wp-content\/uploads\/usu1491\/2025\/02\/1738572238459-768x576.jpg 768w, https:\/\/agora.xtec.cat\/escolasantsadurni\/wp-content\/uploads\/usu1491\/2025\/02\/1738572238459-1536x1152.jpg 1536w, https:\/\/agora.xtec.cat\/escolasantsadurni\/wp-content\/uploads\/usu1491\/2025\/02\/1738572238459-200x150.jpg 200w, https:\/\/agora.xtec.cat\/escolasantsadurni\/wp-content\/uploads\/usu1491\/2025\/02\/1738572238459.jpg 1600w\" sizes=\"auto, (max-width: 216px) 100vw, 216px\" \/><\/a><\/p>\n<p><a href=\"https:\/\/agora.xtec.cat\/escolasantsadurni\/serveis\/menjador-escolar\/attachment\/menjador-2\/\" rel=\"attachment wp-att-14231\"><img loading=\"lazy\" decoding=\"async\" class=\" wp-image-14231 alignleft\" src=\"https:\/\/agora.xtec.cat\/escolasantsadurni\/wp-content\/uploads\/usu1491\/2025\/02\/menjador-1-300x169.jpg\" alt=\"\" width=\"321\" height=\"181\" srcset=\"https:\/\/agora.xtec.cat\/escolasantsadurni\/wp-content\/uploads\/usu1491\/2025\/02\/menjador-1-300x169.jpg 300w, https:\/\/agora.xtec.cat\/escolasantsadurni\/wp-content\/uploads\/usu1491\/2025\/02\/menjador-1-1024x576.jpg 1024w, https:\/\/agora.xtec.cat\/escolasantsadurni\/wp-content\/uploads\/usu1491\/2025\/02\/menjador-1-768x432.jpg 768w, https:\/\/agora.xtec.cat\/escolasantsadurni\/wp-content\/uploads\/usu1491\/2025\/02\/menjador-1.jpg 1200w\" sizes=\"auto, (max-width: 321px) 100vw, 321px\" \/><\/a><\/p>\n<p>&nbsp;<\/p>\n<p><a href=\"https:\/\/agora.xtec.cat\/escolasantsadurni\/serveis\/menjador-escolar\/attachment\/menjador1\/\" rel=\"attachment wp-att-14232\"><img loading=\"lazy\" decoding=\"async\" class=\" wp-image-14232 alignnone\" src=\"https:\/\/agora.xtec.cat\/escolasantsadurni\/wp-content\/uploads\/usu1491\/2025\/02\/menjador1-300x169.jpg\" alt=\"\" width=\"362\" height=\"204\" srcset=\"https:\/\/agora.xtec.cat\/escolasantsadurni\/wp-content\/uploads\/usu1491\/2025\/02\/menjador1-300x169.jpg 300w, https:\/\/agora.xtec.cat\/escolasantsadurni\/wp-content\/uploads\/usu1491\/2025\/02\/menjador1-1024x576.jpg 1024w, https:\/\/agora.xtec.cat\/escolasantsadurni\/wp-content\/uploads\/usu1491\/2025\/02\/menjador1-768x432.jpg 768w, https:\/\/agora.xtec.cat\/escolasantsadurni\/wp-content\/uploads\/usu1491\/2025\/02\/menjador1.jpg 1200w\" sizes=\"auto, (max-width: 362px) 100vw, 362px\" \/><\/a><\/p>\n","protected":false},"excerpt":{"rendered":"<p>Aquest curs 2025\/2026 l&#8217;empresa que gestiona el menjador de l&#8217;escola \u00e9s <a href=\"https:\/\/www.7itria.cat\/\" target=\"_blank\" rel=\"noopener\">7iTria<\/a>\u00a0<\/p>\n<p><a href=\"https:\/\/agora.xtec.cat\/escolasantsadurni\/wp-content\/uploads\/usu1491\/2025\/03\/7iTRIA.pdf\">Temps de migdia a l&#8217;escola<\/a><br \/>\nCom podem fer les <a href=\"https:\/\/activitats.fundesplai.org\/public\/landing\/app-7itria\">inscripcions.<\/a><br \/>\nLa nostra coordinadora \u00e9s la Mayte. Us podeu posar en contacte amb ella mitjan\u00e7ant tel\u00e8fon i whatsApp al n\u00famero 675945398, tamb\u00e9&hellip;  <a href=\"https:\/\/agora.xtec.cat\/escolasantsadurni\/serveis\/menjador-escolar\/\" title=\"Read Menjador Escolar\">Llegeix m\u00e9s\u00bb<\/a><\/p>\n","protected":false},"author":1,"featured_media":0,"parent":66,"menu_order":20,"comment_status":"closed","ping_status":"closed","template":"page-templates\/side-menu.php","meta":{"_bbp_topic_count":0,"_bbp_reply_count":0,"_bbp_total_topic_count":0,"_bbp_total_reply_count":0,"_bbp_voice_count":0,"_bbp_anonymous_reply_count":0,"_bbp_topic_count_hidden":0,"_bbp_reply_count_hidden":0,"_bbp_forum_subforum_count":0,"footnotes":""},"class_list":["post-73","page","type-page","status-publish","hentry"],"post_mailing_queue_ids":[],"_links":{"self":[{"href":"https:\/\/agora.xtec.cat\/escolasantsadurni\/wp-json\/wp\/v2\/pages\/73","targetHints":{"allow":["GET"]}}],"collection":[{"href":"https:\/\/agora.xtec.cat\/escolasantsadurni\/wp-json\/wp\/v2\/pages"}],"about":[{"href":"https:\/\/agora.xtec.cat\/escolasantsadurni\/wp-json\/wp\/v2\/types\/page"}],"author":[{"embeddable":true,"href":"https:\/\/agora.xtec.cat\/escolasantsadurni\/wp-json\/wp\/v2\/users\/1"}],"replies":[{"embeddable":true,"href":"https:\/\/agora.xtec.cat\/escolasantsadurni\/wp-json\/wp\/v2\/comments?post=73"}],"version-history":[{"count":7,"href":"https:\/\/agora.xtec.cat\/escolasantsadurni\/wp-json\/wp\/v2\/pages\/73\/revisions"}],"predecessor-version":[{"id":15624,"href":"https:\/\/agora.xtec.cat\/escolasantsadurni\/wp-json\/wp\/v2\/pages\/73\/revisions\/15624"}],"up":[{"embeddable":true,"href":"https:\/\/agora.xtec.cat\/escolasantsadurni\/wp-json\/wp\/v2\/pages\/66"}],"wp:attachment":[{"href":"https:\/\/agora.xtec.cat\/escolasantsadurni\/wp-json\/wp\/v2\/media?parent=73"}],"curies":[{"name":"wp","href":"https:\/\/api.w.org\/{rel}","templated":true}]}}