{"id":66,"date":"2014-09-18T12:40:47","date_gmt":"2014-09-18T11:40:47","guid":{"rendered":"http:\/\/agora.xtec.cat\/escolasantsadurni\/?page_id=66"},"modified":"2023-12-05T15:22:45","modified_gmt":"2023-12-05T14:22:45","slug":"serveis","status":"publish","type":"page","link":"https:\/\/agora.xtec.cat\/escolasantsadurni\/serveis\/","title":{"rendered":"AFA i Serveis"},"content":{"rendered":"<p>Aquesta secci\u00f3 est\u00e0 dedicada a una part de la nostra comunitat educativa. Cada any l\u2019AFA participa en actes, festes i esdeveniments importants de l\u2019escola com s\u00f3n el Berenar Solidari, les Orles dels nens i nenes d&#8217;I5 i 6\u00e8, concursos, tallers pels alumnes i les fam\u00edlies, la festa de final de curs\u2026.<\/p>\n<p>En aquest apartat tamb\u00e9 volem fer esment de la tasca dels professionals del Menjador Escolar i l&#8217;Acollida Matinal. S\u00f3n serveis gestionats per la empresa Tresmes Eco Activa, SL que compta amb la supervisi\u00f3 de l&#8217;escola.<\/p>\n<p>enlla\u00e7 AFA:\u00a0\u00a0<a href=\"https:\/\/sites.google.com\/view\/afa-escola-sant-sadurn\/\">https:\/\/sites.google.com\/view\/afa-escola-sant-sadurn\/<\/a><\/p>\n<p>enlla\u00e7 Menjador:\u00a0<a href=\"https:\/\/tresmes.com\/\">https:\/\/tresmes.com\/<\/a><\/p>\n<p>&nbsp;<\/p>\n<p>&nbsp;<\/p>\n<p>&nbsp;<\/p>\n<p>&nbsp;<\/p>\n<p>&nbsp;<\/p>\n<p>&nbsp;<\/p>\n<p>&nbsp;<\/p>\n","protected":false},"excerpt":{"rendered":"<p>Aquesta secci\u00f3 est\u00e0 dedicada a una part de la nostra comunitat educativa. Cada any l\u2019AFA participa en actes, festes i esdeveniments importants de l\u2019escola com s\u00f3n el Berenar Solidari, les Orles dels nens i nenes d&#8217;I5 i 6\u00e8, concursos, tallers pels alumnes i les fam\u00edlies,&hellip;  <a href=\"https:\/\/agora.xtec.cat\/escolasantsadurni\/serveis\/\" title=\"Read AFA i Serveis\">Llegeix m\u00e9s\u00bb<\/a><\/p>\n","protected":false},"author":1,"featured_media":0,"parent":0,"menu_order":0,"comment_status":"closed","ping_status":"closed","template":"page-templates\/side-menu.php","meta":{"_bbp_topic_count":0,"_bbp_reply_count":0,"_bbp_total_topic_count":0,"_bbp_total_reply_count":0,"_bbp_voice_count":0,"_bbp_anonymous_reply_count":0,"_bbp_topic_count_hidden":0,"_bbp_reply_count_hidden":0,"_bbp_forum_subforum_count":0,"footnotes":""},"class_list":["post-66","page","type-page","status-publish","hentry"],"post_mailing_queue_ids":[],"_links":{"self":[{"href":"https:\/\/agora.xtec.cat\/escolasantsadurni\/wp-json\/wp\/v2\/pages\/66","targetHints":{"allow":["GET"]}}],"collection":[{"href":"https:\/\/agora.xtec.cat\/escolasantsadurni\/wp-json\/wp\/v2\/pages"}],"about":[{"href":"https:\/\/agora.xtec.cat\/escolasantsadurni\/wp-json\/wp\/v2\/types\/page"}],"author":[{"embeddable":true,"href":"https:\/\/agora.xtec.cat\/escolasantsadurni\/wp-json\/wp\/v2\/users\/1"}],"replies":[{"embeddable":true,"href":"https:\/\/agora.xtec.cat\/escolasantsadurni\/wp-json\/wp\/v2\/comments?post=66"}],"version-history":[{"count":7,"href":"https:\/\/agora.xtec.cat\/escolasantsadurni\/wp-json\/wp\/v2\/pages\/66\/revisions"}],"predecessor-version":[{"id":13476,"href":"https:\/\/agora.xtec.cat\/escolasantsadurni\/wp-json\/wp\/v2\/pages\/66\/revisions\/13476"}],"wp:attachment":[{"href":"https:\/\/agora.xtec.cat\/escolasantsadurni\/wp-json\/wp\/v2\/media?parent=66"}],"curies":[{"name":"wp","href":"https:\/\/api.w.org\/{rel}","templated":true}]}}