{"id":64,"date":"2014-09-18T12:39:08","date_gmt":"2014-09-18T11:39:08","guid":{"rendered":"http:\/\/agora.xtec.cat\/escolasantsadurni\/?page_id=64"},"modified":"2025-02-03T15:45:26","modified_gmt":"2025-02-03T14:45:26","slug":"projecte-educatiu","status":"publish","type":"page","link":"https:\/\/agora.xtec.cat\/escolasantsadurni\/projecte-educatiu-2\/projecte-educatiu\/","title":{"rendered":"Projecte Educatiu del Centre (en revisi\u00f3 )."},"content":{"rendered":"<p>El projecte educatiu de centre (PEC) \u00e9s un document que inclou els trets d&#8217;identitat del centre, els principis pedag\u00f2gics, els principis organitzatius i el projecte ling\u00fc\u00edstic.<\/p>\n<p>En aquest document s&#8217;especifiquen els valors, els objectius i les prioritats d&#8217;actuaci\u00f3 del centre, la concreci\u00f3 dels curr\u00edculums que s&#8217;imparteixen i el tractament transversal en les \u00e0rees, mat\u00e8ries o m\u00f2duls de l&#8217;educaci\u00f3 en valors i altres ensenyaments.<\/p>\n<p>En els centres p\u00fablics, el PEC l&#8217;elabora el claustre, a iniciativa del director.\u00a0Els centres p\u00fablics han de disposar de projecte educatiu, d&#8217;acord amb el que estableix la Llei 12\/2009, del 10 de juliol, d&#8217;educaci\u00f3.\u00a0Es pot consultar al web de cada centre educatiu.<\/p>\n<p>Per poder consultar-lo, cliqueu al seg\u00fcent enlla\u00e7:<\/p>\n<p><a href=\"https:\/\/agora.xtec.cat\/escolasantsadurni\/wp-content\/uploads\/usu1491\/2018\/10\/Projecte-Educatiu-de-Centre.pdf\">Projecte Educatiu de Centre<\/a><\/p>\n","protected":false},"excerpt":{"rendered":"<p>El projecte educatiu de centre (PEC) \u00e9s un document que inclou els trets d&#8217;identitat del centre, els principis pedag\u00f2gics, els principis organitzatius i el projecte ling\u00fc\u00edstic.<br \/>\nEn aquest document s&#8217;especifiquen els valors, els objectius i les prioritats d&#8217;actuaci\u00f3 del centre, la concreci\u00f3 dels curr\u00edculums que s&#8217;imparteixen&hellip;  <a href=\"https:\/\/agora.xtec.cat\/escolasantsadurni\/projecte-educatiu-2\/projecte-educatiu\/\" title=\"Read Projecte Educatiu del Centre (en revisi\u00f3 ).\">Llegeix m\u00e9s\u00bb<\/a><\/p>\n","protected":false},"author":1,"featured_media":0,"parent":2754,"menu_order":10,"comment_status":"closed","ping_status":"closed","template":"page-templates\/side-menu.php","meta":{"_bbp_topic_count":0,"_bbp_reply_count":0,"_bbp_total_topic_count":0,"_bbp_total_reply_count":0,"_bbp_voice_count":0,"_bbp_anonymous_reply_count":0,"_bbp_topic_count_hidden":0,"_bbp_reply_count_hidden":0,"_bbp_forum_subforum_count":0,"footnotes":""},"class_list":["post-64","page","type-page","status-publish","hentry"],"post_mailing_queue_ids":[],"_links":{"self":[{"href":"https:\/\/agora.xtec.cat\/escolasantsadurni\/wp-json\/wp\/v2\/pages\/64","targetHints":{"allow":["GET"]}}],"collection":[{"href":"https:\/\/agora.xtec.cat\/escolasantsadurni\/wp-json\/wp\/v2\/pages"}],"about":[{"href":"https:\/\/agora.xtec.cat\/escolasantsadurni\/wp-json\/wp\/v2\/types\/page"}],"author":[{"embeddable":true,"href":"https:\/\/agora.xtec.cat\/escolasantsadurni\/wp-json\/wp\/v2\/users\/1"}],"replies":[{"embeddable":true,"href":"https:\/\/agora.xtec.cat\/escolasantsadurni\/wp-json\/wp\/v2\/comments?post=64"}],"version-history":[{"count":5,"href":"https:\/\/agora.xtec.cat\/escolasantsadurni\/wp-json\/wp\/v2\/pages\/64\/revisions"}],"predecessor-version":[{"id":14238,"href":"https:\/\/agora.xtec.cat\/escolasantsadurni\/wp-json\/wp\/v2\/pages\/64\/revisions\/14238"}],"up":[{"embeddable":true,"href":"https:\/\/agora.xtec.cat\/escolasantsadurni\/wp-json\/wp\/v2\/pages\/2754"}],"wp:attachment":[{"href":"https:\/\/agora.xtec.cat\/escolasantsadurni\/wp-json\/wp\/v2\/media?parent=64"}],"curies":[{"name":"wp","href":"https:\/\/api.w.org\/{rel}","templated":true}]}}