{"id":602,"date":"2017-04-05T15:16:35","date_gmt":"2017-04-05T13:16:35","guid":{"rendered":"http:\/\/agora.xtec.cat\/escolasantsadurni\/?page_id=602"},"modified":"2025-10-15T20:19:09","modified_gmt":"2025-10-15T18:19:09","slug":"equip-docent","status":"publish","type":"page","link":"https:\/\/agora.xtec.cat\/escolasantsadurni\/equip-docent\/","title":{"rendered":"Equip Docent"},"content":{"rendered":"<p><strong>Equip Directiu<\/strong><\/p>\n<ul data-spread=\"false\">\n<li><strong>Directora:<\/strong> Clara Riera Ginjaume<\/li>\n<li><strong>Cap d\u2019Estudis:<\/strong> Crist\u00f3bal Mart\u00edn Rom\u00e1n<\/li>\n<li><strong>Secret\u00e0ria:<\/strong> Montserrat Bonet Pujadas<\/li>\n<\/ul>\n<div>\n<hr \/>\n<\/div>\n<p><strong>Educaci\u00f3 Infantil<\/strong><\/p>\n<ul data-spread=\"false\">\n<li><strong>Tutora I3<\/strong>: Montserrat Bonet Pujadas\/S\u00f2nia Peula S\u00e1nchez<\/li>\n<li><strong>Tutora I4<\/strong>: Gemma Viaplana Mor\u00e9\/<span style=\"font-weight: 400;\">Laura Carrillo Codes<\/span><\/li>\n<li><strong>Tutora I5<\/strong>: Carme Torcal Puig\/<span style=\"font-weight: 400;\">Judit Arimon Nuevo<\/span><\/li>\n<li><strong>Especialista d\u2019Angl\u00e8s<\/strong>: Meritxell S\u00e1nchez Bielsa<\/li>\n<li><strong>Especialista de Psicomotricitat<\/strong>: <span style=\"font-weight: 400;\">Jaume Vi\u00f1allonga Hern\u00e1ndez<\/span><\/li>\n<li><strong>Pedagogia Terap\u00e8utica<\/strong>: Quiara Bachiller S\u00e1nchez<\/li>\n<li><strong>TEEI<\/strong>: Marivi Fuentes Corbacho<\/li>\n<li><strong>Referent PCTEI: <span style=\"font-weight: 400;\">Ruben Sergio De Lucas Aznar<\/span><\/strong><\/li>\n<li><strong>Vetlladors\/es<\/strong>:\n<ul data-spread=\"false\">\n<li>Mari Eufrasia Calixto<\/li>\n<li>Adri\u00e0 Colom Porqueres<\/li>\n<li>Ver\u00f3nica Carmona Burrero<\/li>\n<\/ul>\n<\/li>\n<\/ul>\n<div>\n<hr \/>\n<\/div>\n<p><strong>Educaci\u00f3 Prim\u00e0ria<\/strong><\/p>\n<ul data-spread=\"false\">\n<li><strong>Tutora 1r<\/strong>: Vanessa Reboreda Jim\u00e9nez<\/li>\n<li><strong>Tutor 2n<\/strong>: <span style=\"font-weight: 400;\">Miquel Calero Fern\u00e1ndez<\/span><\/li>\n<li><strong>Tutora 3r<\/strong>: <span style=\"font-weight: 400;\">Montse Plana P\u00e9rez<\/span><\/li>\n<li><strong>Tutora 4t<\/strong>: Silvia S\u00e1nchez Vioque<\/li>\n<li><strong>Tutor 5\u00e8<\/strong>: David Manzanares Garc\u00eda<\/li>\n<li><strong>Tutora 6\u00e8<\/strong>: Laura Fern\u00e1ndez Molt\u00f3<\/li>\n<li><strong>Especialista d\u2019Angl\u00e8s<\/strong>: Meritxell S\u00e1nchez Bielsa<\/li>\n<li><strong>Especialista d\u2019Educaci\u00f3 F\u00edsica<\/strong>: David Manzanares Garc\u00eda\/<span style=\"font-weight: 400;\">Jaume Vi\u00f1allonga Hern\u00e1ndez<\/span><\/li>\n<li><strong>Especialista de M\u00fasica<\/strong>: Laura Fern\u00e1ndez Molt\u00f3<\/li>\n<li><strong>Pedagogia Terap\u00e8utica<\/strong>: Quiara Bachiller S\u00e1nchez<\/li>\n<li><strong>Suport d&#8217;etapa:<\/strong> <span style=\"font-weight: 400;\">Alejandra Lucas Arjona<\/span><\/li>\n<\/ul>\n<p><strong>Adminstrativa:<\/strong> Maribel G\u00f3nzalez Ramos<\/p>\n<p><strong>Conserge:<\/strong> Montse Reyes Llamas<\/p>\n","protected":false},"excerpt":{"rendered":"<p>Equip Directiu<\/p>\n<ul data-spread=\"false\">\n<li>Directora: Clara Riera Ginjaume<\/li>\n<li>Cap d\u2019Estudis: Crist\u00f3bal Mart\u00edn Rom\u00e1n<\/li>\n<li>Secret\u00e0ria: Montserrat Bonet Pujadas<\/li>\n<\/ul>\n<p>Educaci\u00f3 Infantil<\/p>\n<ul data-spread=\"false\">\n<li>Tutora I3: Montserrat Bonet Pujadas\/S\u00f2nia Peula S\u00e1nchez<\/li>\n<li>Tutora I4: Gemma Viaplana Mor\u00e9\/Laura Carrillo Codes<\/li>\n<li>Tutora I5: Carme Torcal Puig\/Judit Arimon Nuevo<\/li>\n<li>Especialista d\u2019Angl\u00e8s: Meritxell S\u00e1nchez Bielsa<\/li>\n<li>Especialista de Psicomotricitat: Jaume Vi\u00f1allonga Hern\u00e1ndez<\/li>\n<li>Pedagogia Terap\u00e8utica: Quiara Bachiller&hellip;  <a href=\"https:\/\/agora.xtec.cat\/escolasantsadurni\/equip-docent\/\" title=\"Read Equip Docent\">Llegeix m\u00e9s\u00bb<\/a><br \/>\n","protected":false},"author":1,"featured_media":0,"parent":0,"menu_order":70,"comment_status":"closed","ping_status":"closed","template":"page-templates\/side-menu.php","meta":{"_bbp_topic_count":0,"_bbp_reply_count":0,"_bbp_total_topic_count":0,"_bbp_total_reply_count":0,"_bbp_voice_count":0,"_bbp_anonymous_reply_count":0,"_bbp_topic_count_hidden":0,"_bbp_reply_count_hidden":0,"_bbp_forum_subforum_count":0,"footnotes":""},"class_list":["post-602","page","type-page","status-publish","hentry"],"post_mailing_queue_ids":[],"_links":{"self":[{"href":"https:\/\/agora.xtec.cat\/escolasantsadurni\/wp-json\/wp\/v2\/pages\/602","targetHints":{"allow":["GET"]}}],"collection":[{"href":"https:\/\/agora.xtec.cat\/escolasantsadurni\/wp-json\/wp\/v2\/pages"}],"about":[{"href":"https:\/\/agora.xtec.cat\/escolasantsadurni\/wp-json\/wp\/v2\/types\/page"}],"author":[{"embeddable":true,"href":"https:\/\/agora.xtec.cat\/escolasantsadurni\/wp-json\/wp\/v2\/users\/1"}],"replies":[{"embeddable":true,"href":"https:\/\/agora.xtec.cat\/escolasantsadurni\/wp-json\/wp\/v2\/comments?post=602"}],"version-history":[{"count":8,"href":"https:\/\/agora.xtec.cat\/escolasantsadurni\/wp-json\/wp\/v2\/pages\/602\/revisions"}],"predecessor-version":[{"id":15271,"href":"https:\/\/agora.xtec.cat\/escolasantsadurni\/wp-json\/wp\/v2\/pages\/602\/revisions\/15271"}],"wp:attachment":[{"href":"https:\/\/agora.xtec.cat\/escolasantsadurni\/wp-json\/wp\/v2\/media?parent=602"}],"curies":[{"name":"wp","href":"https:\/\/api.w.org\/{rel}","templated":true}]}}