{"id":38,"date":"2014-09-18T12:34:08","date_gmt":"2014-09-18T11:34:08","guid":{"rendered":"http:\/\/agora.xtec.cat\/escolasantsadurni\/?page_id=38"},"modified":"2023-12-05T15:06:00","modified_gmt":"2023-12-05T14:06:00","slug":"salut","status":"publish","type":"page","link":"https:\/\/agora.xtec.cat\/escolasantsadurni\/lescola\/salut\/","title":{"rendered":"Salut"},"content":{"rendered":"<p style=\"text-align: justify;\">A l&#8217;escola seguim mesures de salut marcades pel Departament d&#8217;Educaci\u00f3 i l&#8217;OMS referents a higiene i cura del propi cos.<\/p>\n<p style=\"text-align: justify;\">El Departament de Salut, a trav\u00e9s dels equips d\u2019atenci\u00f3 prim\u00e0ria, administrar\u00e0 les vacunes als alumnes del centre segons el calendari de vacunacions vigent a Catalunya.<\/p>\n<p style=\"text-align: justify;\">Pel que fa a la pol\u00edtica d&#8217;al\u00b7l\u00e8rgies, sol\u00b7licitem un informe del metge on especifiqui quina al\u00b7l\u00e8rgia t\u00e9 l&#8217;alumne, tant aliment\u00e0ria com fisiol\u00f2gica, per a poder atendre millor les seves necessitats.<\/p>\n<p style=\"text-align: justify;\">Us recordem que per administrar medicaments als alumnes, cal que dugueu el model d&#8217;autoritzaci\u00f3 de l&#8217;escola per aquest fi: no es podr\u00e0 administrar cap medicament sense aquesta autoritzaci\u00f3 per raons de salut.\u00a0Si no teniu cap c\u00f2pia a casa, podeu trobar-les a l&#8217;apartat de DOCUMENTS al men\u00fa superior.<\/p>\n<p style=\"text-align: justify;\">\n<p>&nbsp;<\/p>\n<p>&nbsp;<\/p>\n<p>&nbsp;<\/p>\n<p>&nbsp;<\/p>\n<p>&nbsp;<\/p>\n<p>&nbsp;<\/p>\n","protected":false},"excerpt":{"rendered":"<p>A l&#8217;escola seguim mesures de salut marcades pel Departament d&#8217;Educaci\u00f3 i l&#8217;OMS referents a higiene i cura del propi cos.<br \/>\nEl Departament de Salut, a trav\u00e9s dels equips d\u2019atenci\u00f3 prim\u00e0ria, administrar\u00e0 les vacunes als alumnes del centre segons el calendari de vacunacions vigent a Catalunya.<br \/>\nPel que&hellip;  <a href=\"https:\/\/agora.xtec.cat\/escolasantsadurni\/lescola\/salut\/\" title=\"Read Salut\">Llegeix m\u00e9s\u00bb<\/a><\/p>\n","protected":false},"author":1,"featured_media":0,"parent":22,"menu_order":80,"comment_status":"closed","ping_status":"closed","template":"page-templates\/side-menu.php","meta":{"_bbp_topic_count":0,"_bbp_reply_count":0,"_bbp_total_topic_count":0,"_bbp_total_reply_count":0,"_bbp_voice_count":0,"_bbp_anonymous_reply_count":0,"_bbp_topic_count_hidden":0,"_bbp_reply_count_hidden":0,"_bbp_forum_subforum_count":0,"footnotes":""},"class_list":["post-38","page","type-page","status-publish","hentry"],"post_mailing_queue_ids":[],"_links":{"self":[{"href":"https:\/\/agora.xtec.cat\/escolasantsadurni\/wp-json\/wp\/v2\/pages\/38","targetHints":{"allow":["GET"]}}],"collection":[{"href":"https:\/\/agora.xtec.cat\/escolasantsadurni\/wp-json\/wp\/v2\/pages"}],"about":[{"href":"https:\/\/agora.xtec.cat\/escolasantsadurni\/wp-json\/wp\/v2\/types\/page"}],"author":[{"embeddable":true,"href":"https:\/\/agora.xtec.cat\/escolasantsadurni\/wp-json\/wp\/v2\/users\/1"}],"replies":[{"embeddable":true,"href":"https:\/\/agora.xtec.cat\/escolasantsadurni\/wp-json\/wp\/v2\/comments?post=38"}],"version-history":[{"count":5,"href":"https:\/\/agora.xtec.cat\/escolasantsadurni\/wp-json\/wp\/v2\/pages\/38\/revisions"}],"predecessor-version":[{"id":13466,"href":"https:\/\/agora.xtec.cat\/escolasantsadurni\/wp-json\/wp\/v2\/pages\/38\/revisions\/13466"}],"up":[{"embeddable":true,"href":"https:\/\/agora.xtec.cat\/escolasantsadurni\/wp-json\/wp\/v2\/pages\/22"}],"wp:attachment":[{"href":"https:\/\/agora.xtec.cat\/escolasantsadurni\/wp-json\/wp\/v2\/media?parent=38"}],"curies":[{"name":"wp","href":"https:\/\/api.w.org\/{rel}","templated":true}]}}