{"id":3337,"date":"2018-11-22T13:20:20","date_gmt":"2018-11-22T12:20:20","guid":{"rendered":"http:\/\/agora.xtec.cat\/escolasantsadurni\/?page_id=3337"},"modified":"2025-02-18T09:16:08","modified_gmt":"2025-02-18T08:16:08","slug":"sant-jordi","status":"publish","type":"page","link":"https:\/\/agora.xtec.cat\/escolasantsadurni\/festes\/sant-jordi\/","title":{"rendered":"Sant Jordi"},"content":{"rendered":"<p>La\u00a0<b>Diada de Sant Jordi<\/b>\u00a0a\u00a0Catalunya\u00a0\u00e9s una festa que se celebra el\u00a023 d&#8217;abril\u00a0amb el Dia del Llibre i la Fira de les Roses, s\u00edmbols de la cultura i l&#8217;amor,<sup id=\"cite_ref-culturcat_1-0\" class=\"reference\"><\/sup>\u00a0i \u00e9s tamb\u00e9 una jornada que reivindica la\u00a0cultura catalana.<\/p>\n<p>A l&#8217;escola ho celebrem amb uns Jocs Florals organitzats per l&#8217;AFA, en els quals tot l&#8217;alumnat hi participa (els m\u00e9s petits amb dibuixos i els m\u00e9s grans amb textos narratius). Tamb\u00e9 es regalen roses o d&#8217;altres detalls relacionats amb la diada elaborats pels nens i nenes. A Infantil, es realitza un mercat d&#8217;intercanvi de llibres entre els infants i es representa la llegenda. I com a element important, rebem la visita del Drac Petit de la Colla del Drac i Diables de Montorn\u00e8s.<\/p>\n<p><a href=\"https:\/\/agora.xtec.cat\/escolasantsadurni\/festes\/sant-jordi\/attachment\/7347d050-768e-4564-8c6d-1328c9c8073c\/\" rel=\"attachment wp-att-14415\"><img loading=\"lazy\" decoding=\"async\" class=\"size-medium wp-image-14415 aligncenter\" src=\"https:\/\/agora.xtec.cat\/escolasantsadurni\/wp-content\/uploads\/usu1491\/2025\/02\/7347d050-768e-4564-8c6d-1328c9c8073c-269x300.jpg\" alt=\"\" width=\"269\" height=\"300\" srcset=\"https:\/\/agora.xtec.cat\/escolasantsadurni\/wp-content\/uploads\/usu1491\/2025\/02\/7347d050-768e-4564-8c6d-1328c9c8073c-269x300.jpg 269w, https:\/\/agora.xtec.cat\/escolasantsadurni\/wp-content\/uploads\/usu1491\/2025\/02\/7347d050-768e-4564-8c6d-1328c9c8073c-919x1024.jpg 919w, https:\/\/agora.xtec.cat\/escolasantsadurni\/wp-content\/uploads\/usu1491\/2025\/02\/7347d050-768e-4564-8c6d-1328c9c8073c-768x856.jpg 768w, https:\/\/agora.xtec.cat\/escolasantsadurni\/wp-content\/uploads\/usu1491\/2025\/02\/7347d050-768e-4564-8c6d-1328c9c8073c-1378x1536.jpg 1378w, https:\/\/agora.xtec.cat\/escolasantsadurni\/wp-content\/uploads\/usu1491\/2025\/02\/7347d050-768e-4564-8c6d-1328c9c8073c.jpg 1780w\" sizes=\"auto, (max-width: 269px) 100vw, 269px\" \/><\/a><\/p>\n","protected":false},"excerpt":{"rendered":"<p>La\u00a0Diada de Sant Jordi\u00a0a\u00a0Catalunya\u00a0\u00e9s una festa que se celebra el\u00a023 d&#8217;abril\u00a0amb el Dia del Llibre i la Fira de les Roses, s\u00edmbols de la cultura i l&#8217;amor,\u00a0i \u00e9s tamb\u00e9 una jornada que reivindica la\u00a0cultura catalana.<br \/>\nA l&#8217;escola ho celebrem amb uns Jocs Florals organitzats per l&#8217;AFA,&hellip;  <a href=\"https:\/\/agora.xtec.cat\/escolasantsadurni\/festes\/sant-jordi\/\" title=\"Read Sant Jordi\">Llegeix m\u00e9s\u00bb<\/a><\/p>\n","protected":false},"author":1,"featured_media":0,"parent":3267,"menu_order":50,"comment_status":"closed","ping_status":"closed","template":"","meta":{"_bbp_topic_count":0,"_bbp_reply_count":0,"_bbp_total_topic_count":0,"_bbp_total_reply_count":0,"_bbp_voice_count":0,"_bbp_anonymous_reply_count":0,"_bbp_topic_count_hidden":0,"_bbp_reply_count_hidden":0,"_bbp_forum_subforum_count":0,"footnotes":""},"class_list":["post-3337","page","type-page","status-publish","hentry"],"post_mailing_queue_ids":[],"_links":{"self":[{"href":"https:\/\/agora.xtec.cat\/escolasantsadurni\/wp-json\/wp\/v2\/pages\/3337","targetHints":{"allow":["GET"]}}],"collection":[{"href":"https:\/\/agora.xtec.cat\/escolasantsadurni\/wp-json\/wp\/v2\/pages"}],"about":[{"href":"https:\/\/agora.xtec.cat\/escolasantsadurni\/wp-json\/wp\/v2\/types\/page"}],"author":[{"embeddable":true,"href":"https:\/\/agora.xtec.cat\/escolasantsadurni\/wp-json\/wp\/v2\/users\/1"}],"replies":[{"embeddable":true,"href":"https:\/\/agora.xtec.cat\/escolasantsadurni\/wp-json\/wp\/v2\/comments?post=3337"}],"version-history":[{"count":6,"href":"https:\/\/agora.xtec.cat\/escolasantsadurni\/wp-json\/wp\/v2\/pages\/3337\/revisions"}],"predecessor-version":[{"id":14416,"href":"https:\/\/agora.xtec.cat\/escolasantsadurni\/wp-json\/wp\/v2\/pages\/3337\/revisions\/14416"}],"up":[{"embeddable":true,"href":"https:\/\/agora.xtec.cat\/escolasantsadurni\/wp-json\/wp\/v2\/pages\/3267"}],"wp:attachment":[{"href":"https:\/\/agora.xtec.cat\/escolasantsadurni\/wp-json\/wp\/v2\/media?parent=3337"}],"curies":[{"name":"wp","href":"https:\/\/api.w.org\/{rel}","templated":true}]}}