{"id":3312,"date":"2018-11-20T18:40:12","date_gmt":"2018-11-20T17:40:12","guid":{"rendered":"http:\/\/agora.xtec.cat\/escolasantsadurni\/?page_id=3312"},"modified":"2025-02-19T16:27:45","modified_gmt":"2025-02-19T15:27:45","slug":"nadal","status":"publish","type":"page","link":"https:\/\/agora.xtec.cat\/escolasantsadurni\/festes\/nadal\/","title":{"rendered":"Nadal"},"content":{"rendered":"<p style=\"text-align: justify;\">Al desembre arriba el Nadal i l&#8217;escola ho celebra amb diferents activitats dirigides als nostres alumnes per\u00f2 tamb\u00e9 als pares i mares de l&#8217;escola.<\/p>\n<p>Ens visiten els patges del Pare Noel i aix\u00ed podem entregar les cartes amb el que hem demanat.<\/p>\n<p>Els m\u00e9s petits d&#8217;Infantil, 1r i 2n gaudeixen de l&#8217;arribada del Ti\u00f3 que aniran cuidant i alimentant al llarg del mes fins a fer-lo &#8220;cagar&#8221;.<\/p>\n<p>Els m\u00e9s grans de l&#8217;escola preparen &#8220;l&#8217;amic invisible&#8221; i es fan regals amb manualitats fetes a casa.<\/p>\n<p>A m\u00e9s a m\u00e9s, els nens i nenes de l&#8217;escola preparen danses i can\u00e7ons de Nadal que representaran a la Cantata que fem al Teatre Margarida Xirgu de Montorn\u00e8s. Aquest festival va dirigit a les fam\u00edlies de l&#8217;escola.<\/p>\n<p>Tamb\u00e9 al llarg del mes fem tallers de Nadal amb manualitats que despr\u00e9s ens emportem a casa.<\/p>\n<p>El darrer dia del trimestre l&#8217;AFA de l&#8217;escola ens convida esmorzar.<\/p>\n<p>Per\u00f2 aix\u00f2 no acaba aqu\u00ed. A la tornada de festes els Reis d&#8217;Orient deixen regals a totes les classes amb joguines i llibres per a fer servir a l&#8217;escola.<\/p>\n<p><a href=\"https:\/\/drive.google.com\/file\/d\/13fzM89b8BtUziDUsOKJ7oPQJsE0fxvx4\/view?usp=sharing\">\u00a0 V\u00eddeo Nadal mestres\u00a0<\/a><\/p>\n<p><img loading=\"lazy\" decoding=\"async\" class=\"size-medium wp-image-14496 aligncenter\" src=\"https:\/\/agora.xtec.cat\/escolasantsadurni\/wp-content\/uploads\/usu1491\/2025\/02\/Captura1-300x119.jpg\" alt=\"\" width=\"300\" height=\"119\" srcset=\"https:\/\/agora.xtec.cat\/escolasantsadurni\/wp-content\/uploads\/usu1491\/2025\/02\/Captura1-300x119.jpg 300w, https:\/\/agora.xtec.cat\/escolasantsadurni\/wp-content\/uploads\/usu1491\/2025\/02\/Captura1-1024x406.jpg 1024w, https:\/\/agora.xtec.cat\/escolasantsadurni\/wp-content\/uploads\/usu1491\/2025\/02\/Captura1-768x304.jpg 768w, https:\/\/agora.xtec.cat\/escolasantsadurni\/wp-content\/uploads\/usu1491\/2025\/02\/Captura1.jpg 1254w\" sizes=\"auto, (max-width: 300px) 100vw, 300px\" \/> <img loading=\"lazy\" decoding=\"async\" class=\"size-medium wp-image-14497 alignright\" src=\"https:\/\/agora.xtec.cat\/escolasantsadurni\/wp-content\/uploads\/usu1491\/2025\/02\/Captura3-300x127.jpg\" alt=\"\" width=\"300\" height=\"127\" srcset=\"https:\/\/agora.xtec.cat\/escolasantsadurni\/wp-content\/uploads\/usu1491\/2025\/02\/Captura3-300x127.jpg 300w, https:\/\/agora.xtec.cat\/escolasantsadurni\/wp-content\/uploads\/usu1491\/2025\/02\/Captura3-1024x433.jpg 1024w, https:\/\/agora.xtec.cat\/escolasantsadurni\/wp-content\/uploads\/usu1491\/2025\/02\/Captura3-768x325.jpg 768w, https:\/\/agora.xtec.cat\/escolasantsadurni\/wp-content\/uploads\/usu1491\/2025\/02\/Captura3.jpg 1214w\" sizes=\"auto, (max-width: 300px) 100vw, 300px\" \/> <img loading=\"lazy\" decoding=\"async\" class=\"size-medium wp-image-14495 alignleft\" src=\"https:\/\/agora.xtec.cat\/escolasantsadurni\/wp-content\/uploads\/usu1491\/2025\/02\/Captura-300x127.jpg\" alt=\"\" width=\"300\" height=\"127\" srcset=\"https:\/\/agora.xtec.cat\/escolasantsadurni\/wp-content\/uploads\/usu1491\/2025\/02\/Captura-300x127.jpg 300w, https:\/\/agora.xtec.cat\/escolasantsadurni\/wp-content\/uploads\/usu1491\/2025\/02\/Captura-1024x433.jpg 1024w, https:\/\/agora.xtec.cat\/escolasantsadurni\/wp-content\/uploads\/usu1491\/2025\/02\/Captura-768x325.jpg 768w, https:\/\/agora.xtec.cat\/escolasantsadurni\/wp-content\/uploads\/usu1491\/2025\/02\/Captura.jpg 1177w\" sizes=\"auto, (max-width: 300px) 100vw, 300px\" \/><\/p>\n","protected":false},"excerpt":{"rendered":"<p>Al desembre arriba el Nadal i l&#8217;escola ho celebra amb diferents activitats dirigides als nostres alumnes per\u00f2 tamb\u00e9 als pares i mares de l&#8217;escola.<br \/>\nEns visiten els patges del Pare Noel i aix\u00ed podem entregar les cartes amb el que hem demanat.<br \/>\nEls m\u00e9s petits d&#8217;Infantil, 1r&hellip;  <a href=\"https:\/\/agora.xtec.cat\/escolasantsadurni\/festes\/nadal\/\" title=\"Read Nadal\">Llegeix m\u00e9s\u00bb<\/a><\/p>\n","protected":false},"author":1,"featured_media":0,"parent":3267,"menu_order":30,"comment_status":"closed","ping_status":"closed","template":"page-templates\/side-menu.php","meta":{"_bbp_topic_count":0,"_bbp_reply_count":0,"_bbp_total_topic_count":0,"_bbp_total_reply_count":0,"_bbp_voice_count":0,"_bbp_anonymous_reply_count":0,"_bbp_topic_count_hidden":0,"_bbp_reply_count_hidden":0,"_bbp_forum_subforum_count":0,"footnotes":""},"class_list":["post-3312","page","type-page","status-publish","hentry"],"post_mailing_queue_ids":[],"_links":{"self":[{"href":"https:\/\/agora.xtec.cat\/escolasantsadurni\/wp-json\/wp\/v2\/pages\/3312","targetHints":{"allow":["GET"]}}],"collection":[{"href":"https:\/\/agora.xtec.cat\/escolasantsadurni\/wp-json\/wp\/v2\/pages"}],"about":[{"href":"https:\/\/agora.xtec.cat\/escolasantsadurni\/wp-json\/wp\/v2\/types\/page"}],"author":[{"embeddable":true,"href":"https:\/\/agora.xtec.cat\/escolasantsadurni\/wp-json\/wp\/v2\/users\/1"}],"replies":[{"embeddable":true,"href":"https:\/\/agora.xtec.cat\/escolasantsadurni\/wp-json\/wp\/v2\/comments?post=3312"}],"version-history":[{"count":6,"href":"https:\/\/agora.xtec.cat\/escolasantsadurni\/wp-json\/wp\/v2\/pages\/3312\/revisions"}],"predecessor-version":[{"id":14499,"href":"https:\/\/agora.xtec.cat\/escolasantsadurni\/wp-json\/wp\/v2\/pages\/3312\/revisions\/14499"}],"up":[{"embeddable":true,"href":"https:\/\/agora.xtec.cat\/escolasantsadurni\/wp-json\/wp\/v2\/pages\/3267"}],"wp:attachment":[{"href":"https:\/\/agora.xtec.cat\/escolasantsadurni\/wp-json\/wp\/v2\/media?parent=3312"}],"curies":[{"name":"wp","href":"https:\/\/api.w.org\/{rel}","templated":true}]}}