{"id":3267,"date":"2018-11-19T16:11:11","date_gmt":"2018-11-19T15:11:11","guid":{"rendered":"http:\/\/agora.xtec.cat\/escolasantsadurni\/?page_id=3267"},"modified":"2025-02-10T12:42:36","modified_gmt":"2025-02-10T11:42:36","slug":"festes","status":"publish","type":"page","link":"https:\/\/agora.xtec.cat\/escolasantsadurni\/festes\/","title":{"rendered":"Festes i celebracions"},"content":{"rendered":"<div class=\"thumb tright\">\n<div class=\"thumbinner\"><\/div>\n<\/div>\n<p><span style=\"font-family: inherit; font-size: 1em;\">Les\u00a0<\/span>festes<span style=\"font-family: inherit; font-size: 1em;\">\u00a0s\u00f3n esdeveniments de car\u00e0cter social organitzats amb l&#8217;objectiu de passar-s&#8217;ho b\u00e9 plegats. Al nostre centre els donem una import\u00e0ncia cabdal per ser un moment en qu\u00e8 es treballen les tradicions pr\u00f2pies de la nostra cultura aix\u00ed com valors de companyerisme i socialitzaci\u00f3.<\/span><\/p>\n<p><span style=\"font-family: inherit; font-size: 1em; text-align: justify;\">A l&#8217;escola se celebren les festes tradicionals: Castanyada, Nadal, Carnaval i Sant Jordi. A banda d&#8217;aquestes, tamb\u00e9 es realitza la Festa de Benvinguda de l&#8217;alumnat de P-3 i el Festival de Final de Curs.<\/span><\/p>\n<p><a href=\"https:\/\/agora.xtec.cat\/escolasantsadurni\/wp-content\/uploads\/usu1491\/2018\/11\/festa.jpg\"><img loading=\"lazy\" decoding=\"async\" class=\"aligncenter wp-image-3268 size-large\" src=\"https:\/\/agora.xtec.cat\/escolasantsadurni\/wp-content\/uploads\/usu1491\/2018\/11\/festa-1024x256.jpg\" alt=\"\" width=\"1024\" height=\"256\" \/><\/a><\/p>\n","protected":false},"excerpt":{"rendered":"<p>Les\u00a0festes\u00a0s\u00f3n esdeveniments de car\u00e0cter social organitzats amb l&#8217;objectiu de passar-s&#8217;ho b\u00e9 plegats. Al nostre centre els donem una import\u00e0ncia cabdal per ser un moment en qu\u00e8 es treballen les tradicions pr\u00f2pies de la nostra cultura aix\u00ed com valors de companyerisme i socialitzaci\u00f3.<br \/>\nA l&#8217;escola se celebren&hellip;  <a href=\"https:\/\/agora.xtec.cat\/escolasantsadurni\/festes\/\" title=\"Read Festes i celebracions\">Llegeix m\u00e9s\u00bb<\/a><\/p>\n","protected":false},"author":1,"featured_media":0,"parent":0,"menu_order":0,"comment_status":"closed","ping_status":"closed","template":"","meta":{"_bbp_topic_count":0,"_bbp_reply_count":0,"_bbp_total_topic_count":0,"_bbp_total_reply_count":0,"_bbp_voice_count":0,"_bbp_anonymous_reply_count":0,"_bbp_topic_count_hidden":0,"_bbp_reply_count_hidden":0,"_bbp_forum_subforum_count":0,"footnotes":""},"class_list":["post-3267","page","type-page","status-publish","hentry"],"post_mailing_queue_ids":[],"_links":{"self":[{"href":"https:\/\/agora.xtec.cat\/escolasantsadurni\/wp-json\/wp\/v2\/pages\/3267","targetHints":{"allow":["GET"]}}],"collection":[{"href":"https:\/\/agora.xtec.cat\/escolasantsadurni\/wp-json\/wp\/v2\/pages"}],"about":[{"href":"https:\/\/agora.xtec.cat\/escolasantsadurni\/wp-json\/wp\/v2\/types\/page"}],"author":[{"embeddable":true,"href":"https:\/\/agora.xtec.cat\/escolasantsadurni\/wp-json\/wp\/v2\/users\/1"}],"replies":[{"embeddable":true,"href":"https:\/\/agora.xtec.cat\/escolasantsadurni\/wp-json\/wp\/v2\/comments?post=3267"}],"version-history":[{"count":2,"href":"https:\/\/agora.xtec.cat\/escolasantsadurni\/wp-json\/wp\/v2\/pages\/3267\/revisions"}],"predecessor-version":[{"id":14289,"href":"https:\/\/agora.xtec.cat\/escolasantsadurni\/wp-json\/wp\/v2\/pages\/3267\/revisions\/14289"}],"wp:attachment":[{"href":"https:\/\/agora.xtec.cat\/escolasantsadurni\/wp-json\/wp\/v2\/media?parent=3267"}],"curies":[{"name":"wp","href":"https:\/\/api.w.org\/{rel}","templated":true}]}}