{"id":3262,"date":"2018-11-19T16:01:29","date_gmt":"2018-11-19T15:01:29","guid":{"rendered":"http:\/\/agora.xtec.cat\/escolasantsadurni\/?page_id=3262"},"modified":"2025-02-20T20:40:22","modified_gmt":"2025-02-20T19:40:22","slug":"setmana-cultural","status":"publish","type":"page","link":"https:\/\/agora.xtec.cat\/escolasantsadurni\/activitats-i-tallers\/setmana-cultural\/","title":{"rendered":"Setmana Cultural"},"content":{"rendered":"<p>Durant el curs hi ha una setmana en qu\u00e8 a l&#8217;escola es fan tallers relacionats amb l&#8217;aprenentatge d&#8217;un tema monogr\u00e0fic per a aprofundir sobre aquest i per a aprendre&#8217;n m\u00e9s coses. Alguns temes que s&#8217;han treballat els \u00faltims anys han estat: l&#8217;univers, l&#8217;aigua, el turisme sostenible, els contes i les llegendes&#8230; Les nenes i els nens realitzen treballs de s\u00edntesi que queden exposats als passadissos i classes del centre. Tota l&#8217;escola queda decorada seguint el tema proposat.<\/p>\n<p>Aquest curs 2024-25 la setmana cultural portar\u00e0 com a t\u00edtol <strong>&#8220;La ci\u00e8ncia&#8221;.<\/strong><\/p>\n<p>El curs passat vam treballar L&#8217;Art.<\/p>\n<p><img loading=\"lazy\" decoding=\"async\" class=\" wp-image-14705 aligncenter\" src=\"https:\/\/agora.xtec.cat\/escolasantsadurni\/wp-content\/uploads\/usu1491\/2025\/02\/Captura-de-pantalla-2025-02-20-203845-300x142.png\" alt=\"\" width=\"334\" height=\"158\" srcset=\"https:\/\/agora.xtec.cat\/escolasantsadurni\/wp-content\/uploads\/usu1491\/2025\/02\/Captura-de-pantalla-2025-02-20-203845-300x142.png 300w, https:\/\/agora.xtec.cat\/escolasantsadurni\/wp-content\/uploads\/usu1491\/2025\/02\/Captura-de-pantalla-2025-02-20-203845-1024x483.png 1024w, https:\/\/agora.xtec.cat\/escolasantsadurni\/wp-content\/uploads\/usu1491\/2025\/02\/Captura-de-pantalla-2025-02-20-203845-768x362.png 768w, https:\/\/agora.xtec.cat\/escolasantsadurni\/wp-content\/uploads\/usu1491\/2025\/02\/Captura-de-pantalla-2025-02-20-203845.png 1227w\" sizes=\"auto, (max-width: 334px) 100vw, 334px\" \/><\/p>\n<p style=\"text-align: center;\">\n","protected":false},"excerpt":{"rendered":"<p>Durant el curs hi ha una setmana en qu\u00e8 a l&#8217;escola es fan tallers relacionats amb l&#8217;aprenentatge d&#8217;un tema monogr\u00e0fic per a aprofundir sobre aquest i per a aprendre&#8217;n m\u00e9s coses. Alguns temes que s&#8217;han treballat els \u00faltims anys han estat: l&#8217;univers, l&#8217;aigua, el turisme&hellip;  <a href=\"https:\/\/agora.xtec.cat\/escolasantsadurni\/activitats-i-tallers\/setmana-cultural\/\" title=\"Read Setmana Cultural\">Llegeix m\u00e9s\u00bb<\/a><\/p>\n","protected":false},"author":1,"featured_media":0,"parent":2678,"menu_order":50,"comment_status":"closed","ping_status":"closed","template":"","meta":{"_bbp_topic_count":0,"_bbp_reply_count":0,"_bbp_total_topic_count":0,"_bbp_total_reply_count":0,"_bbp_voice_count":0,"_bbp_anonymous_reply_count":0,"_bbp_topic_count_hidden":0,"_bbp_reply_count_hidden":0,"_bbp_forum_subforum_count":0,"footnotes":""},"class_list":["post-3262","page","type-page","status-publish","hentry"],"post_mailing_queue_ids":[],"_links":{"self":[{"href":"https:\/\/agora.xtec.cat\/escolasantsadurni\/wp-json\/wp\/v2\/pages\/3262","targetHints":{"allow":["GET"]}}],"collection":[{"href":"https:\/\/agora.xtec.cat\/escolasantsadurni\/wp-json\/wp\/v2\/pages"}],"about":[{"href":"https:\/\/agora.xtec.cat\/escolasantsadurni\/wp-json\/wp\/v2\/types\/page"}],"author":[{"embeddable":true,"href":"https:\/\/agora.xtec.cat\/escolasantsadurni\/wp-json\/wp\/v2\/users\/1"}],"replies":[{"embeddable":true,"href":"https:\/\/agora.xtec.cat\/escolasantsadurni\/wp-json\/wp\/v2\/comments?post=3262"}],"version-history":[{"count":6,"href":"https:\/\/agora.xtec.cat\/escolasantsadurni\/wp-json\/wp\/v2\/pages\/3262\/revisions"}],"predecessor-version":[{"id":14706,"href":"https:\/\/agora.xtec.cat\/escolasantsadurni\/wp-json\/wp\/v2\/pages\/3262\/revisions\/14706"}],"up":[{"embeddable":true,"href":"https:\/\/agora.xtec.cat\/escolasantsadurni\/wp-json\/wp\/v2\/pages\/2678"}],"wp:attachment":[{"href":"https:\/\/agora.xtec.cat\/escolasantsadurni\/wp-json\/wp\/v2\/media?parent=3262"}],"curies":[{"name":"wp","href":"https:\/\/api.w.org\/{rel}","templated":true}]}}