{"id":2846,"date":"2018-10-15T15:40:06","date_gmt":"2018-10-15T13:40:06","guid":{"rendered":"http:\/\/agora.xtec.cat\/escolasantsadurni\/?page_id=2846"},"modified":"2021-10-19T19:21:19","modified_gmt":"2021-10-19T17:21:19","slug":"educacio-mediambiental","status":"publish","type":"page","link":"https:\/\/agora.xtec.cat\/escolasantsadurni\/activitats-i-tallers-2\/tallers\/educacio-mediambiental\/","title":{"rendered":"Educaci\u00f3 mediambiental"},"content":{"rendered":"<p><strong>OBJECTIUS<\/strong><\/p>\n<p>-Refor\u00e7ar l&#8217;estudi d&#8217;entorns com els rius per donar una visi\u00f3 m\u00e9s global de l&#8217;aigua, de la vida que hi amaga, dels seus aprofitaments, dels seus impactes i de les accions endegades per corregir-los.<\/p>\n<p>&#8211; Apropar la natura a les escoles mitjan\u00e7ant el contacte directe amb els animals.<br \/>\n&#8211; Aprofundir en el coneixement pr\u00e0ctic de la fauna, aix\u00ed com de la seva\u00a0morfologia, biologia, costums, h\u00e0bitats, etc.<br \/>\n&#8211; Fomentar la responsabilitat amb els animals de companyia.<br \/>\n&#8211; Incentivar una actitud respectuosa envers la natura i el medi ambient.<\/p>\n<p><strong>ACTIVITATS<\/strong><\/p>\n<p><strong>Coneguem els animals (toca- toca)\u00a0<\/strong><\/p>\n<p>Taller per apropar la natura a les escoles mitjan\u00e7ant el contacte directe amb els animals.<\/p>\n<p><strong>Els invertebrats\u00a0<\/strong><\/p>\n<p>Taller toca-toca on es poden observar de prop els diferents tipus d\u2019invertebrats artr\u00f2podes com s\u00f3n els insectes, els ar\u00e0cnids, els miri\u00e0podes i els crustacis.<\/p>\n<p><strong>Energies renovables\u00a0<\/strong><\/p>\n<p>Taller per con\u00e8ixer les fonts d\u2019energia, la contaminaci\u00f3 lligada a l\u2019\u00fas de l\u2019energia, les energies renovables i les actuacions a l\u2019abast de tothom.<\/p>\n<p><strong>Canvi clim\u00e0tic\u00a0<\/strong><\/p>\n<p>Taller per divulgar i con\u00e8ixer qu\u00e8 \u00e9s el canvi clim\u00e0tic.<\/p>\n<p><a href=\"https:\/\/agora.xtec.cat\/escolasantsadurni\/wp-content\/uploads\/usu1491\/2018\/10\/IMG_20180305_120913-300x225.jpg\"><img loading=\"lazy\" decoding=\"async\" class=\"alignnone size-full wp-image-3012\" src=\"https:\/\/agora.xtec.cat\/escolasantsadurni\/wp-content\/uploads\/usu1491\/2018\/10\/IMG_20180305_120913-300x225.jpg\" alt=\"\" width=\"300\" height=\"225\" \/><\/a> <a href=\"https:\/\/agora.xtec.cat\/escolasantsadurni\/wp-content\/uploads\/usu1491\/2018\/10\/IMG_20180305_123115.jpg\"><img loading=\"lazy\" decoding=\"async\" class=\"alignnone wp-image-3013 size-medium\" src=\"https:\/\/agora.xtec.cat\/escolasantsadurni\/wp-content\/uploads\/usu1491\/2018\/10\/IMG_20180305_123115-300x225.jpg\" alt=\"\" width=\"300\" height=\"225\" \/><\/a><\/p>\n<p style=\"text-align: center;\"><iframe loading=\"lazy\" src=\"\/\/www.youtube.com\/embed\/bk9kuiHTZEc\" width=\"560\" height=\"314\" allowfullscreen=\"allowfullscreen\"><\/iframe><\/p>\n","protected":false},"excerpt":{"rendered":"<p>OBJECTIUS<br \/>\n-Refor\u00e7ar l&#8217;estudi d&#8217;entorns com els rius per donar una visi\u00f3 m\u00e9s global de l&#8217;aigua, de la vida que hi amaga, dels seus aprofitaments, dels seus impactes i de les accions endegades per corregir-los.<br \/>\n&#8211; Apropar la natura a les escoles mitjan\u00e7ant el contacte directe amb els&hellip;  <a href=\"https:\/\/agora.xtec.cat\/escolasantsadurni\/activitats-i-tallers-2\/tallers\/educacio-mediambiental\/\" title=\"Read Educaci\u00f3 mediambiental\">Llegeix m\u00e9s\u00bb<\/a><\/p>\n","protected":false},"author":1,"featured_media":0,"parent":2832,"menu_order":70,"comment_status":"closed","ping_status":"closed","template":"page-templates\/side-menu.php","meta":{"_bbp_topic_count":0,"_bbp_reply_count":0,"_bbp_total_topic_count":0,"_bbp_total_reply_count":0,"_bbp_voice_count":0,"_bbp_anonymous_reply_count":0,"_bbp_topic_count_hidden":0,"_bbp_reply_count_hidden":0,"_bbp_forum_subforum_count":0,"footnotes":""},"class_list":["post-2846","page","type-page","status-publish","hentry"],"post_mailing_queue_ids":[],"_links":{"self":[{"href":"https:\/\/agora.xtec.cat\/escolasantsadurni\/wp-json\/wp\/v2\/pages\/2846","targetHints":{"allow":["GET"]}}],"collection":[{"href":"https:\/\/agora.xtec.cat\/escolasantsadurni\/wp-json\/wp\/v2\/pages"}],"about":[{"href":"https:\/\/agora.xtec.cat\/escolasantsadurni\/wp-json\/wp\/v2\/types\/page"}],"author":[{"embeddable":true,"href":"https:\/\/agora.xtec.cat\/escolasantsadurni\/wp-json\/wp\/v2\/users\/1"}],"replies":[{"embeddable":true,"href":"https:\/\/agora.xtec.cat\/escolasantsadurni\/wp-json\/wp\/v2\/comments?post=2846"}],"version-history":[{"count":4,"href":"https:\/\/agora.xtec.cat\/escolasantsadurni\/wp-json\/wp\/v2\/pages\/2846\/revisions"}],"predecessor-version":[{"id":10829,"href":"https:\/\/agora.xtec.cat\/escolasantsadurni\/wp-json\/wp\/v2\/pages\/2846\/revisions\/10829"}],"up":[{"embeddable":true,"href":"https:\/\/agora.xtec.cat\/escolasantsadurni\/wp-json\/wp\/v2\/pages\/2832"}],"wp:attachment":[{"href":"https:\/\/agora.xtec.cat\/escolasantsadurni\/wp-json\/wp\/v2\/media?parent=2846"}],"curies":[{"name":"wp","href":"https:\/\/api.w.org\/{rel}","templated":true}]}}