{"id":2844,"date":"2018-10-15T15:39:42","date_gmt":"2018-10-15T13:39:42","guid":{"rendered":"http:\/\/agora.xtec.cat\/escolasantsadurni\/?page_id=2844"},"modified":"2025-02-20T12:24:37","modified_gmt":"2025-02-20T11:24:37","slug":"educacio-viaria","status":"publish","type":"page","link":"https:\/\/agora.xtec.cat\/escolasantsadurni\/activitats-i-tallers-2\/tallers\/educacio-viaria\/","title":{"rendered":"Igualtat de g\u00e8nere i coeducaci\u00f3"},"content":{"rendered":"<p><strong>OBJECTIUS:<\/strong><\/p>\n<p>-Con\u00e8ixer el significat del bullying i de les seves manifestacions amb perspectiva de<br \/>\ng\u00e8nere.<\/p>\n<p>-Ser capa\u00e7os i capaces d\u2019emprar diferents eines i estrat\u00e8gies per afrontar situacions<br \/>\nd\u2019assetjament.<\/p>\n<p>-Assumir l\u2019empatia i el respecte com a base de les relacions socials<\/p>\n<p>&nbsp;<\/p>\n<p><strong>ACTIVITATS:<\/strong><\/p>\n<p><strong>Taller de prevenci\u00f3 del bullying.<\/strong><\/p>\n<p>Taller per con\u00e8ixer el significat del bullying i de les seves manifestacions amb perspectiva de g\u00e8nere.<\/p>\n<p><strong>Teatre inclusiu: a l&#8217;escenari nom\u00e9s brillen les nostres capacitats<\/strong><\/p>\n<p>Activitat que permet\u00a0 compartir amb l&#8217;alumnat la visi\u00f3 del proc\u00e9s creatiu d&#8217;un espectacle des d&#8217;una visi\u00f3 inclusiva i respectuosa amb les diferents capacitats de cadasc\u00fa.<\/p>\n<p><strong>Viure l&#8217;empatia<\/strong><\/p>\n<p>Xerrada amb persones amb discapacitat intel\u00b7lectual per sensibilitzar sobre la seva participaci\u00f3 activa a la societat<\/p>\n<p>&nbsp;<\/p>\n","protected":false},"excerpt":{"rendered":"<p>OBJECTIUS:<br \/>\n-Con\u00e8ixer el significat del bullying i de les seves manifestacions amb perspectiva de<br \/>\ng\u00e8nere.<br \/>\n-Ser capa\u00e7os i capaces d\u2019emprar diferents eines i estrat\u00e8gies per afrontar situacions<br \/>\nd\u2019assetjament.<br \/>\n-Assumir l\u2019empatia i el respecte com a base de les relacions socials<br \/>\n&nbsp;<br \/>\nACTIVITATS:<br \/>\nTaller de prevenci\u00f3 del bullying.<br \/>\nTaller per con\u00e8ixer el significat del bullying&hellip;  <a href=\"https:\/\/agora.xtec.cat\/escolasantsadurni\/activitats-i-tallers-2\/tallers\/educacio-viaria\/\" title=\"Read Igualtat de g\u00e8nere i coeducaci\u00f3\">Llegeix m\u00e9s\u00bb<\/a><\/p>\n","protected":false},"author":1,"featured_media":0,"parent":2832,"menu_order":60,"comment_status":"closed","ping_status":"closed","template":"page-templates\/side-menu.php","meta":{"_bbp_topic_count":0,"_bbp_reply_count":0,"_bbp_total_topic_count":0,"_bbp_total_reply_count":0,"_bbp_voice_count":0,"_bbp_anonymous_reply_count":0,"_bbp_topic_count_hidden":0,"_bbp_reply_count_hidden":0,"_bbp_forum_subforum_count":0,"footnotes":""},"class_list":["post-2844","page","type-page","status-publish","hentry"],"post_mailing_queue_ids":[],"_links":{"self":[{"href":"https:\/\/agora.xtec.cat\/escolasantsadurni\/wp-json\/wp\/v2\/pages\/2844","targetHints":{"allow":["GET"]}}],"collection":[{"href":"https:\/\/agora.xtec.cat\/escolasantsadurni\/wp-json\/wp\/v2\/pages"}],"about":[{"href":"https:\/\/agora.xtec.cat\/escolasantsadurni\/wp-json\/wp\/v2\/types\/page"}],"author":[{"embeddable":true,"href":"https:\/\/agora.xtec.cat\/escolasantsadurni\/wp-json\/wp\/v2\/users\/1"}],"replies":[{"embeddable":true,"href":"https:\/\/agora.xtec.cat\/escolasantsadurni\/wp-json\/wp\/v2\/comments?post=2844"}],"version-history":[{"count":5,"href":"https:\/\/agora.xtec.cat\/escolasantsadurni\/wp-json\/wp\/v2\/pages\/2844\/revisions"}],"predecessor-version":[{"id":14649,"href":"https:\/\/agora.xtec.cat\/escolasantsadurni\/wp-json\/wp\/v2\/pages\/2844\/revisions\/14649"}],"up":[{"embeddable":true,"href":"https:\/\/agora.xtec.cat\/escolasantsadurni\/wp-json\/wp\/v2\/pages\/2832"}],"wp:attachment":[{"href":"https:\/\/agora.xtec.cat\/escolasantsadurni\/wp-json\/wp\/v2\/media?parent=2844"}],"curies":[{"name":"wp","href":"https:\/\/api.w.org\/{rel}","templated":true}]}}