{"id":2842,"date":"2018-10-15T15:38:46","date_gmt":"2018-10-15T13:38:46","guid":{"rendered":"http:\/\/agora.xtec.cat\/escolasantsadurni\/?page_id=2842"},"modified":"2021-10-19T19:11:34","modified_gmt":"2021-10-19T17:11:34","slug":"educacio-en-valors","status":"publish","type":"page","link":"https:\/\/agora.xtec.cat\/escolasantsadurni\/activitats-i-tallers-2\/tallers\/educacio-en-valors\/","title":{"rendered":"Educaci\u00f3 vi\u00e0ria, conviv\u00e8ncia i civisme"},"content":{"rendered":"<p><strong>OBJECTIUS<\/strong><\/p>\n<p>-Educar en valors, educar en la vida, educar a persones que esdevinguin referents pels altres, persones \u00edntegres i coherents&#8230;<\/p>\n<p>-A trav\u00e9s d&#8217;activitats, din\u00e0miques i reflexions, aprofundir en el treball d\u2019un valor, plantejant-nos qu\u00e8 significa, con\u00e8ixer qu\u00e8 representa, q\u00fcestionar-nos com el vivim en el nostre dia a dia, en quin grau aquest ens guia en el nostre fer.<\/p>\n<p>-Reflexionar sobre les mesures que l\u2019alumnat pot prendre per millorar la seva seguretat en travessar el carrer.<\/p>\n<p><strong>ACTIVITATS<\/strong><\/p>\n<p><strong>La cadireta segura\u00a0<\/strong><\/p>\n<p>Taller amb alumnat de P5 per treballar la seguretat vi\u00e0ria.<\/p>\n<p><strong>Taller de Mediaci\u00f3: Aprenem dels conflictes?\u00a0<\/strong><\/p>\n<p>Taller per reflexionar sobre la import\u00e0ncia de la comunicaci\u00f3 tenint en compte l\u2019empatia, l\u2019assertivitat i la comunicaci\u00f3 no violenta.<\/p>\n<p>&nbsp;<\/p>\n","protected":false},"excerpt":{"rendered":"<p>OBJECTIUS<br \/>\n-Educar en valors, educar en la vida, educar a persones que esdevinguin referents pels altres, persones \u00edntegres i coherents&#8230;<br \/>\n-A trav\u00e9s d&#8217;activitats, din\u00e0miques i reflexions, aprofundir en el treball d\u2019un valor, plantejant-nos qu\u00e8 significa, con\u00e8ixer qu\u00e8 representa, q\u00fcestionar-nos com el vivim en el nostre dia a&hellip;  <a href=\"https:\/\/agora.xtec.cat\/escolasantsadurni\/activitats-i-tallers-2\/tallers\/educacio-en-valors\/\" title=\"Read Educaci\u00f3 vi\u00e0ria, conviv\u00e8ncia i civisme\">Llegeix m\u00e9s\u00bb<\/a><\/p>\n","protected":false},"author":1,"featured_media":0,"parent":2832,"menu_order":50,"comment_status":"closed","ping_status":"closed","template":"page-templates\/side-menu.php","meta":{"_bbp_topic_count":0,"_bbp_reply_count":0,"_bbp_total_topic_count":0,"_bbp_total_reply_count":0,"_bbp_voice_count":0,"_bbp_anonymous_reply_count":0,"_bbp_topic_count_hidden":0,"_bbp_reply_count_hidden":0,"_bbp_forum_subforum_count":0,"footnotes":""},"class_list":["post-2842","page","type-page","status-publish","hentry"],"post_mailing_queue_ids":[],"_links":{"self":[{"href":"https:\/\/agora.xtec.cat\/escolasantsadurni\/wp-json\/wp\/v2\/pages\/2842","targetHints":{"allow":["GET"]}}],"collection":[{"href":"https:\/\/agora.xtec.cat\/escolasantsadurni\/wp-json\/wp\/v2\/pages"}],"about":[{"href":"https:\/\/agora.xtec.cat\/escolasantsadurni\/wp-json\/wp\/v2\/types\/page"}],"author":[{"embeddable":true,"href":"https:\/\/agora.xtec.cat\/escolasantsadurni\/wp-json\/wp\/v2\/users\/1"}],"replies":[{"embeddable":true,"href":"https:\/\/agora.xtec.cat\/escolasantsadurni\/wp-json\/wp\/v2\/comments?post=2842"}],"version-history":[{"count":4,"href":"https:\/\/agora.xtec.cat\/escolasantsadurni\/wp-json\/wp\/v2\/pages\/2842\/revisions"}],"predecessor-version":[{"id":10827,"href":"https:\/\/agora.xtec.cat\/escolasantsadurni\/wp-json\/wp\/v2\/pages\/2842\/revisions\/10827"}],"up":[{"embeddable":true,"href":"https:\/\/agora.xtec.cat\/escolasantsadurni\/wp-json\/wp\/v2\/pages\/2832"}],"wp:attachment":[{"href":"https:\/\/agora.xtec.cat\/escolasantsadurni\/wp-json\/wp\/v2\/media?parent=2842"}],"curies":[{"name":"wp","href":"https:\/\/api.w.org\/{rel}","templated":true}]}}