{"id":2838,"date":"2018-10-15T15:37:42","date_gmt":"2018-10-15T13:37:42","guid":{"rendered":"http:\/\/agora.xtec.cat\/escolasantsadurni\/?page_id=2838"},"modified":"2025-02-21T13:51:41","modified_gmt":"2025-02-21T12:51:41","slug":"educacio-artistica","status":"publish","type":"page","link":"https:\/\/agora.xtec.cat\/escolasantsadurni\/activitats-i-tallers-2\/tallers\/educacio-artistica\/","title":{"rendered":"Educaci\u00f3 art\u00edstica i foment de la lectura"},"content":{"rendered":"<p><strong>OBJECTIUS<\/strong><\/p>\n<p>&#8211; Apropar l&#8217;art a les escoles.<br \/>\n&#8211; Potenciar la creativitat i la imaginaci\u00f3 de cada participant.<br \/>\n&#8211; Facilitar el treball tant individual com col\u00b7lectiu.<br \/>\n&#8211; Iniciar-se en el coneixement de conceptes i t\u00e8cniques vinculades amb la creaci\u00f3 art\u00edstica.<\/p>\n<p><strong>ACTIVITATS<\/strong><\/p>\n<p><img loading=\"lazy\" decoding=\"async\" class=\"size-medium wp-image-14744 alignleft\" src=\"https:\/\/agora.xtec.cat\/escolasantsadurni\/wp-content\/uploads\/usu1491\/2025\/02\/Image-1-1-300x225.jpg\" alt=\"\" width=\"300\" height=\"225\" srcset=\"https:\/\/agora.xtec.cat\/escolasantsadurni\/wp-content\/uploads\/usu1491\/2025\/02\/Image-1-1-300x225.jpg 300w, https:\/\/agora.xtec.cat\/escolasantsadurni\/wp-content\/uploads\/usu1491\/2025\/02\/Image-1-1-200x150.jpg 200w, https:\/\/agora.xtec.cat\/escolasantsadurni\/wp-content\/uploads\/usu1491\/2025\/02\/Image-1-1.jpg 320w\" sizes=\"auto, (max-width: 300px) 100vw, 300px\" \/><img loading=\"lazy\" decoding=\"async\" class=\"wp-image-14749 alignleft\" src=\"https:\/\/agora.xtec.cat\/escolasantsadurni\/wp-content\/uploads\/usu1491\/2025\/02\/Image-1-2-300x169.jpg\" alt=\"\" width=\"398\" height=\"224\" srcset=\"https:\/\/agora.xtec.cat\/escolasantsadurni\/wp-content\/uploads\/usu1491\/2025\/02\/Image-1-2-300x169.jpg 300w, https:\/\/agora.xtec.cat\/escolasantsadurni\/wp-content\/uploads\/usu1491\/2025\/02\/Image-1-2.jpg 540w\" sizes=\"auto, (max-width: 398px) 100vw, 398px\" \/><\/p>\n<p>&nbsp;<\/p>\n<p>&nbsp;<\/p>\n<p>&nbsp;<\/p>\n<p>&nbsp;<\/p>\n<p>&nbsp;<\/p>\n<p>&nbsp;<\/p>\n<p><strong>Maletes Viatgeres<\/strong><\/p>\n<p>Pr\u00e9stec de documents als\u00a0 nens i nenes\u00a0 d&#8217;infantil i prim\u00e0ria per engrescar-los amb la lectura.<\/p>\n<p><strong>Carnet de Classe\u00a0<\/strong><\/p>\n<p>Es facilita un carnet de la Biblioteca a nom del\/la tutor\/a perqu\u00e8 tota la classe tingui acc\u00e9s als documents relacionats amb els temes que estiguin treballant.<\/p>\n<p><strong>Foment de la lectura<\/strong><\/p>\n<p>Activitat de narraci\u00f3 oral dins l\u2019aula<\/p>\n<p><strong>Dansa Popular\u00a0<\/strong><\/p>\n<p>Acostar la dansa a l&#8217;escola.<\/p>\n<p><strong>Tallers educatius de poesia\u00a0<\/strong><\/p>\n<p>Tallers de poesia i m\u00fasica.<\/p>\n<p><strong>Tallers de poesia Veus i mans\u00a0<\/strong><\/p>\n<p>Tallers de poesia i pintura per a cicle inicial.<\/p>\n<p><strong>Taller de narrativa amb la Mon Mas<\/strong><\/p>\n<p>Taller de construcci\u00f3 narrativa dinamitzat per la Mon Mas, contacontes i activista cultural.<\/p>\n<p><strong>Activitats art\u00edstiques per a infants\u00a0<\/strong><\/p>\n<p>Tallers creatius per apropar l&#8217;art a les escoles a trav\u00e9s del dibuix i la cer\u00e0mica.<\/p>\n<p><strong>Teatre social i educaci\u00f3 teatral\u00a0<\/strong><\/p>\n<p>Tallers de teatre com a eina per al canvi social i com a intervenci\u00f3 socioeducativa.<\/p>\n<p>&nbsp;<\/p>\n<p>&nbsp;<\/p>\n<p>&nbsp;<\/p>\n<p><a href=\"https:\/\/agora.xtec.cat\/escolasantsadurni\/wp-content\/uploads\/usu1491\/2018\/10\/Artes.jpg\"><img loading=\"lazy\" decoding=\"async\" class=\"alignnone size-full wp-image-2928\" src=\"https:\/\/agora.xtec.cat\/escolasantsadurni\/wp-content\/uploads\/usu1491\/2018\/10\/Artes.jpg\" alt=\"\" width=\"480\" height=\"340\" \/><\/a><\/p>\n","protected":false},"excerpt":{"rendered":"<p>OBJECTIUS<br \/>\n&#8211; Apropar l&#8217;art a les escoles.<br \/>\n&#8211; Potenciar la creativitat i la imaginaci\u00f3 de cada participant.<br \/>\n&#8211; Facilitar el treball tant individual com col\u00b7lectiu.<br \/>\n&#8211; Iniciar-se en el coneixement de conceptes i t\u00e8cniques vinculades amb la creaci\u00f3 art\u00edstica.<br \/>\nACTIVITATS<\/p>\n<p>&nbsp;<br \/>\n&nbsp;<br \/>\n&nbsp;<br \/>\n&nbsp;<br \/>\n&nbsp;<br \/>\n&nbsp;<br \/>\nMaletes Viatgeres<br \/>\nPr\u00e9stec de documents als\u00a0 nens i nenes\u00a0 d&#8217;infantil i prim\u00e0ria&hellip;  <a href=\"https:\/\/agora.xtec.cat\/escolasantsadurni\/activitats-i-tallers-2\/tallers\/educacio-artistica\/\" title=\"Read Educaci\u00f3 art\u00edstica i foment de la lectura\">Llegeix m\u00e9s\u00bb<\/a><\/p>\n","protected":false},"author":1,"featured_media":0,"parent":2832,"menu_order":30,"comment_status":"closed","ping_status":"closed","template":"page-templates\/side-menu.php","meta":{"_bbp_topic_count":0,"_bbp_reply_count":0,"_bbp_total_topic_count":0,"_bbp_total_reply_count":0,"_bbp_voice_count":0,"_bbp_anonymous_reply_count":0,"_bbp_topic_count_hidden":0,"_bbp_reply_count_hidden":0,"_bbp_forum_subforum_count":0,"footnotes":""},"class_list":["post-2838","page","type-page","status-publish","hentry"],"post_mailing_queue_ids":[],"_links":{"self":[{"href":"https:\/\/agora.xtec.cat\/escolasantsadurni\/wp-json\/wp\/v2\/pages\/2838","targetHints":{"allow":["GET"]}}],"collection":[{"href":"https:\/\/agora.xtec.cat\/escolasantsadurni\/wp-json\/wp\/v2\/pages"}],"about":[{"href":"https:\/\/agora.xtec.cat\/escolasantsadurni\/wp-json\/wp\/v2\/types\/page"}],"author":[{"embeddable":true,"href":"https:\/\/agora.xtec.cat\/escolasantsadurni\/wp-json\/wp\/v2\/users\/1"}],"replies":[{"embeddable":true,"href":"https:\/\/agora.xtec.cat\/escolasantsadurni\/wp-json\/wp\/v2\/comments?post=2838"}],"version-history":[{"count":7,"href":"https:\/\/agora.xtec.cat\/escolasantsadurni\/wp-json\/wp\/v2\/pages\/2838\/revisions"}],"predecessor-version":[{"id":14750,"href":"https:\/\/agora.xtec.cat\/escolasantsadurni\/wp-json\/wp\/v2\/pages\/2838\/revisions\/14750"}],"up":[{"embeddable":true,"href":"https:\/\/agora.xtec.cat\/escolasantsadurni\/wp-json\/wp\/v2\/pages\/2832"}],"wp:attachment":[{"href":"https:\/\/agora.xtec.cat\/escolasantsadurni\/wp-json\/wp\/v2\/media?parent=2838"}],"curies":[{"name":"wp","href":"https:\/\/api.w.org\/{rel}","templated":true}]}}