{"id":2834,"date":"2018-10-15T15:35:43","date_gmt":"2018-10-15T13:35:43","guid":{"rendered":"http:\/\/agora.xtec.cat\/escolasantsadurni\/?page_id=2834"},"modified":"2025-02-20T12:28:00","modified_gmt":"2025-02-20T11:28:00","slug":"coneixement-de-lentorn","status":"publish","type":"page","link":"https:\/\/agora.xtec.cat\/escolasantsadurni\/activitats-i-tallers-2\/tallers\/coneixement-de-lentorn\/","title":{"rendered":"Coneixement de l&#8217;entorn"},"content":{"rendered":"<p><strong>OBJECTIUS<\/strong><\/p>\n<p>Donar a con\u00e8ixer als alumnes la cultura popular, les festes i les tradicions del municipi i de la comarca, refor\u00e7ant aix\u00ed el sentiment de pertinen\u00e7a al territori i a la comunitat.<\/p>\n<h2><\/h2>\n<p><strong>PATRIMONI HIST\u00d2RIC:<\/strong><\/p>\n<p><strong>Refugi de Ca l&#8217;Arnau<\/strong><\/p>\n<p>Visita a les instal\u00b7lacions del refugi antiaeri de Ca l\u2019Arnau, constru\u00eft a mitjan de 1938.<\/p>\n<p><strong>Mons Observans (jaciment rom\u00e0 de Can Tac\u00f3-Tur\u00f3 d\u2019en Roina)<\/strong><\/p>\n<p>Con\u00e8ixer els elements, les parts principals i la configuraci\u00f3 d\u2019una resid\u00e8ncia fortificada romana destinada a controlar el territori<\/p>\n<p><strong>Un tomb per la hist\u00f2ria de Montorn\u00e8s<\/strong><\/p>\n<p>Con\u00e8ixer els elements m\u00e9s representatius de la hist\u00f2ria del segle XX al nostre municipi.<\/p>\n<h2><\/h2>\n<p><strong>EQUIPAMENTS MUNICIPALS<\/strong><\/p>\n<p><strong>Juguem! El joc com a eina educativa<\/strong><\/p>\n<p>Presentaci\u00f3 de l\u2019espai de joc de Pintor Mir i la Peixera i proposta de joc lliure amb possibilitat d\u2019una proposta d\u2019experimentaci\u00f3<\/p>\n<p><strong>Ajuntament\u00a0<\/strong><\/p>\n<p>Visita a l&#8217;Ajuntament per con\u00e8ixer les instal\u00b7lacions i el seu funcionament.<\/p>\n<p><strong>Biblioteca\u00a0<\/strong><\/p>\n<p>Visita a la Biblioteca per saber com cercar informaci\u00f3 i quines activitats s&#8217;hi realitzen.<\/p>\n<p>&nbsp;<\/p>\n<p><a href=\"https:\/\/agora.xtec.cat\/escolasantsadurni\/wp-content\/uploads\/usu1491\/2018\/10\/Ajuntament.jpg\"><img loading=\"lazy\" decoding=\"async\" class=\"size-full wp-image-2923 aligncenter\" src=\"https:\/\/agora.xtec.cat\/escolasantsadurni\/wp-content\/uploads\/usu1491\/2018\/10\/Ajuntament.jpg\" alt=\"\" width=\"640\" height=\"399\" \/><\/a><\/p>\n","protected":false},"excerpt":{"rendered":"<p>OBJECTIUS<br \/>\nDonar a con\u00e8ixer als alumnes la cultura popular, les festes i les tradicions del municipi i de la comarca, refor\u00e7ant aix\u00ed el sentiment de pertinen\u00e7a al territori i a la comunitat.<\/p>\n<p>PATRIMONI HIST\u00d2RIC:<br \/>\nRefugi de Ca l&#8217;Arnau<br \/>\nVisita a les instal\u00b7lacions del refugi antiaeri de Ca l\u2019Arnau, constru\u00eft&hellip;  <a href=\"https:\/\/agora.xtec.cat\/escolasantsadurni\/activitats-i-tallers-2\/tallers\/coneixement-de-lentorn\/\" title=\"Read Coneixement de l&#8217;entorn\">Llegeix m\u00e9s\u00bb<\/a><\/p>\n","protected":false},"author":1,"featured_media":0,"parent":2832,"menu_order":10,"comment_status":"closed","ping_status":"closed","template":"page-templates\/side-menu.php","meta":{"_bbp_topic_count":0,"_bbp_reply_count":0,"_bbp_total_topic_count":0,"_bbp_total_reply_count":0,"_bbp_voice_count":0,"_bbp_anonymous_reply_count":0,"_bbp_topic_count_hidden":0,"_bbp_reply_count_hidden":0,"_bbp_forum_subforum_count":0,"footnotes":""},"class_list":["post-2834","page","type-page","status-publish","hentry"],"post_mailing_queue_ids":[],"_links":{"self":[{"href":"https:\/\/agora.xtec.cat\/escolasantsadurni\/wp-json\/wp\/v2\/pages\/2834","targetHints":{"allow":["GET"]}}],"collection":[{"href":"https:\/\/agora.xtec.cat\/escolasantsadurni\/wp-json\/wp\/v2\/pages"}],"about":[{"href":"https:\/\/agora.xtec.cat\/escolasantsadurni\/wp-json\/wp\/v2\/types\/page"}],"author":[{"embeddable":true,"href":"https:\/\/agora.xtec.cat\/escolasantsadurni\/wp-json\/wp\/v2\/users\/1"}],"replies":[{"embeddable":true,"href":"https:\/\/agora.xtec.cat\/escolasantsadurni\/wp-json\/wp\/v2\/comments?post=2834"}],"version-history":[{"count":5,"href":"https:\/\/agora.xtec.cat\/escolasantsadurni\/wp-json\/wp\/v2\/pages\/2834\/revisions"}],"predecessor-version":[{"id":14651,"href":"https:\/\/agora.xtec.cat\/escolasantsadurni\/wp-json\/wp\/v2\/pages\/2834\/revisions\/14651"}],"up":[{"embeddable":true,"href":"https:\/\/agora.xtec.cat\/escolasantsadurni\/wp-json\/wp\/v2\/pages\/2832"}],"wp:attachment":[{"href":"https:\/\/agora.xtec.cat\/escolasantsadurni\/wp-json\/wp\/v2\/media?parent=2834"}],"curies":[{"name":"wp","href":"https:\/\/api.w.org\/{rel}","templated":true}]}}