{"id":2830,"date":"2018-10-15T15:34:17","date_gmt":"2018-10-15T13:34:17","guid":{"rendered":"http:\/\/agora.xtec.cat\/escolasantsadurni\/?page_id=2830"},"modified":"2023-12-04T13:46:32","modified_gmt":"2023-12-04T12:46:32","slug":"festa-de-benvinguda-de-p-3","status":"publish","type":"page","link":"https:\/\/agora.xtec.cat\/escolasantsadurni\/festes\/festa-de-benvinguda-de-p-3\/","title":{"rendered":"Festa de Benvinguda I3"},"content":{"rendered":"<p>Des de l&#8217;escola considerem que pels infants de tres anys \u00e9s important que el primer contacte amb l\u2019escola sigui viscut de manera relaxada i agradable. Aix\u00ed mateix som conscients que les fam\u00edlies necessiten un per\u00edode d\u2019adaptaci\u00f3 per tal de poder transmetre tranquil\u00b7litat i seguretat als seus fills i les seves filles. La qualitat dels primers dies facilitar\u00e0 la tasca durant la resta del curs escolar. \u00c9s per aquest motiu que duem a terme la festa de benvinguda a l&#8217;alumnat d&#8217;I3.<\/p>\n<p>Aquesta activitat es realitza un mat\u00ed del mes de juny, dins l&#8217;horari lectiu. Es tracta d&#8217;establir un primer contacte entre els infants i l&#8217;escola amb l&#8217;acompanyament de les fam\u00edlies. Els nens i nenes son rebuts pels alumnes i mestres de parvulari, que els fan un petit obsequi. L&#8217;AFA de l&#8217;escola hi col\u00b7labora convidant-los a fer un esmorzar conjunt i despr\u00e9s gaudeixen d&#8217;una estona per a jugar al pati de parvulari amb altres nens i nenes i amb les fam\u00edlies del seu futur grup-classe. Es passa una estona agradable.<\/p>\n<p><a href=\"https:\/\/agora.xtec.cat\/escolasantsadurni\/general\/festa-dacollida-als-infants-que-faran-i-3\/attachment\/1686918228499\/\" rel=\"attachment wp-att-13142\"><img loading=\"lazy\" decoding=\"async\" class=\"aligncenter wp-image-13142 size-large\" src=\"https:\/\/agora.xtec.cat\/escolasantsadurni\/wp-content\/uploads\/usu1491\/2023\/06\/1686918228499-768x1024.jpg\" alt=\"\" width=\"768\" height=\"1024\" srcset=\"https:\/\/agora.xtec.cat\/escolasantsadurni\/wp-content\/uploads\/usu1491\/2023\/06\/1686918228499-768x1024.jpg 768w, https:\/\/agora.xtec.cat\/escolasantsadurni\/wp-content\/uploads\/usu1491\/2023\/06\/1686918228499-225x300.jpg 225w, https:\/\/agora.xtec.cat\/escolasantsadurni\/wp-content\/uploads\/usu1491\/2023\/06\/1686918228499-1152x1536.jpg 1152w, https:\/\/agora.xtec.cat\/escolasantsadurni\/wp-content\/uploads\/usu1491\/2023\/06\/1686918228499.jpg 1512w\" sizes=\"auto, (max-width: 768px) 100vw, 768px\" \/><\/a><\/p>\n<p><a href=\"https:\/\/agora.xtec.cat\/escolasantsadurni\/wp-content\/uploads\/usu1491\/2018\/10\/acollida-3.jpg\">\u00a0 \u00a0 \u00a0<\/a><\/p>\n<p>&nbsp;<\/p>\n<p>&nbsp;<\/p>\n","protected":false},"excerpt":{"rendered":"<p>Des de l&#8217;escola considerem que pels infants de tres anys \u00e9s important que el primer contacte amb l\u2019escola sigui viscut de manera relaxada i agradable. Aix\u00ed mateix som conscients que les fam\u00edlies necessiten un per\u00edode d\u2019adaptaci\u00f3 per tal de poder transmetre tranquil\u00b7litat i seguretat als&hellip;  <a href=\"https:\/\/agora.xtec.cat\/escolasantsadurni\/festes\/festa-de-benvinguda-de-p-3\/\" title=\"Read Festa de Benvinguda I3\">Llegeix m\u00e9s\u00bb<\/a><\/p>\n","protected":false},"author":1,"featured_media":0,"parent":3267,"menu_order":10,"comment_status":"closed","ping_status":"closed","template":"page-templates\/side-menu.php","meta":{"_bbp_topic_count":0,"_bbp_reply_count":0,"_bbp_total_topic_count":0,"_bbp_total_reply_count":0,"_bbp_voice_count":0,"_bbp_anonymous_reply_count":0,"_bbp_topic_count_hidden":0,"_bbp_reply_count_hidden":0,"_bbp_forum_subforum_count":0,"footnotes":""},"class_list":["post-2830","page","type-page","status-publish","hentry"],"post_mailing_queue_ids":[],"_links":{"self":[{"href":"https:\/\/agora.xtec.cat\/escolasantsadurni\/wp-json\/wp\/v2\/pages\/2830","targetHints":{"allow":["GET"]}}],"collection":[{"href":"https:\/\/agora.xtec.cat\/escolasantsadurni\/wp-json\/wp\/v2\/pages"}],"about":[{"href":"https:\/\/agora.xtec.cat\/escolasantsadurni\/wp-json\/wp\/v2\/types\/page"}],"author":[{"embeddable":true,"href":"https:\/\/agora.xtec.cat\/escolasantsadurni\/wp-json\/wp\/v2\/users\/1"}],"replies":[{"embeddable":true,"href":"https:\/\/agora.xtec.cat\/escolasantsadurni\/wp-json\/wp\/v2\/comments?post=2830"}],"version-history":[{"count":6,"href":"https:\/\/agora.xtec.cat\/escolasantsadurni\/wp-json\/wp\/v2\/pages\/2830\/revisions"}],"predecessor-version":[{"id":13439,"href":"https:\/\/agora.xtec.cat\/escolasantsadurni\/wp-json\/wp\/v2\/pages\/2830\/revisions\/13439"}],"up":[{"embeddable":true,"href":"https:\/\/agora.xtec.cat\/escolasantsadurni\/wp-json\/wp\/v2\/pages\/3267"}],"wp:attachment":[{"href":"https:\/\/agora.xtec.cat\/escolasantsadurni\/wp-json\/wp\/v2\/media?parent=2830"}],"curies":[{"name":"wp","href":"https:\/\/api.w.org\/{rel}","templated":true}]}}