{"id":2828,"date":"2018-10-15T15:33:53","date_gmt":"2018-10-15T13:33:53","guid":{"rendered":"http:\/\/agora.xtec.cat\/escolasantsadurni\/?page_id=2828"},"modified":"2025-01-30T09:55:49","modified_gmt":"2025-01-30T08:55:49","slug":"berenar-solidari","status":"publish","type":"page","link":"https:\/\/agora.xtec.cat\/escolasantsadurni\/activitats-i-tallers-2\/berenar-solidari\/","title":{"rendered":"Berenar solidari"},"content":{"rendered":"<p>Un any m\u00e9s l&#8217;escola Sant Sadurn\u00ed ha fet realitat el Berenar Solidari. Aquest curs 2024-25 hem col\u00b7laborat amb el projecte que desenvolupa &#8220;<strong>l&#8217;Espai d&#8217;intervenci\u00f3 terap\u00e8utica\u00a0 i educaci\u00f3 assistida amb cavalls, Oasi Equinoter\u00e0pia<\/strong>&#8220;. Aquest projecte neix amb la intenci\u00f3 d\u2019oferir un espai de relaci\u00f3 entre el cavall i l\u2019\u00e9sser hum\u00e0, centrant-se en la Ter\u00e0pia Assistida amb Cavalls (TAC), entesa com a eina complement\u00e0ria a l\u2019hora de treballar aspectes ps\u00edquics, f\u00edsics, emocionals i socials de la persona, a trav\u00e9s del cavall com a facilitador i motivador en les sessions.<\/p>\n<p>Com sabeu el tema del projecte cultural d&#8217;enguany \u00e9s &#8220;<strong>La ci\u00e8ncia<\/strong>&#8221; i aix\u00ed \u00e9s com hem celebrat la nostra trobada, envoltats de ci\u00e8ncia amb molts tallers i activitats.<\/p>\n<p>Volem agrair tamb\u00e9 la participaci\u00f3 i col\u00b7laboraci\u00f3 dels pares i mares que van fer possible la realitzaci\u00f3 dels diferents tallers aix\u00ed com a l&#8217;AFA de l&#8217;escola i l&#8217;Ajuntament de Montorn\u00e8s per la seva implicaci\u00f3 i dedicaci\u00f3 en aquesta jornada tan especial.<\/p>\n<p>&nbsp;<\/p>\n<p><img decoding=\"async\" src=\"https:\/\/agora.xtec.cat\/escolasantsadurni\/wp-content\/uploads\/usu1491\/2024\/10\/b922f600-dfb4-4711-93b5-9509627103f2-2.jpg\" \/><\/p>\n<p><img decoding=\"async\" src=\"https:\/\/agora.xtec.cat\/escolasantsadurni\/wp-content\/uploads\/usu1491\/2024\/10\/79838c26-1306-4032-b2df-e64ea1092eca-1.jpg\" \/><\/p>\n","protected":false},"excerpt":{"rendered":"<p>Un any m\u00e9s l&#8217;escola Sant Sadurn\u00ed ha fet realitat el Berenar Solidari. Aquest curs 2024-25 hem col\u00b7laborat amb el projecte que desenvolupa &#8220;l&#8217;Espai d&#8217;intervenci\u00f3 terap\u00e8utica\u00a0 i educaci\u00f3 assistida amb cavalls, Oasi Equinoter\u00e0pia&#8220;. Aquest projecte neix amb la intenci\u00f3 d\u2019oferir un espai de relaci\u00f3 entre el&hellip;  <a href=\"https:\/\/agora.xtec.cat\/escolasantsadurni\/activitats-i-tallers-2\/berenar-solidari\/\" title=\"Read Berenar solidari\">Llegeix m\u00e9s\u00bb<\/a><\/p>\n","protected":false},"author":1,"featured_media":0,"parent":2820,"menu_order":30,"comment_status":"closed","ping_status":"closed","template":"page-templates\/side-menu.php","meta":{"_bbp_topic_count":0,"_bbp_reply_count":0,"_bbp_total_topic_count":0,"_bbp_total_reply_count":0,"_bbp_voice_count":0,"_bbp_anonymous_reply_count":0,"_bbp_topic_count_hidden":0,"_bbp_reply_count_hidden":0,"_bbp_forum_subforum_count":0,"footnotes":""},"class_list":["post-2828","page","type-page","status-publish","hentry"],"post_mailing_queue_ids":[],"_links":{"self":[{"href":"https:\/\/agora.xtec.cat\/escolasantsadurni\/wp-json\/wp\/v2\/pages\/2828","targetHints":{"allow":["GET"]}}],"collection":[{"href":"https:\/\/agora.xtec.cat\/escolasantsadurni\/wp-json\/wp\/v2\/pages"}],"about":[{"href":"https:\/\/agora.xtec.cat\/escolasantsadurni\/wp-json\/wp\/v2\/types\/page"}],"author":[{"embeddable":true,"href":"https:\/\/agora.xtec.cat\/escolasantsadurni\/wp-json\/wp\/v2\/users\/1"}],"replies":[{"embeddable":true,"href":"https:\/\/agora.xtec.cat\/escolasantsadurni\/wp-json\/wp\/v2\/comments?post=2828"}],"version-history":[{"count":6,"href":"https:\/\/agora.xtec.cat\/escolasantsadurni\/wp-json\/wp\/v2\/pages\/2828\/revisions"}],"predecessor-version":[{"id":14190,"href":"https:\/\/agora.xtec.cat\/escolasantsadurni\/wp-json\/wp\/v2\/pages\/2828\/revisions\/14190"}],"up":[{"embeddable":true,"href":"https:\/\/agora.xtec.cat\/escolasantsadurni\/wp-json\/wp\/v2\/pages\/2820"}],"wp:attachment":[{"href":"https:\/\/agora.xtec.cat\/escolasantsadurni\/wp-json\/wp\/v2\/media?parent=2828"}],"curies":[{"name":"wp","href":"https:\/\/api.w.org\/{rel}","templated":true}]}}