{"id":2826,"date":"2018-10-15T15:32:31","date_gmt":"2018-10-15T13:32:31","guid":{"rendered":"http:\/\/agora.xtec.cat\/escolasantsadurni\/?page_id=2826"},"modified":"2025-01-30T09:33:07","modified_gmt":"2025-01-30T08:33:07","slug":"cantania","status":"publish","type":"page","link":"https:\/\/agora.xtec.cat\/escolasantsadurni\/activitats-i-tallers-2\/cantania\/","title":{"rendered":"Cant\u00e0nia"},"content":{"rendered":"<p>La Cant\u00e0nia \u00e9s una activitat que consisteix en la preparaci\u00f3 i interpretaci\u00f3 d&#8217;una cantata on participa els alumnes de cicle mitj\u00e0 i superior de prim\u00e0ria de tot Catalunya. En el cas de la nostra escola els\/les alumnes de 5\u00e8 de prim\u00e0ria.<\/p>\n<p>Cada any s\u2019estrena una obra encarregada especialment per a aquesta activitat. Els enc\u00e0rrecs, fins a dia d\u2019avui, s\u2019han fet a compositors i escriptors catalans de reconegut prestigi. Al Vall\u00e8s Oriental, el projecte est\u00e0 organitzat des dels seus inicis pel Teatre Auditori de Granollers i l\u2019Associaci\u00f3 Cultural de Granollers amb la participaci\u00f3 de m\u00e9s de 90 escoles de la comarca i uns 4.000 nens i nenes participants.<\/p>\n<p>Aquest curs la Cant\u00e0nia 2025 porta com a t\u00edtol <a href=\"https:\/\/www.auditori.cat\/ca\/album\/real\/\">REAL.<\/a><\/p>\n<p>Els alumnes de cinqu\u00e8 actuaran el divendres 6 de juny a les 20h.<\/p>\n<p><img decoding=\"async\" src=\"https:\/\/www.auditori.cat\/wp-content\/uploads\/autogenerated\/PIC6214.jpg\" \/><\/p>\n<p>&nbsp;<\/p>\n","protected":false},"excerpt":{"rendered":"<p>La Cant\u00e0nia \u00e9s una activitat que consisteix en la preparaci\u00f3 i interpretaci\u00f3 d&#8217;una cantata on participa els alumnes de cicle mitj\u00e0 i superior de prim\u00e0ria de tot Catalunya. En el cas de la nostra escola els\/les alumnes de 5\u00e8 de prim\u00e0ria.<br \/>\nCada any s\u2019estrena una obra&hellip;  <a href=\"https:\/\/agora.xtec.cat\/escolasantsadurni\/activitats-i-tallers-2\/cantania\/\" title=\"Read Cant\u00e0nia\">Llegeix m\u00e9s\u00bb<\/a><\/p>\n","protected":false},"author":1,"featured_media":0,"parent":2820,"menu_order":20,"comment_status":"closed","ping_status":"closed","template":"page-templates\/side-menu.php","meta":{"_bbp_topic_count":0,"_bbp_reply_count":0,"_bbp_total_topic_count":0,"_bbp_total_reply_count":0,"_bbp_voice_count":0,"_bbp_anonymous_reply_count":0,"_bbp_topic_count_hidden":0,"_bbp_reply_count_hidden":0,"_bbp_forum_subforum_count":0,"footnotes":""},"class_list":["post-2826","page","type-page","status-publish","hentry"],"post_mailing_queue_ids":[],"_links":{"self":[{"href":"https:\/\/agora.xtec.cat\/escolasantsadurni\/wp-json\/wp\/v2\/pages\/2826","targetHints":{"allow":["GET"]}}],"collection":[{"href":"https:\/\/agora.xtec.cat\/escolasantsadurni\/wp-json\/wp\/v2\/pages"}],"about":[{"href":"https:\/\/agora.xtec.cat\/escolasantsadurni\/wp-json\/wp\/v2\/types\/page"}],"author":[{"embeddable":true,"href":"https:\/\/agora.xtec.cat\/escolasantsadurni\/wp-json\/wp\/v2\/users\/1"}],"replies":[{"embeddable":true,"href":"https:\/\/agora.xtec.cat\/escolasantsadurni\/wp-json\/wp\/v2\/comments?post=2826"}],"version-history":[{"count":6,"href":"https:\/\/agora.xtec.cat\/escolasantsadurni\/wp-json\/wp\/v2\/pages\/2826\/revisions"}],"predecessor-version":[{"id":14189,"href":"https:\/\/agora.xtec.cat\/escolasantsadurni\/wp-json\/wp\/v2\/pages\/2826\/revisions\/14189"}],"up":[{"embeddable":true,"href":"https:\/\/agora.xtec.cat\/escolasantsadurni\/wp-json\/wp\/v2\/pages\/2820"}],"wp:attachment":[{"href":"https:\/\/agora.xtec.cat\/escolasantsadurni\/wp-json\/wp\/v2\/media?parent=2826"}],"curies":[{"name":"wp","href":"https:\/\/api.w.org\/{rel}","templated":true}]}}