{"id":2824,"date":"2018-10-15T15:31:45","date_gmt":"2018-10-15T13:31:45","guid":{"rendered":"http:\/\/agora.xtec.cat\/escolasantsadurni\/?page_id=2824"},"modified":"2025-02-20T20:33:26","modified_gmt":"2025-02-20T19:33:26","slug":"associacio-cultural","status":"publish","type":"page","link":"https:\/\/agora.xtec.cat\/escolasantsadurni\/activitats-i-tallers-2\/associacio-cultural\/","title":{"rendered":"Associaci\u00f3 Cultural"},"content":{"rendered":"<p>L\u2019any 1982 l\u2019Associaci\u00f3 Cultural de Granollers va crear les \u2018Activitats per a les escoles\u2019 i, amb la complicitat de les administracions, va comen\u00e7ar a proposar a les escoles activitats d\u2019arts esc\u00e8niques: m\u00fasica, teatre, dansa i cinema. M\u00e9s tard s\u2019hi incorporarien activitats d\u2019art i ci\u00e8ncies, entre d\u2019altres. A partir de l\u2019any 2004 es van englobar aquestes activitats sota la Fundaci\u00f3 AC Granollers.<\/p>\n<p>Es va comen\u00e7ar aquesta tasca amb l\u2019absoluta convicci\u00f3 de que aquella proposta que arribava als centres educatius havia d\u2019esdevenir una eina \u00fatil al professorat i tamb\u00e9 als nens, nenes i joves en la seva formaci\u00f3. L\u2019educaci\u00f3 va molt m\u00e9s enll\u00e0 del que es viu a les aules. Poder oferir la possibilitat als nens, nenes i joves d\u2019observar, entendre, gaudir i valorar una activitat cultural, ajuda a la formaci\u00f3 m\u00e9s completa de les persones.<\/p>\n<p>No es tracta nom\u00e9s de poder contribuir en l\u2019educaci\u00f3 de la sensibilitat art\u00edstica dels nostres ciutadans i d\u2019obrir finestres a d\u2019altres experi\u00e8ncies. Tamb\u00e9 \u00e9s afegir un gra de sorra en la creaci\u00f3 dels nous p\u00fablics de teatre, m\u00fasica, dansa, exposicions, i garantir la igualtat d\u2019oportunitats d\u2019infants i joves, coneixent i identificant els espais de cinema, esc\u00e8nics i muse\u00edstics.<\/p>\n<p data-start=\"0\" data-end=\"28\"><strong data-start=\"3\" data-end=\"26\">Activitats per curs<\/strong><\/p>\n<p data-start=\"30\" data-end=\"61\">\ud83d\udd39 <strong data-start=\"33\" data-end=\"59\">Educaci\u00f3 Infantil (EI)<\/strong><\/p>\n<ul data-start=\"62\" data-end=\"182\">\n<li data-start=\"62\" data-end=\"107\">Titelles: <em data-start=\"74\" data-end=\"105\">El cargol i l&#8217;herba de poniol<\/em><\/li>\n<li data-start=\"108\" data-end=\"145\">M\u00fasica: <em data-start=\"118\" data-end=\"126\">Surime<\/em> \u2013 Pentina el gat<\/li>\n<li data-start=\"146\" data-end=\"182\">Dansa i m\u00fasica: <em data-start=\"164\" data-end=\"180\">Cosint can\u00e7ons<\/em><\/li>\n<\/ul>\n<p data-start=\"184\" data-end=\"211\">\ud83d\udd39 <strong data-start=\"187\" data-end=\"209\">Cicle Inicial (CI)<\/strong><\/p>\n<ul data-start=\"212\" data-end=\"328\">\n<li data-start=\"212\" data-end=\"253\">Teatre: <em data-start=\"222\" data-end=\"233\">Dues Ales<\/em> \u2013 Farr\u00e9s Brothers<\/li>\n<li data-start=\"254\" data-end=\"291\">M\u00fasica: <em data-start=\"264\" data-end=\"272\">Surime<\/em> \u2013 Pentina el gat<\/li>\n<li data-start=\"292\" data-end=\"328\">Dansa i m\u00fasica: <em data-start=\"310\" data-end=\"326\">Cosint can\u00e7ons<\/em><\/li>\n<\/ul>\n<p data-start=\"330\" data-end=\"355\">\ud83d\udd39 <strong data-start=\"333\" data-end=\"353\">Cicle Mitj\u00e0 (CM)<\/strong><\/p>\n<ul data-start=\"356\" data-end=\"511\">\n<li data-start=\"356\" data-end=\"399\">Cinema: <em data-start=\"366\" data-end=\"397\">Mirai, la meva germana petita<\/em><\/li>\n<li data-start=\"400\" data-end=\"453\">Teatre: <em data-start=\"410\" data-end=\"435\">Hannah dels tres pa\u00efsos<\/em> \u2013 Iguana Teatre<\/li>\n<li data-start=\"454\" data-end=\"511\">Teatre en angl\u00e8s: <em data-start=\"474\" data-end=\"491\">The Tin Soldier<\/em> \u2013 Theatre4schools<\/li>\n<\/ul>\n<p data-start=\"513\" data-end=\"541\">\ud83d\udd39 <strong data-start=\"516\" data-end=\"539\">Cicle Superior (CS)<\/strong><\/p>\n<ul data-start=\"542\" data-end=\"686\" data-is-last-node=\"\" data-is-only-node=\"\">\n<li data-start=\"542\" data-end=\"586\">Cinema: <em data-start=\"552\" data-end=\"584\">Fritzi: un conte revolucionari<\/em><\/li>\n<li data-start=\"587\" data-end=\"621\">Dansa: <em data-start=\"596\" data-end=\"606\">Esberlar<\/em> \u2013 L&#8217;Atape\u00efda<\/li>\n<li data-start=\"622\" data-end=\"686\" data-is-last-node=\"\">Teatre en angl\u00e8s: <em data-start=\"642\" data-end=\"666\">The Emperor\u2019s New Suit<\/em> \u2013 Theatre4schools<\/li>\n<\/ul>\n<p><a href=\"https:\/\/agora.xtec.cat\/escolasantsadurni\/wp-content\/uploads\/usu1491\/2024\/11\/Programacio-Montornes-24-25.pdf\">Programaci\u00f3 Montorn\u00e8s 24-25<\/a><\/p>\n<p>&nbsp;<\/p>\n","protected":false},"excerpt":{"rendered":"<p>L\u2019any 1982 l\u2019Associaci\u00f3 Cultural de Granollers va crear les \u2018Activitats per a les escoles\u2019 i, amb la complicitat de les administracions, va comen\u00e7ar a proposar a les escoles activitats d\u2019arts esc\u00e8niques: m\u00fasica, teatre, dansa i cinema. M\u00e9s tard s\u2019hi incorporarien activitats d\u2019art i ci\u00e8ncies, entre&hellip;  <a href=\"https:\/\/agora.xtec.cat\/escolasantsadurni\/activitats-i-tallers-2\/associacio-cultural\/\" title=\"Read Associaci\u00f3 Cultural\">Llegeix m\u00e9s\u00bb<\/a><\/p>\n","protected":false},"author":1,"featured_media":0,"parent":2820,"menu_order":10,"comment_status":"closed","ping_status":"closed","template":"page-templates\/side-menu.php","meta":{"_bbp_topic_count":0,"_bbp_reply_count":0,"_bbp_total_topic_count":0,"_bbp_total_reply_count":0,"_bbp_voice_count":0,"_bbp_anonymous_reply_count":0,"_bbp_topic_count_hidden":0,"_bbp_reply_count_hidden":0,"_bbp_forum_subforum_count":0,"footnotes":""},"class_list":["post-2824","page","type-page","status-publish","hentry"],"post_mailing_queue_ids":[],"_links":{"self":[{"href":"https:\/\/agora.xtec.cat\/escolasantsadurni\/wp-json\/wp\/v2\/pages\/2824","targetHints":{"allow":["GET"]}}],"collection":[{"href":"https:\/\/agora.xtec.cat\/escolasantsadurni\/wp-json\/wp\/v2\/pages"}],"about":[{"href":"https:\/\/agora.xtec.cat\/escolasantsadurni\/wp-json\/wp\/v2\/types\/page"}],"author":[{"embeddable":true,"href":"https:\/\/agora.xtec.cat\/escolasantsadurni\/wp-json\/wp\/v2\/users\/1"}],"replies":[{"embeddable":true,"href":"https:\/\/agora.xtec.cat\/escolasantsadurni\/wp-json\/wp\/v2\/comments?post=2824"}],"version-history":[{"count":7,"href":"https:\/\/agora.xtec.cat\/escolasantsadurni\/wp-json\/wp\/v2\/pages\/2824\/revisions"}],"predecessor-version":[{"id":14703,"href":"https:\/\/agora.xtec.cat\/escolasantsadurni\/wp-json\/wp\/v2\/pages\/2824\/revisions\/14703"}],"up":[{"embeddable":true,"href":"https:\/\/agora.xtec.cat\/escolasantsadurni\/wp-json\/wp\/v2\/pages\/2820"}],"wp:attachment":[{"href":"https:\/\/agora.xtec.cat\/escolasantsadurni\/wp-json\/wp\/v2\/media?parent=2824"}],"curies":[{"name":"wp","href":"https:\/\/api.w.org\/{rel}","templated":true}]}}