{"id":28,"date":"2014-09-18T12:29:35","date_gmt":"2014-09-18T11:29:35","guid":{"rendered":"http:\/\/agora.xtec.cat\/escolasantsadurni\/?page_id=28"},"modified":"2025-12-16T09:35:20","modified_gmt":"2025-12-16T08:35:20","slug":"consell-escolar","status":"publish","type":"page","link":"https:\/\/agora.xtec.cat\/escolasantsadurni\/consell-escolar\/","title":{"rendered":"Consell Escolar"},"content":{"rendered":"<div id=\"FW_contingut\" class=\"FW_bContenidorD\">\n<div id=\"unav_gcc_main\">\n<div class=\"FW_column_divider\">\n<div id=\"center_1_1\">\n<div class=\"FW_column_portlet fpc_article\">\n<div class=\"FW_sDetallGeneral\">\n<div class=\"\">\n<div class=\"FW_bContingutArticle \">\n<div class=\"FW_sPregunta FW_sImpacte\">\n<div class=\"FW_sArticleFoto\">\n<div class=\"FW_sEditPro\">\n<p>Les mares i els pares dels alumnes matriculats en un centre educatiu, per mitj\u00e0 dels representants escollits en les eleccions, formen part del consell escolar del centre.<\/p>\n<\/div>\n<\/div>\n<div class=\"FW_clear FW_hrBlanc\"><\/div>\n<\/div>\n<div class=\"FW_sTitolFons\"><\/div>\n<div class=\"FW_sPregunta FW_sImpacte\">\n<h4 id=\"FW_bloc_951ef9be-5613-11e4-9770-000c29cdf219_2\" class=\"FW_ancora\">Qu\u00e8 \u00e9s el consell escolar?<\/h4>\n<div class=\"FW_sArticleFoto\">\n<div class=\"FW_sEditPro\">\n<p>El consell escolar \u00e9s l&#8217;\u00f2rgan de participaci\u00f3 dels diferents sectors de la comunitat educativa en el govern dels centres.<\/p>\n<\/div>\n<\/div>\n<div class=\"FW_sTitolFons\"><\/div>\n<\/div>\n<div class=\"FW_sPregunta FW_sImpacte\">\n<h4 id=\"FW_bloc_951ef9be-5613-11e4-9770-000c29cdf219_3\" class=\"FW_ancora\">Qui forma el consell escolar?<\/h4>\n<div class=\"FW_sArticleFoto\">\n<div class=\"FW_sEditPro\">\n<p>El formen els representants de tota la comunitat educativa, \u00e9s a dir, direcci\u00f3, professors, alumnes, fam\u00edlies, personal d&#8217;administraci\u00f3 i serveis, representant de l&#8217;administraci\u00f3 local i altres persones que el mateix consell consideri necess\u00e0ries.<\/p>\n<\/div>\n<\/div>\n<\/div>\n<div class=\"FW_sPregunta FW_sImpacte\">\n<h4><\/h4>\n<h4 id=\"FW_bloc_951ef9be-5613-11e4-9770-000c29cdf219_4\" class=\"FW_ancora\">Quina \u00e9s la funci\u00f3 del consell escolar als centres p\u00fablics?<\/h4>\n<div class=\"FW_sArticleFoto\">\n<div class=\"FW_sEditPro\">\n<p>La funci\u00f3 principal del consell escolar \u00e9s participar en la presa de decisions en relaci\u00f3 amb aquells temes importants per al funcionament i l&#8217;organitzaci\u00f3 del centre: el projecte educatiu, la programaci\u00f3 general, la gesti\u00f3 econ\u00f2mica, la resoluci\u00f3 dels conflictes, les activitats extraescolars, l&#8217;horari lectiu, etc.<\/p>\n<\/div>\n<\/div>\n<div class=\"FW_sTitolFons\"><\/div>\n<\/div>\n<div class=\"FW_sPregunta FW_sImpacte\">\n<h4 id=\"FW_bloc_951ef9be-5613-11e4-9770-000c29cdf219_6\" class=\"FW_ancora\">Cada quan es convoquen eleccions?<\/h4>\n<div class=\"FW_sArticleFoto\">\n<div class=\"FW_sEditPro\">\n<p>Els representants del consell escolar s\u00f3n escollits per un per\u00edode de quatre anys, per\u00f2 cada dos anys es convoquen eleccions per renovar la meitat dels seus membres.<\/p>\n<p>Les eleccions per a la renovaci\u00f3 del consell escolar les convoca el director del centre p\u00fablic.<\/p>\n<p>Les vacants del consell escolar s&#8217;ocupen segons els resultats de les eleccions. Si un membre deixa el consell, passar\u00e0 a ocupar el seu lloc la seg\u00fcent candidatura m\u00e9s votada en les darreres eleccions. Si no hi ha m\u00e9s candidats per cobrir la pla\u00e7a, queda vacant fins a la propera renovaci\u00f3 del consell escolar.<\/p>\n<\/div>\n<\/div>\n<div class=\"FW_clear FW_hrBlanc\"><\/div>\n<\/div>\n<div class=\"FW_sPregunta FW_sImpacte\">\n<h4 id=\"FW_bloc_951ef9be-5613-11e4-9770-000c29cdf219_7\" class=\"FW_ancora\">Com podeu participar en les eleccions del consell escolar?<\/h4>\n<div class=\"FW_sArticleFoto\">\n<div class=\"FW_sEditPro\">\n<p>En les eleccions, les fam\u00edlies hi podeu participar de dues maneres diferents:<\/p>\n<ul>\n<li>Presentant-vos com a candidats per representar els pares i mares al consell escolar.<\/li>\n<li>Participant el dia que el centre convoqui les eleccions votant els candidats que considereu m\u00e9s representatius.<\/li>\n<\/ul>\n<\/div>\n<\/div>\n<div class=\"FW_clear FW_hrBlanc\"><\/div>\n<\/div>\n<div class=\"FW_sPregunta FW_sImpacte\">\n<h4 id=\"FW_bloc_951ef9be-5613-11e4-9770-000c29cdf219_8\" class=\"FW_ancora\">Per qu\u00e8 \u00e9s important que les fam\u00edlies participeu en el consell escolar?<\/h4>\n<div class=\"FW_sArticleFoto\">\n<div class=\"FW_sEditPro\">\n<p>Els professionals dels centres i les fam\u00edlies compartim un objectiu:\u00a0l&#8217;\u00e8xit social i personal dels fills. Les decisions que es prenen al consell escolar s\u00f3n claus\u00a0per al funcionament i la millora del centre i, per tant, tamb\u00e9 per a l&#8217;\u00e8xit educatiu de tots els alumnes. \u00c9s per aquest motiu que la participaci\u00f3 i implicaci\u00f3 dels pares en les eleccions al consell escolar \u00e9s tan important.<\/p>\n<p>Quan les fam\u00edlies participeu en les eleccions, doneu suport al vostre candidat i delegueu en la seva veu i representaci\u00f3. Aix\u00ed feu arribar les seves opinions i aportacions.<\/p>\n<\/div>\n<\/div>\n<\/div>\n<div class=\"FW_sTitolFons\"><\/div>\n<div class=\"FW_sPregunta FW_sImpacte\">\n<h4 id=\"FW_bloc_951ef9be-5613-11e4-9770-000c29cdf219_11\" class=\"FW_ancora\">Qu\u00e8 vol dir ser representant dels pares i mares al consell escolar?<\/h4>\n<div class=\"FW_sArticleFoto\">\n<div class=\"FW_sEditPro\">\n<p>Les mares i pares representants al consell opinen, aproven, avaluen i elaboren propostes per a la millora del funcionament del centre educatiu.<\/p>\n<p>La seva participaci\u00f3 en el consell escolar vol dir, tamb\u00e9, fer una tasca de representaci\u00f3. Aix\u00f2 significa que, com a membres del consell, la seva participaci\u00f3 no \u00e9s a t\u00edtol individual sin\u00f3 en representaci\u00f3 de totes les fam\u00edlies, donant veu a les seves peticions, preocupacions i iniciatives.<\/p>\n<p>Per representar de manera efica\u00e7 totes les fam\u00edlies del centre, s&#8217;han de recollir les seves propostes i opinions i portar-les al consell escolar. D&#8217;altra banda, tamb\u00e9 cal que els representats informin de tots els assumptes que es tracten en el consell escolar.<\/p>\n<\/div>\n<\/div>\n<div class=\"FW_clear FW_hrBlanc\"><\/div>\n<\/div>\n<div class=\"FW_sPregunta FW_sImpacte\">\n<div class=\"FW_sArticleFoto\">\n<div class=\"FW_sEditPro\">\n<p><span style=\"font-size: 1.4375em; font-weight: bold;\">Qu\u00e8 hem de saber o fer les fam\u00edlies abans de les votacions?<\/span><\/p>\n<\/div>\n<\/div>\n<\/div>\n<div class=\"FW_sPregunta FW_sImpacte\">\n<div class=\"FW_sArticleFoto\">\n<div class=\"FW_sEditPro\">\n<ul>\n<li>Consultar el calendari del proc\u00e9s electoral del vostre centre educatiu.<\/li>\n<li>Consultar el cens electoral provisional publicat per la direcci\u00f3 del centre.<\/li>\n<li>Presentar les reclamacions al cens en cas de no ser-hi.<\/li>\n<li>Consultar la persona que representa l&#8217;AMPA en el consell escolar.<\/li>\n<li>Presentar-nos com a candidats a formar part del consell escolar.<\/li>\n<li>Con\u00e8ixer si hem estat designats membres de la mesa electoral.<\/li>\n<li>Consultar el cens definitiu.<\/li>\n<li>Consultar les candidatures presentades.<\/li>\n<li>Votar.<\/li>\n<\/ul>\n<\/div>\n<\/div>\n<\/div>\n<\/div>\n<\/div>\n<\/div>\n<\/div>\n<\/div>\n<\/div>\n<div id=\"separacio\" class=\"FW_row_panel\"><\/div>\n<div>\n<h4 id=\"FW_bloc_951ef9be-5613-11e4-9770-000c29cdf219_2\" class=\"FW_ancora\">Qui forma part del consell escolar a la nostra escola?<\/h4>\n<\/div>\n<\/div>\n<\/div>\n<div id=\"unav_gcc_peu\" class=\"FW_bPeu\">\n<div id=\"fContainer\">\n<div><\/div>\n<\/div>\n<\/div>\n<p>El consell escolar est\u00e0 format actualment per 17 membres: 6 mestres, 6 pares o mares d&#8217;alumnes (un membre d\u2019aquest sector representa a l&#8217;AFA), 1 representant de l&#8217;Ajuntament, 1 representant del personal administratiu i de serveis (PAS) i els 3 membres de l&#8217;equip directiu.<\/p>\n<p>El consell escolar es reuneix, com a m\u00ednim, una vegada cada trimestre i sempre que circumst\u00e0ncies especials ho requereixin.<\/p>\n<p>Les persones que formen el Consell Escolar s\u00f3n:<\/p>\n<p style=\"text-align: center;\"><span style=\"text-decoration: underline; color: #ff6600;\"><strong>Presidenta<\/strong><\/span><\/p>\n<p style=\"text-align: center;\">Clara Riera Ginjaume<\/p>\n<p style=\"text-align: center;\"><span style=\"text-decoration: underline; color: #ff6600;\"><strong>Cap d\u2019Estudis<\/strong><\/span><\/p>\n<p style=\"text-align: center;\">Crist\u00f3bal Mart\u00edn Rom\u00e1n<\/p>\n<p style=\"text-align: center;\"><span style=\"text-decoration: underline; color: #ff6600;\"><strong>Secret\u00e0ria<\/strong><\/span><\/p>\n<p style=\"text-align: center;\">Montserrat Bonet Pujadas<\/p>\n<p style=\"text-align: center;\"><strong><span style=\"text-decoration: underline; color: #ff6600;\">Representants del Claustre:<\/span><\/strong><\/p>\n<p style=\"text-align: center;\">Carme Torcal Puig<\/p>\n<p style=\"text-align: center;\">Quiara Bachiller S\u00e1nchez<\/p>\n<p style=\"text-align: center;\">Jaume Vi\u00f1allonga Hern\u00e1ndez<\/p>\n<p style=\"text-align: center;\">Silvia S\u00e1nchez Vioque<\/p>\n<p style=\"text-align: center;\">Meritxell S\u00e1nchez Bielsa<\/p>\n<p style=\"text-align: center;\">Vanessa Reboreda Jim\u00e9nez<\/p>\n<p style=\"text-align: center;\"><span style=\"text-decoration: underline; color: #ff6600;\"><strong>Representants de pares i mares:<\/strong><\/span><\/p>\n<p style=\"text-align: center;\">Cristian Cobo Camacho<\/p>\n<p style=\"text-align: center;\">Elisabeth Aguilera Fern\u00e1ndez<\/p>\n<p style=\"text-align: center;\">Liliana G\u00f3mez Luis<\/p>\n<p style=\"text-align: center;\">Rub\u00e9n Navascu\u00e9s Baena<\/p>\n<p style=\"text-align: center;\">Montserrat S\u00e1nchez Valera<\/p>\n<p style=\"text-align: center;\">Jennifer S\u00e1nchez Poveda (Representant de l\u2019AFA)<\/p>\n<p style=\"text-align: center;\"><span style=\"text-decoration: underline; color: #ff6600;\"><strong>Representant de l\u2019Ajuntament:<\/strong><\/span><\/p>\n<p style=\"text-align: center;\">Jos\u00e9 Antonio Montero Dom\u00ednguez<\/p>\n<p style=\"text-align: center;\"><span style=\"text-decoration: underline; color: #ff6600;\"><strong>Representant PAS:<\/strong><\/span><\/p>\n<p style=\"text-align: center;\">Maribel Gonz\u00e1lez Ramos<\/p>\n<p style=\"text-align: center;\">\n","protected":false},"excerpt":{"rendered":"<p>Les mares i els pares dels alumnes matriculats en un centre educatiu, per mitj\u00e0 dels representants escollits en les eleccions, formen part del consell escolar del centre.<\/p>\n<p>Qu\u00e8 \u00e9s el consell escolar?<\/p>\n<p>El consell escolar \u00e9s l&#8217;\u00f2rgan de participaci\u00f3 dels diferents sectors de la comunitat educativa en&hellip;  <a href=\"https:\/\/agora.xtec.cat\/escolasantsadurni\/consell-escolar\/\" title=\"Read Consell Escolar\">Llegeix m\u00e9s\u00bb<\/a><\/p>\n","protected":false},"author":1,"featured_media":0,"parent":0,"menu_order":30,"comment_status":"closed","ping_status":"closed","template":"page-templates\/side-menu.php","meta":{"_bbp_topic_count":0,"_bbp_reply_count":0,"_bbp_total_topic_count":0,"_bbp_total_reply_count":0,"_bbp_voice_count":0,"_bbp_anonymous_reply_count":0,"_bbp_topic_count_hidden":0,"_bbp_reply_count_hidden":0,"_bbp_forum_subforum_count":0,"footnotes":""},"class_list":["post-28","page","type-page","status-publish","hentry"],"post_mailing_queue_ids":[],"_links":{"self":[{"href":"https:\/\/agora.xtec.cat\/escolasantsadurni\/wp-json\/wp\/v2\/pages\/28","targetHints":{"allow":["GET"]}}],"collection":[{"href":"https:\/\/agora.xtec.cat\/escolasantsadurni\/wp-json\/wp\/v2\/pages"}],"about":[{"href":"https:\/\/agora.xtec.cat\/escolasantsadurni\/wp-json\/wp\/v2\/types\/page"}],"author":[{"embeddable":true,"href":"https:\/\/agora.xtec.cat\/escolasantsadurni\/wp-json\/wp\/v2\/users\/1"}],"replies":[{"embeddable":true,"href":"https:\/\/agora.xtec.cat\/escolasantsadurni\/wp-json\/wp\/v2\/comments?post=28"}],"version-history":[{"count":6,"href":"https:\/\/agora.xtec.cat\/escolasantsadurni\/wp-json\/wp\/v2\/pages\/28\/revisions"}],"predecessor-version":[{"id":15410,"href":"https:\/\/agora.xtec.cat\/escolasantsadurni\/wp-json\/wp\/v2\/pages\/28\/revisions\/15410"}],"wp:attachment":[{"href":"https:\/\/agora.xtec.cat\/escolasantsadurni\/wp-json\/wp\/v2\/media?parent=28"}],"curies":[{"name":"wp","href":"https:\/\/api.w.org\/{rel}","templated":true}]}}