{"id":2765,"date":"2018-10-08T15:54:23","date_gmt":"2018-10-08T13:54:23","guid":{"rendered":"http:\/\/agora.xtec.cat\/escolasantsadurni\/?page_id=2765"},"modified":"2025-11-12T11:47:51","modified_gmt":"2025-11-12T10:47:51","slug":"projecte-linguistic","status":"publish","type":"page","link":"https:\/\/agora.xtec.cat\/escolasantsadurni\/projecte-educatiu-2\/projecte-linguistic\/","title":{"rendered":"Projecte Ling\u00fc\u00edstic"},"content":{"rendered":"<p>El Projecte Ling\u00fc\u00edstic del Centre \u00e9s l&#8217;instrument que possibilita que els centres educatius organitzin i gestionin, d&#8217;acord amb la normativa vigent, per\u00f2 de manera aut\u00f2noma, determinats aspectes en refer\u00e8ncia a l\u2019estat i a l\u2019\u00fas de les lleng\u00fces al centre i al tractament curricular de les diferents lleng\u00fces que hi s\u00f3n presents.<\/p>\n<p>Podeu consultar un breu resum del Projecte Ling\u00fc\u00edstic del nostre centre a l&#8217;enlla\u00e7 seg\u00fcent:<\/p>\n<p><a href=\"https:\/\/agora.xtec.cat\/escolasantsadurni\/wp-content\/uploads\/usu1491\/2025\/11\/Projecte-Linguistic-de-Centre-2.pdf\">Resum Projecte Ling\u00fc\u00edstic de Centre 2025-2026<\/a><\/p>\n<p>&nbsp;<\/p>\n<p><strong><em>Per consultar el document complet poseu-vos en contacte amb l&#8217;escola.<\/em><\/strong><\/p>\n","protected":false},"excerpt":{"rendered":"<p>El Projecte Ling\u00fc\u00edstic del Centre \u00e9s l&#8217;instrument que possibilita que els centres educatius organitzin i gestionin, d&#8217;acord amb la normativa vigent, per\u00f2 de manera aut\u00f2noma, determinats aspectes en refer\u00e8ncia a l\u2019estat i a l\u2019\u00fas de les lleng\u00fces al centre i al tractament curricular de les&hellip;  <a href=\"https:\/\/agora.xtec.cat\/escolasantsadurni\/projecte-educatiu-2\/projecte-linguistic\/\" title=\"Read Projecte Ling\u00fc\u00edstic\">Llegeix m\u00e9s\u00bb<\/a><\/p>\n","protected":false},"author":1,"featured_media":0,"parent":2754,"menu_order":40,"comment_status":"closed","ping_status":"closed","template":"page-templates\/side-menu.php","meta":{"_bbp_topic_count":0,"_bbp_reply_count":0,"_bbp_total_topic_count":0,"_bbp_total_reply_count":0,"_bbp_voice_count":0,"_bbp_anonymous_reply_count":0,"_bbp_topic_count_hidden":0,"_bbp_reply_count_hidden":0,"_bbp_forum_subforum_count":0,"footnotes":""},"class_list":["post-2765","page","type-page","status-publish","hentry"],"post_mailing_queue_ids":[],"_links":{"self":[{"href":"https:\/\/agora.xtec.cat\/escolasantsadurni\/wp-json\/wp\/v2\/pages\/2765","targetHints":{"allow":["GET"]}}],"collection":[{"href":"https:\/\/agora.xtec.cat\/escolasantsadurni\/wp-json\/wp\/v2\/pages"}],"about":[{"href":"https:\/\/agora.xtec.cat\/escolasantsadurni\/wp-json\/wp\/v2\/types\/page"}],"author":[{"embeddable":true,"href":"https:\/\/agora.xtec.cat\/escolasantsadurni\/wp-json\/wp\/v2\/users\/1"}],"replies":[{"embeddable":true,"href":"https:\/\/agora.xtec.cat\/escolasantsadurni\/wp-json\/wp\/v2\/comments?post=2765"}],"version-history":[{"count":6,"href":"https:\/\/agora.xtec.cat\/escolasantsadurni\/wp-json\/wp\/v2\/pages\/2765\/revisions"}],"predecessor-version":[{"id":15336,"href":"https:\/\/agora.xtec.cat\/escolasantsadurni\/wp-json\/wp\/v2\/pages\/2765\/revisions\/15336"}],"up":[{"embeddable":true,"href":"https:\/\/agora.xtec.cat\/escolasantsadurni\/wp-json\/wp\/v2\/pages\/2754"}],"wp:attachment":[{"href":"https:\/\/agora.xtec.cat\/escolasantsadurni\/wp-json\/wp\/v2\/media?parent=2765"}],"curies":[{"name":"wp","href":"https:\/\/api.w.org\/{rel}","templated":true}]}}