{"id":2761,"date":"2018-10-08T15:52:31","date_gmt":"2018-10-08T13:52:31","guid":{"rendered":"http:\/\/agora.xtec.cat\/escolasantsadurni\/?page_id=2761"},"modified":"2025-05-05T16:20:46","modified_gmt":"2025-05-05T14:20:46","slug":"normes-dorganitzacio-i-funcionament-del-centre","status":"publish","type":"page","link":"https:\/\/agora.xtec.cat\/escolasantsadurni\/projecte-educatiu-2\/normes-dorganitzacio-i-funcionament-del-centre\/","title":{"rendered":"Normes d&#8217;Organitzaci\u00f3 i Funcionament del Centre"},"content":{"rendered":"<p>Les NOFC han d\u2019aplegar el conjunt d\u2019acords i decisions d\u2019organitzaci\u00f3 i\u00a0funcionament que s\u2019hi adoptin per fer possible, en el dia a dia, el treball educatiu i de gesti\u00f3 que permeti assolir els objectius proposats en el PEC (Projecte Educatiu de Centre) i en la PGC (Programaci\u00f3 General Anual).<\/p>\n<p>Correspon al centre educatiu determinar l&#8217;estructura organitzativa pr\u00f2pia d&#8217;acord amb els objectius i criteris del projecte educatiu de centre. L&#8217;organitzaci\u00f3 no \u00e9s una finalitat en si mateixa, sin\u00f3 un instrument per desenvolupar i fer possible el projecte educatiu i, en \u00faltim terme, assolir l&#8217;\u00e8xit educatiu.\u00a0Els centres educatius han d&#8217;elaborar les normes d&#8217;organitzaci\u00f3 i funcionament (NOFC), d&#8217;acord amb el que estableix el Decret 102\/2010, d&#8217;autonomia dels centres educatius.<\/p>\n<p>Les NOFC han de contenir elements relacionats amb l&#8217;estructura organitzativa del centre, els mecanismes pedag\u00f2gics, procediments interns, aspectes relacionats amb la conviv\u00e8ncia&#8230;<\/p>\n<p>Podeu consultar les NOFC del nostre centre al seg\u00fcent enlla\u00e7:<\/p>\n<p><a href=\"https:\/\/drive.google.com\/file\/d\/1Qbn3XWUBAbrz6tHNSqCbW-1_TpwGNOB8\/view?usp=sharing\">NOFC<\/a><\/p>\n<p>&nbsp;<\/p>\n","protected":false},"excerpt":{"rendered":"<p>Les NOFC han d\u2019aplegar el conjunt d\u2019acords i decisions d\u2019organitzaci\u00f3 i\u00a0funcionament que s\u2019hi adoptin per fer possible, en el dia a dia, el treball educatiu i de gesti\u00f3 que permeti assolir els objectius proposats en el PEC (Projecte Educatiu de Centre) i en la PGC&hellip;  <a href=\"https:\/\/agora.xtec.cat\/escolasantsadurni\/projecte-educatiu-2\/normes-dorganitzacio-i-funcionament-del-centre\/\" title=\"Read Normes d&#8217;Organitzaci\u00f3 i Funcionament del Centre\">Llegeix m\u00e9s\u00bb<\/a><\/p>\n","protected":false},"author":1,"featured_media":0,"parent":2754,"menu_order":20,"comment_status":"closed","ping_status":"closed","template":"page-templates\/side-menu.php","meta":{"_bbp_topic_count":0,"_bbp_reply_count":0,"_bbp_total_topic_count":0,"_bbp_total_reply_count":0,"_bbp_voice_count":0,"_bbp_anonymous_reply_count":0,"_bbp_topic_count_hidden":0,"_bbp_reply_count_hidden":0,"_bbp_forum_subforum_count":0,"footnotes":""},"class_list":["post-2761","page","type-page","status-publish","hentry"],"post_mailing_queue_ids":[],"_links":{"self":[{"href":"https:\/\/agora.xtec.cat\/escolasantsadurni\/wp-json\/wp\/v2\/pages\/2761","targetHints":{"allow":["GET"]}}],"collection":[{"href":"https:\/\/agora.xtec.cat\/escolasantsadurni\/wp-json\/wp\/v2\/pages"}],"about":[{"href":"https:\/\/agora.xtec.cat\/escolasantsadurni\/wp-json\/wp\/v2\/types\/page"}],"author":[{"embeddable":true,"href":"https:\/\/agora.xtec.cat\/escolasantsadurni\/wp-json\/wp\/v2\/users\/1"}],"replies":[{"embeddable":true,"href":"https:\/\/agora.xtec.cat\/escolasantsadurni\/wp-json\/wp\/v2\/comments?post=2761"}],"version-history":[{"count":7,"href":"https:\/\/agora.xtec.cat\/escolasantsadurni\/wp-json\/wp\/v2\/pages\/2761\/revisions"}],"predecessor-version":[{"id":14987,"href":"https:\/\/agora.xtec.cat\/escolasantsadurni\/wp-json\/wp\/v2\/pages\/2761\/revisions\/14987"}],"up":[{"embeddable":true,"href":"https:\/\/agora.xtec.cat\/escolasantsadurni\/wp-json\/wp\/v2\/pages\/2754"}],"wp:attachment":[{"href":"https:\/\/agora.xtec.cat\/escolasantsadurni\/wp-json\/wp\/v2\/media?parent=2761"}],"curies":[{"name":"wp","href":"https:\/\/api.w.org\/{rel}","templated":true}]}}