{"id":2754,"date":"2018-10-08T15:45:04","date_gmt":"2018-10-08T13:45:04","guid":{"rendered":"http:\/\/agora.xtec.cat\/escolasantsadurni\/?page_id=2754"},"modified":"2022-03-22T16:01:53","modified_gmt":"2022-03-22T15:01:53","slug":"projecte-educatiu-2","status":"publish","type":"page","link":"https:\/\/agora.xtec.cat\/escolasantsadurni\/projecte-educatiu-2\/","title":{"rendered":"Documents de centre"},"content":{"rendered":"<p>&nbsp;<\/p>\n<p>El projecte educatiu recull la identitat del centre, n&#8217;explica els objectius, n&#8217;orienta l&#8217;activitat i li&#8217;n dona sentit amb la finalitat que els alumnes assoleixin les compet\u00e8ncies b\u00e0siques i, m\u00e9s en general, el m\u00e0xim aprofitament educatiu.<\/p>\n<figure class=\"figure wp-caption alignleft\"><a href=\"https:\/\/agora.xtec.cat\/escolasantsadurni\/wp-content\/uploads\/usu1491\/2017\/04\/PEC.pdf\" target=\"_blank\" rel=\"noopener\"><img loading=\"lazy\" decoding=\"async\" class=\"wp-image-640 size-medium\" title=\"DESCARREGA EL PEC\" src=\"https:\/\/agora.xtec.cat\/escolasantsadurni\/wp-content\/uploads\/usu1491\/2014\/09\/portada-PEC-196x300.png\" alt=\"portada PEC\" width=\"196\" height=\"300\" srcset=\"https:\/\/agora.xtec.cat\/escolasantsadurni\/wp-content\/uploads\/usu1491\/2014\/09\/portada-PEC-196x300.png 196w, https:\/\/agora.xtec.cat\/escolasantsadurni\/wp-content\/uploads\/usu1491\/2014\/09\/portada-PEC.png 428w\" sizes=\"auto, (max-width: 196px) 100vw, 196px\" \/><\/a><figcaption class=\"wp-caption-text\"><strong>DESCARREGA<\/strong><\/figcaption><\/figure>\n<p>Es objectius generals s\u00f3n:<\/p>\n<h2 class=\"wsite-content-title\"><span style=\"color: #24678d;\">Escola Catalana<\/span><\/h2>\n<div class=\"paragraph\">\n<ul>\n<li>Donar con\u00e8ixer i fer participar els \/ les alumnes i a la comunitat educativa, la realitat sociocultural, amb l&#8217;objectiu de que sentin com a pr\u00f2pia la cultura catalana.<\/li>\n<li>Potenciar les particularitats que conformen la cultura catalana, \u00a0portant a terme el coneixement i la celebraci\u00f3 de les festes i tradicions culturals pr\u00f2pies del pa\u00eds, aix\u00ed com tots els elements que caracteritzen la nostra cultura.<\/li>\n<li>Considerar el catal\u00e0 com a llengua de l&#8217;escola, i per tant, la llengua en qu\u00e8 es realitza l&#8217;aprenentatge de la lectura i escriptura i en que s&#8217;imparteixen totes les mat\u00e8ries, llevat de la llengua castellana i l&#8217;angl\u00e8s.<\/li>\n<li>Afavorir, posant-hi els mitjans adequats, que la llengua catalana sigui el de vehicle de relaci\u00f3 entre tots els membres de la comunitat educativa.<\/li>\n<li>Garantir el coneixement oral i escrit de les dues lleng\u00fces oficials (catal\u00e0 i castell\u00e0) al acabar l&#8217;educaci\u00f3 prim\u00e0ria.<\/li>\n<\/ul>\n<\/div>\n<div class=\"wsite-spacer\"><\/div>\n<h2 class=\"wsite-content-title\"><span style=\"color: #24678d;\">Escola Activa<\/span><\/h2>\n<div class=\"paragraph\">\n<ul>\n<li>Consensuar i aplicar una\u00a0l\u00ednia\u00a0metodol\u00f2gica coherent, portada a terme amb criteris homogenis d&#8217;actuaci\u00f3 entre els diferents\u00a0cicles.<\/li>\n<li>Fomentar el gust pel saber i per la lectura, tot afavorint una actitud d&#8217;observaci\u00f3 constant i de recerca, una actitud oberta i de col\u00b7laboraci\u00f3 amb l&#8217;entorn.<\/li>\n<li>Cultivar l&#8217;activitat i la iniciativa per l&#8217;adquisici\u00f3 de coneixements i la sistematitzaci\u00f3 cient\u00edfica, potenciant la connexi\u00f3 entre teoria i pr\u00e0ctica, entre treball i estudi.<\/li>\n<li>Afavorir la utilitzaci\u00f3 de diferents fons\u00a0d&#8217;informaci\u00f3\u00a0per con\u00e8ixer la realitat, i la utilitzaci\u00f3 de diferents materials did\u00e0ctics i de\u00a0consulta: bibliografia diversa, dossiers, premsa, materials audiovisuals, materials amb suport inform\u00e0tic&#8230;<\/li>\n<li>Valorar l&#8217;esfor\u00e7 individual de cada alumne i el treball en equip, admetent la diversitat de ritmes evolutius, de capacitats individuals, de difer\u00e8ncies ps\u00edquiques, sent alhora exigents amb el seu treball, en l&#8217;afany de superaci\u00f3 i en l&#8217;autoestima.<\/li>\n<\/ul>\n<\/div>\n<div class=\"wsite-spacer\"><\/div>\n<h2 class=\"wsite-content-title\"><span style=\"color: #24678d;\">Escola Plural i Valors Democr\u00e0tics<\/span><\/h2>\n<div class=\"paragraph\">\n<ul>\n<li>Treballar per fer ciutadans actius i participatius i que tinguin consci\u00e8ncia de pert\u00e0nyer a una col\u00b7lectivitat.<\/li>\n<li>Assignar continguts i activitats referents a valors democr\u00e0tics dins les \u00e0rees curriculars com a eixos transversals, i tamb\u00e9 en les \u00e0rees de Coneixement del Medi Social i Natural i educaci\u00f3 per a la Ciutadania.<\/li>\n<li>Treballar per aconseguir el respecte a totes les creences, dins del marcs dels drets humans.<\/li>\n<li>Treballar per que les pautes i orientacions que es donin a l&#8217;alumnat sorgeixin d&#8217;un consens i acord entre tot el claustre.<\/li>\n<li>Introduir nous continguts d&#8217;educaci\u00f3 social: educaci\u00f3 vi\u00e0ria, educaci\u00f3 per a la salut i educaci\u00f3 ambiental.<\/li>\n<li>Implicar a les fam\u00edlies per tal que ajudin els seus fills i filles en el proc\u00e9s de l&#8217;adquisici\u00f3 de valors des de la pr\u00f2pia vida i el di\u00e0leg.<\/li>\n<\/ul>\n<p><strong>Escola democr\u00e0tica<\/strong><\/p>\n<ul>\n<li style=\"list-style-type: none;\">\n<ul>\n<li>Treballar perqu\u00e8 tots els sectors de la comunitat educativa participin, des del seu \u00e0mbit, en la consecuci\u00f3 dels objectius que s&#8217;expliciten en aquest projecte<\/li>\n<li>Potenciar mecanismes de participaci\u00f3 diversos, de\u00a0discussi\u00f3, de di\u00e0leg i de consens per gestionar centre.<\/li>\n<li>Desenvolupar l&#8217;esperit cr\u00edtic, la capacitat de discussi\u00f3 i de decisi\u00f3.<\/li>\n<\/ul>\n<\/li>\n<\/ul>\n<p><strong>Coeducaci\u00f3<\/strong><\/p>\n<ul>\n<li>Treballar activament per eliminar les discriminacions per ra\u00f3 de sexe.<\/li>\n<li>Treballar per a la superaci\u00f3 de mites, tab\u00fas i diferenciacions de rols entre home i dona.<\/li>\n<li>Aconseguir la plena integraci\u00f3 social de totes les persones, potenciant la igualtat real de drets i deures d&#8217;ambd\u00f3s sexes.<\/li>\n<\/ul>\n<p><strong>Integraci\u00f3 i diversitat<\/strong><\/p>\n<ul>\n<li>Respectar la diversitat dels ritmes evolutius, de capacitat intel\u00b7lectuals, de difer\u00e8ncies f\u00edsiques, culturals i socials.<\/li>\n<li>Adequar el curr\u00edculum a les necessitats educatives de l&#8217;alumnat.<\/li>\n<li>Treballar conjuntament amb diferents professionals i programes educatius diversos perqu\u00e8 aportin coneixements i recursos a l&#8217;escola.<\/li>\n<\/ul>\n<\/div>\n<p>&nbsp;<\/p>\n","protected":false},"excerpt":{"rendered":"<p>&nbsp;<br \/>\nEl projecte educatiu recull la identitat del centre, n&#8217;explica els objectius, n&#8217;orienta l&#8217;activitat i li&#8217;n dona sentit amb la finalitat que els alumnes assoleixin les compet\u00e8ncies b\u00e0siques i, m\u00e9s en general, el m\u00e0xim aprofitament educatiu.<br \/>\n<a href=\"https:\/\/agora.xtec.cat\/escolasantsadurni\/wp-content\/uploads\/usu1491\/2017\/04\/PEC.pdf\" target=\"_blank\" rel=\"noopener\"><\/a>DESCARREGA<br \/>\nEs objectius generals s\u00f3n:<br \/>\nEscola Catalana<\/p>\n<ul>\n<li>Donar con\u00e8ixer i fer&hellip;  <a href=\"https:\/\/agora.xtec.cat\/escolasantsadurni\/projecte-educatiu-2\/\" title=\"Read Documents de centre\">Llegeix m\u00e9s\u00bb<\/a><br \/>\n","protected":false},"author":1,"featured_media":0,"parent":0,"menu_order":0,"comment_status":"closed","ping_status":"closed","template":"","meta":{"_bbp_topic_count":0,"_bbp_reply_count":0,"_bbp_total_topic_count":0,"_bbp_total_reply_count":0,"_bbp_voice_count":0,"_bbp_anonymous_reply_count":0,"_bbp_topic_count_hidden":0,"_bbp_reply_count_hidden":0,"_bbp_forum_subforum_count":0,"footnotes":""},"class_list":["post-2754","page","type-page","status-publish","hentry"],"post_mailing_queue_ids":[],"_links":{"self":[{"href":"https:\/\/agora.xtec.cat\/escolasantsadurni\/wp-json\/wp\/v2\/pages\/2754","targetHints":{"allow":["GET"]}}],"collection":[{"href":"https:\/\/agora.xtec.cat\/escolasantsadurni\/wp-json\/wp\/v2\/pages"}],"about":[{"href":"https:\/\/agora.xtec.cat\/escolasantsadurni\/wp-json\/wp\/v2\/types\/page"}],"author":[{"embeddable":true,"href":"https:\/\/agora.xtec.cat\/escolasantsadurni\/wp-json\/wp\/v2\/users\/1"}],"replies":[{"embeddable":true,"href":"https:\/\/agora.xtec.cat\/escolasantsadurni\/wp-json\/wp\/v2\/comments?post=2754"}],"version-history":[{"count":3,"href":"https:\/\/agora.xtec.cat\/escolasantsadurni\/wp-json\/wp\/v2\/pages\/2754\/revisions"}],"predecessor-version":[{"id":11926,"href":"https:\/\/agora.xtec.cat\/escolasantsadurni\/wp-json\/wp\/v2\/pages\/2754\/revisions\/11926"}],"wp:attachment":[{"href":"https:\/\/agora.xtec.cat\/escolasantsadurni\/wp-json\/wp\/v2\/media?parent=2754"}],"curies":[{"name":"wp","href":"https:\/\/api.w.org\/{rel}","templated":true}]}}