{"id":2707,"date":"2018-10-06T13:47:00","date_gmt":"2018-10-06T11:47:00","guid":{"rendered":"http:\/\/agora.xtec.cat\/escolasantsadurni\/?page_id=2707"},"modified":"2025-03-08T20:18:36","modified_gmt":"2025-03-08T19:18:36","slug":"acollida","status":"publish","type":"page","link":"https:\/\/agora.xtec.cat\/escolasantsadurni\/serveis\/acollida\/","title":{"rendered":"Servei d&#8217;acollida"},"content":{"rendered":"<p>L\u2019escola ofereix <strong data-start=\"63\" data-end=\"84\">servei d\u2019acollida<\/strong> per facilitar la conciliaci\u00f3 familiar, garantint un espai segur i supervisat per als infants.<\/p>\n<p>Per m\u00e9s informaci\u00f3 parlar amb la Maite, persona responsable d&#8217;aquest servei al tel\u00e8fon <strong>675945398.<\/strong><\/p>\n<p><a href=\"https:\/\/agora.xtec.cat\/escolasantsadurni\/serveis\/acollida\/attachment\/cole_jane-massey-1\/\" rel=\"attachment wp-att-14389\"><img loading=\"lazy\" decoding=\"async\" class=\"wp-image-14389 aligncenter\" src=\"https:\/\/agora.xtec.cat\/escolasantsadurni\/wp-content\/uploads\/usu1491\/2025\/02\/cole_jane-massey-1-300x298.jpeg\" alt=\"\" width=\"205\" height=\"204\" srcset=\"https:\/\/agora.xtec.cat\/escolasantsadurni\/wp-content\/uploads\/usu1491\/2025\/02\/cole_jane-massey-1-300x298.jpeg 300w, https:\/\/agora.xtec.cat\/escolasantsadurni\/wp-content\/uploads\/usu1491\/2025\/02\/cole_jane-massey-1-150x150.jpeg 150w, https:\/\/agora.xtec.cat\/escolasantsadurni\/wp-content\/uploads\/usu1491\/2025\/02\/cole_jane-massey-1.jpeg 603w\" sizes=\"auto, (max-width: 205px) 100vw, 205px\" \/><img loading=\"lazy\" decoding=\"async\" class=\"wp-image-14808 alignright\" src=\"https:\/\/agora.xtec.cat\/escolasantsadurni\/wp-content\/uploads\/usu1491\/2025\/03\/baixa.png\" alt=\"\" width=\"99\" height=\"76\" \/><\/a><\/p>\n","protected":false},"excerpt":{"rendered":"<p>L\u2019escola ofereix servei d\u2019acollida per facilitar la conciliaci\u00f3 familiar, garantint un espai segur i supervisat per als infants.<br \/>\nPer m\u00e9s informaci\u00f3 parlar amb la Maite, persona responsable d&#8217;aquest servei al tel\u00e8fon 675945398.<br \/>\n<a href=\"https:\/\/agora.xtec.cat\/escolasantsadurni\/serveis\/acollida\/attachment\/cole_jane-massey-1\/\" rel=\"attachment wp-att-14389\"><\/a><\/p>\n","protected":false},"author":1,"featured_media":0,"parent":66,"menu_order":10,"comment_status":"closed","ping_status":"closed","template":"page-templates\/side-menu.php","meta":{"_bbp_topic_count":0,"_bbp_reply_count":0,"_bbp_total_topic_count":0,"_bbp_total_reply_count":0,"_bbp_voice_count":0,"_bbp_anonymous_reply_count":0,"_bbp_topic_count_hidden":0,"_bbp_reply_count_hidden":0,"_bbp_forum_subforum_count":0,"footnotes":""},"class_list":["post-2707","page","type-page","status-publish","hentry"],"post_mailing_queue_ids":[],"_links":{"self":[{"href":"https:\/\/agora.xtec.cat\/escolasantsadurni\/wp-json\/wp\/v2\/pages\/2707","targetHints":{"allow":["GET"]}}],"collection":[{"href":"https:\/\/agora.xtec.cat\/escolasantsadurni\/wp-json\/wp\/v2\/pages"}],"about":[{"href":"https:\/\/agora.xtec.cat\/escolasantsadurni\/wp-json\/wp\/v2\/types\/page"}],"author":[{"embeddable":true,"href":"https:\/\/agora.xtec.cat\/escolasantsadurni\/wp-json\/wp\/v2\/users\/1"}],"replies":[{"embeddable":true,"href":"https:\/\/agora.xtec.cat\/escolasantsadurni\/wp-json\/wp\/v2\/comments?post=2707"}],"version-history":[{"count":6,"href":"https:\/\/agora.xtec.cat\/escolasantsadurni\/wp-json\/wp\/v2\/pages\/2707\/revisions"}],"predecessor-version":[{"id":14390,"href":"https:\/\/agora.xtec.cat\/escolasantsadurni\/wp-json\/wp\/v2\/pages\/2707\/revisions\/14390"}],"up":[{"embeddable":true,"href":"https:\/\/agora.xtec.cat\/escolasantsadurni\/wp-json\/wp\/v2\/pages\/66"}],"wp:attachment":[{"href":"https:\/\/agora.xtec.cat\/escolasantsadurni\/wp-json\/wp\/v2\/media?parent=2707"}],"curies":[{"name":"wp","href":"https:\/\/api.w.org\/{rel}","templated":true}]}}