{"id":2695,"date":"2018-10-06T13:30:23","date_gmt":"2018-10-06T11:30:23","guid":{"rendered":"http:\/\/agora.xtec.cat\/escolasantsadurni\/?page_id=2695"},"modified":"2025-02-19T16:16:55","modified_gmt":"2025-02-19T15:16:55","slug":"documents","status":"publish","type":"page","link":"https:\/\/agora.xtec.cat\/escolasantsadurni\/secretaria\/documents\/","title":{"rendered":"Documents"},"content":{"rendered":"<p>En aquest apartat de la web trobareu documents d&#8217;\u00fas quotidi\u00e0 i d&#8217;altres autoritzacions que el centre us requereix. Aquests s\u00f3n els seg\u00fcents:<\/p>\n<p><a href=\"https:\/\/agora.xtec.cat\/escolasantsadurni\/wp-content\/uploads\/usu1491\/2021\/10\/AutoritzacioMedicaments.pdf\">Autoritzaci\u00f3 Medicaments<\/a><\/p>\n<p><a href=\"https:\/\/agora.xtec.cat\/escolasantsadurni\/wp-content\/uploads\/usu1491\/2021\/10\/Sollicitud_i_autoritzacio_medicaments_allergies.pdf\">Sol\u00b7licitud i autoritzaci\u00f3 al\u00b7l\u00e8rgies i\/o intoler\u00e0ncies\u00a0<\/a><\/p>\n<p><a href=\"https:\/\/agora.xtec.cat\/escolasantsadurni\/wp-content\/uploads\/usu1491\/2020\/09\/GoogleClassroomFam%C3%ADlies.pdf\">Tutorial per fer servir el Classroom<\/a><\/p>\n<p>&nbsp;<\/p>\n","protected":false},"excerpt":{"rendered":"<p>En aquest apartat de la web trobareu documents d&#8217;\u00fas quotidi\u00e0 i d&#8217;altres autoritzacions que el centre us requereix. Aquests s\u00f3n els seg\u00fcents:<br \/>\n<a href=\"https:\/\/agora.xtec.cat\/escolasantsadurni\/wp-content\/uploads\/usu1491\/2021\/10\/AutoritzacioMedicaments.pdf\">Autoritzaci\u00f3 Medicaments<\/a><br \/>\n<a href=\"https:\/\/agora.xtec.cat\/escolasantsadurni\/wp-content\/uploads\/usu1491\/2021\/10\/Sollicitud_i_autoritzacio_medicaments_allergies.pdf\">Sol\u00b7licitud i autoritzaci\u00f3 al\u00b7l\u00e8rgies i\/o intoler\u00e0ncies\u00a0<\/a><br \/>\n<a href=\"https:\/\/agora.xtec.cat\/escolasantsadurni\/wp-content\/uploads\/usu1491\/2020\/09\/GoogleClassroomFam%C3%ADlies.pdf\">Tutorial per fer servir el Classroom<\/a><br \/>\n&nbsp;<\/p>\n","protected":false},"author":1,"featured_media":0,"parent":2674,"menu_order":10,"comment_status":"closed","ping_status":"closed","template":"page-templates\/side-menu.php","meta":{"_bbp_topic_count":0,"_bbp_reply_count":0,"_bbp_total_topic_count":0,"_bbp_total_reply_count":0,"_bbp_voice_count":0,"_bbp_anonymous_reply_count":0,"_bbp_topic_count_hidden":0,"_bbp_reply_count_hidden":0,"_bbp_forum_subforum_count":0,"footnotes":""},"class_list":["post-2695","page","type-page","status-publish","hentry"],"post_mailing_queue_ids":[],"_links":{"self":[{"href":"https:\/\/agora.xtec.cat\/escolasantsadurni\/wp-json\/wp\/v2\/pages\/2695","targetHints":{"allow":["GET"]}}],"collection":[{"href":"https:\/\/agora.xtec.cat\/escolasantsadurni\/wp-json\/wp\/v2\/pages"}],"about":[{"href":"https:\/\/agora.xtec.cat\/escolasantsadurni\/wp-json\/wp\/v2\/types\/page"}],"author":[{"embeddable":true,"href":"https:\/\/agora.xtec.cat\/escolasantsadurni\/wp-json\/wp\/v2\/users\/1"}],"replies":[{"embeddable":true,"href":"https:\/\/agora.xtec.cat\/escolasantsadurni\/wp-json\/wp\/v2\/comments?post=2695"}],"version-history":[{"count":7,"href":"https:\/\/agora.xtec.cat\/escolasantsadurni\/wp-json\/wp\/v2\/pages\/2695\/revisions"}],"predecessor-version":[{"id":14652,"href":"https:\/\/agora.xtec.cat\/escolasantsadurni\/wp-json\/wp\/v2\/pages\/2695\/revisions\/14652"}],"up":[{"embeddable":true,"href":"https:\/\/agora.xtec.cat\/escolasantsadurni\/wp-json\/wp\/v2\/pages\/2674"}],"wp:attachment":[{"href":"https:\/\/agora.xtec.cat\/escolasantsadurni\/wp-json\/wp\/v2\/media?parent=2695"}],"curies":[{"name":"wp","href":"https:\/\/api.w.org\/{rel}","templated":true}]}}