{"id":26,"date":"2014-09-18T12:24:32","date_gmt":"2014-09-18T11:24:32","guid":{"rendered":"http:\/\/agora.xtec.cat\/escolasantsadurni\/?page_id=26"},"modified":"2025-02-19T13:52:30","modified_gmt":"2025-02-19T12:52:30","slug":"historia","status":"publish","type":"page","link":"https:\/\/agora.xtec.cat\/escolasantsadurni\/lescola\/historia\/","title":{"rendered":"Hist\u00f2ria"},"content":{"rendered":"<p>A l\u2019Arxiu Municipal disposen d\u2019alguns expedients sobre diverses fases de construcci\u00f3 de l\u2019escola Sant Sadurn\u00ed. Destaquem les dades m\u00e9s rellevants a fi i efecte d\u2019esbrinar la data d\u2019inici de les primeres aules que van existir on avui hi ha la nostra escola.<\/p>\n<p>Des de la primera meitat del segle XX funcionava l\u2019escola de nens i l\u2019escola de nenes a la pla\u00e7a de la Constituci\u00f3, actual pla\u00e7a Joaquim Mir.<\/p>\n<p>A causa de l\u2019augment de la poblaci\u00f3 i l\u2019elevat nombre d\u2019alumnes, l\u2019ajuntament acorda en sessi\u00f3 plen\u00e0ria fer oficial la petici\u00f3 de noves escoles (16 de desembre de 1959).<\/p>\n<p>El 17 d\u2019agost de 1960 s\u2019aprova el conveni amb la comtessa d\u2019Alba de Liste per a l\u2019adquisici\u00f3 de terrenys (situats a l\u2019antic camp de futbol).<\/p>\n<p>El Pla de construccions escolars de de 1961 del Ministerio de Educaci\u00f3n Nacional inclou la creaci\u00f3 de dues escoles m\u00e9s a Montorn\u00e8s (cal entendre \u201cescola\u201d com a aula).<\/p>\n<p>Hi ha const\u00e0ncia que l\u2019abril de 1963 ja s\u2019estaven fent les obres per construir aquestes dues aules.<\/p>\n<p>El 27 de maig de 1964 s\u2019aproven la primera i darrera certificaci\u00f3 de l\u2019obra executada.<\/p>\n<p>El BOE de 17 de setembre de 1964 publica la creaci\u00f3 de les escoles mitjan\u00e7ant ordre ministerial de 29 d\u2019agost anterior.<\/p>\n<p><em>\u201cUna unidad de ninos y una de ni\u00f1as en el casco del Ayuntamiento de Montorn\u00e8s del Vall\u00e8s, que con la unidad de ni\u00f1os y unidad de ni\u00f1as existentes, constituiran Agrupaci\u00f3n Mixta &lt;San Saturnino&gt; con Direcci\u00f3n con curso y cuatro unidades (dos de ninos y dos de ni\u00f1as).\u201d<\/em><\/p>\n<p>L\u2019inspector de la zona, en una acta de funcionament de 13 d\u2019octubre de 1964, informa que tot est\u00e0 a punt i sol\u00b7licita el nomenament de mestres.<\/p>\n<p>Del 13 d\u2019octubre de 1964 \u00e9s una nota dels mestres que impartien classe a la pla\u00e7a Joaquim Mir, en que sol\u00b7liciten la compra de bancs addicionals perqu\u00e8 puguin seure els 90 nens i les 85 nenes que val al centre, atenent que la capacitat m\u00e0xima \u00e9s de 72 seients per a cada grup. La situaci\u00f3 de saturaci\u00f3 era desesperada.<\/p>\n<p>El 15 de febrer de 1965 arriba una llista de mobiliari que els anir\u00e0 arribant de part del Ministerio.<\/p>\n<p>El 23 de febrer de 1965 es convoca una reuni\u00f3 per realitzar la recepci\u00f3 provisional de les obres de les dues aules noves.<\/p>\n<p>Durant el mes d\u2019abril de 1965 es rep el material. Les taules dels professors, armaris i pissarres es reben el dia 2 mentre que els pupitres arriben a finals de mes per culpa de que els primers que van arribar eren defectuosos.<\/p>\n<p>El 15 de maig de 1965, una carta dels mestres nous a l\u2019Ajuntament evidencia que ja estan funcionant les dues noves aules i que ho fan amb els alumnes (nens i nenes) m\u00e9s petits. Els mestres, el senyor Conesa i la senyora Fenollosa, reclamen al consistori la construcci\u00f3 urgent d\u2019una tanca pel per\u00edmetre de l\u2019escola per prevenir accidents.<\/p>\n<p><strong>Per tant podr\u00edem afirmar que l\u2019inici de les classes en l\u2019enclavament on avui es troba l\u2019escola Sant Sadurn\u00ed, va ser entre finals d\u2019abril i principis de maig de 1965<\/strong>.<\/p>\n<p>A partir d\u2019aqu\u00ed hi ha dues llargues fases m\u00e9s d\u2019ampliaci\u00f3 d\u2019aules, realitzaci\u00f3 de vivendes per a mestres, pati, porxo&#8230; que acaben amb la construcci\u00f3 de l\u2019edifici b\u00e0sic que coneixem avui. A l\u2019Arxiu es conserven els pl\u00e0nols. Una fase acaba el 1966 i l\u2019altra l\u2019any 1969.<\/p>\n<p>No sabem la data exacte de la inauguraci\u00f3 oficial del nou centre escolar per\u00f2 sabem que el 28 de maig de 1969 el Ple aprova per via d\u2019urg\u00e8ncia urbanitzar el carrer Balmes i la Pla\u00e7a General\u00edsimo \u201c <em>ante la inminencia de la inauguraci\u00f3n del grupo escolar San Saturnino\u201d<\/em>.<\/p>\n<p>&nbsp;<\/p>\n<p>&nbsp;<\/p>\n","protected":false},"excerpt":{"rendered":"<p>A l\u2019Arxiu Municipal disposen d\u2019alguns expedients sobre diverses fases de construcci\u00f3 de l\u2019escola Sant Sadurn\u00ed. Destaquem les dades m\u00e9s rellevants a fi i efecte d\u2019esbrinar la data d\u2019inici de les primeres aules que van existir on avui hi ha la nostra escola.<br \/>\nDes de la primera&hellip;  <a href=\"https:\/\/agora.xtec.cat\/escolasantsadurni\/lescola\/historia\/\" title=\"Read Hist\u00f2ria\">Llegeix m\u00e9s\u00bb<\/a><\/p>\n","protected":false},"author":1,"featured_media":0,"parent":22,"menu_order":20,"comment_status":"closed","ping_status":"closed","template":"page-templates\/side-menu.php","meta":{"_bbp_topic_count":0,"_bbp_reply_count":0,"_bbp_total_topic_count":0,"_bbp_total_reply_count":0,"_bbp_voice_count":0,"_bbp_anonymous_reply_count":0,"_bbp_topic_count_hidden":0,"_bbp_reply_count_hidden":0,"_bbp_forum_subforum_count":0,"footnotes":""},"class_list":["post-26","page","type-page","status-publish","hentry"],"post_mailing_queue_ids":[],"_links":{"self":[{"href":"https:\/\/agora.xtec.cat\/escolasantsadurni\/wp-json\/wp\/v2\/pages\/26","targetHints":{"allow":["GET"]}}],"collection":[{"href":"https:\/\/agora.xtec.cat\/escolasantsadurni\/wp-json\/wp\/v2\/pages"}],"about":[{"href":"https:\/\/agora.xtec.cat\/escolasantsadurni\/wp-json\/wp\/v2\/types\/page"}],"author":[{"embeddable":true,"href":"https:\/\/agora.xtec.cat\/escolasantsadurni\/wp-json\/wp\/v2\/users\/1"}],"replies":[{"embeddable":true,"href":"https:\/\/agora.xtec.cat\/escolasantsadurni\/wp-json\/wp\/v2\/comments?post=26"}],"version-history":[{"count":5,"href":"https:\/\/agora.xtec.cat\/escolasantsadurni\/wp-json\/wp\/v2\/pages\/26\/revisions"}],"predecessor-version":[{"id":14482,"href":"https:\/\/agora.xtec.cat\/escolasantsadurni\/wp-json\/wp\/v2\/pages\/26\/revisions\/14482"}],"up":[{"embeddable":true,"href":"https:\/\/agora.xtec.cat\/escolasantsadurni\/wp-json\/wp\/v2\/pages\/22"}],"wp:attachment":[{"href":"https:\/\/agora.xtec.cat\/escolasantsadurni\/wp-json\/wp\/v2\/media?parent=26"}],"curies":[{"name":"wp","href":"https:\/\/api.w.org\/{rel}","templated":true}]}}