{"id":14756,"date":"2025-02-21T15:59:42","date_gmt":"2025-02-21T14:59:42","guid":{"rendered":"https:\/\/agora.xtec.cat\/escolasantsadurni\/?page_id=14756"},"modified":"2025-02-21T16:10:29","modified_gmt":"2025-02-21T15:10:29","slug":"escacs-a-lescola","status":"publish","type":"page","link":"https:\/\/agora.xtec.cat\/escolasantsadurni\/escacs-a-lescola\/","title":{"rendered":"Escacs a l&#8217;escola"},"content":{"rendered":"<p data-start=\"125\" data-end=\"448\">A la nostra escola, els escacs tenen un paper molt important en l\u2019aprenentatge, i per aix\u00f2 els treballem a tota l\u2019etapa de prim\u00e0ria. Aquest joc mil\u00b7lenari no nom\u00e9s \u00e9s una activitat l\u00fadica, sin\u00f3 tamb\u00e9 una eina educativa molt valuosa que ens ajuda a desenvolupar el raonament l\u00f2gic, la concentraci\u00f3 i la presa de decisions.<\/p>\n<p data-start=\"450\" data-end=\"700\"><strong data-start=\"453\" data-end=\"484\">Qu\u00e8 ens aporten els escacs?<\/strong><\/p>\n<p data-start=\"450\" data-end=\"700\"><br data-start=\"484\" data-end=\"487\" \/>&#8211; Millora de la concentraci\u00f3 i l\u2019atenci\u00f3.<br data-start=\"528\" data-end=\"531\" \/>&#8211; Potenciaci\u00f3 del pensament cr\u00edtic i l\u2019estrat\u00e8gia.<br data-start=\"581\" data-end=\"584\" \/>&#8211; Foment del respecte per les normes i l\u2019adversari.<br data-start=\"635\" data-end=\"638\" \/>&#8211; Estimulaci\u00f3 de la creativitat i la resoluci\u00f3 de problemes.<\/p>\n<p data-start=\"702\" data-end=\"866\">A m\u00e9s, a trav\u00e9s dels escacs treballem valors com la paci\u00e8ncia, la perseveran\u00e7a i el joc net!<\/p>\n<p data-start=\"702\" data-end=\"866\"><img loading=\"lazy\" decoding=\"async\" class=\"size-medium wp-image-14761 alignleft\" src=\"https:\/\/agora.xtec.cat\/escolasantsadurni\/wp-content\/uploads\/usu1491\/2025\/02\/Captura-5-300x226.jpg\" alt=\"\" width=\"300\" height=\"226\" srcset=\"https:\/\/agora.xtec.cat\/escolasantsadurni\/wp-content\/uploads\/usu1491\/2025\/02\/Captura-5-300x226.jpg 300w, https:\/\/agora.xtec.cat\/escolasantsadurni\/wp-content\/uploads\/usu1491\/2025\/02\/Captura-5-200x150.jpg 200w, https:\/\/agora.xtec.cat\/escolasantsadurni\/wp-content\/uploads\/usu1491\/2025\/02\/Captura-5.jpg 733w\" sizes=\"auto, (max-width: 300px) 100vw, 300px\" \/> <img loading=\"lazy\" decoding=\"async\" class=\"size-medium wp-image-14763 alignleft\" src=\"https:\/\/agora.xtec.cat\/escolasantsadurni\/wp-content\/uploads\/usu1491\/2025\/02\/Captura2-300x224.jpg\" alt=\"\" width=\"300\" height=\"224\" srcset=\"https:\/\/agora.xtec.cat\/escolasantsadurni\/wp-content\/uploads\/usu1491\/2025\/02\/Captura2-300x224.jpg 300w, https:\/\/agora.xtec.cat\/escolasantsadurni\/wp-content\/uploads\/usu1491\/2025\/02\/Captura2-200x150.jpg 200w, https:\/\/agora.xtec.cat\/escolasantsadurni\/wp-content\/uploads\/usu1491\/2025\/02\/Captura2.jpg 717w\" sizes=\"auto, (max-width: 300px) 100vw, 300px\" \/><\/p>\n<p data-start=\"702\" data-end=\"866\">\n","protected":false},"excerpt":{"rendered":"<p>A la nostra escola, els escacs tenen un paper molt important en l\u2019aprenentatge, i per aix\u00f2 els treballem a tota l\u2019etapa de prim\u00e0ria. Aquest joc mil\u00b7lenari no nom\u00e9s \u00e9s una activitat l\u00fadica, sin\u00f3 tamb\u00e9 una eina educativa molt valuosa que ens ajuda a desenvolupar el&hellip;  <a href=\"https:\/\/agora.xtec.cat\/escolasantsadurni\/escacs-a-lescola\/\" title=\"Read Escacs a l&#8217;escola\">Llegeix m\u00e9s\u00bb<\/a><\/p>\n","protected":false},"author":1,"featured_media":0,"parent":0,"menu_order":0,"comment_status":"closed","ping_status":"closed","template":"","meta":{"_bbp_topic_count":0,"_bbp_reply_count":0,"_bbp_total_topic_count":0,"_bbp_total_reply_count":0,"_bbp_voice_count":0,"_bbp_anonymous_reply_count":0,"_bbp_topic_count_hidden":0,"_bbp_reply_count_hidden":0,"_bbp_forum_subforum_count":0,"footnotes":""},"class_list":["post-14756","page","type-page","status-publish","hentry"],"post_mailing_queue_ids":[],"_links":{"self":[{"href":"https:\/\/agora.xtec.cat\/escolasantsadurni\/wp-json\/wp\/v2\/pages\/14756","targetHints":{"allow":["GET"]}}],"collection":[{"href":"https:\/\/agora.xtec.cat\/escolasantsadurni\/wp-json\/wp\/v2\/pages"}],"about":[{"href":"https:\/\/agora.xtec.cat\/escolasantsadurni\/wp-json\/wp\/v2\/types\/page"}],"author":[{"embeddable":true,"href":"https:\/\/agora.xtec.cat\/escolasantsadurni\/wp-json\/wp\/v2\/users\/1"}],"replies":[{"embeddable":true,"href":"https:\/\/agora.xtec.cat\/escolasantsadurni\/wp-json\/wp\/v2\/comments?post=14756"}],"version-history":[{"count":2,"href":"https:\/\/agora.xtec.cat\/escolasantsadurni\/wp-json\/wp\/v2\/pages\/14756\/revisions"}],"predecessor-version":[{"id":14764,"href":"https:\/\/agora.xtec.cat\/escolasantsadurni\/wp-json\/wp\/v2\/pages\/14756\/revisions\/14764"}],"wp:attachment":[{"href":"https:\/\/agora.xtec.cat\/escolasantsadurni\/wp-json\/wp\/v2\/media?parent=14756"}],"curies":[{"name":"wp","href":"https:\/\/api.w.org\/{rel}","templated":true}]}}