{"id":14717,"date":"2025-02-21T08:47:00","date_gmt":"2025-02-21T07:47:00","guid":{"rendered":"https:\/\/agora.xtec.cat\/escolasantsadurni\/?page_id=14717"},"modified":"2025-02-21T13:11:38","modified_gmt":"2025-02-21T12:11:38","slug":"lart-a-lescola","status":"publish","type":"page","link":"https:\/\/agora.xtec.cat\/escolasantsadurni\/lart-a-lescola\/","title":{"rendered":"L&#8217;Art a l&#8217;escola"},"content":{"rendered":"<p>A la nostra escola, pensem que l\u2019art i la creativitat s\u00f3n molt importants per al creixement dels infants. Per aix\u00f2, ens agrada que els nens i nenes puguin experimentar, expressar-se i descobrir el seu talent creatiu a trav\u00e9s de diferents activitats art\u00edstiques.<\/p>\n<p data-start=\"311\" data-end=\"546\">L\u2019art no \u00e9s nom\u00e9s pintar o dibuixar, sin\u00f3 tamb\u00e9 una manera d\u2019aprendre i entendre el m\u00f3n. Per aix\u00f2, fem servir la creativitat a moltes assignatures, ajudant els infants a imaginar, expressar sentiments i pensar de manera diferent.<\/p>\n<p data-start=\"548\" data-end=\"751\" data-is-last-node=\"\" data-is-only-node=\"\">A m\u00e9s, ens encanta decorar l\u2019escola amb els seus treballs perqu\u00e8 tothom pugui veure com de creatius s\u00f3n els nostres alumnes i perqu\u00e8 els passadissos i les aules estiguin plens de color!<\/p>\n<p data-start=\"548\" data-end=\"751\" data-is-last-node=\"\" data-is-only-node=\"\"><img loading=\"lazy\" decoding=\"async\" class=\" wp-image-14739 aligncenter\" src=\"https:\/\/agora.xtec.cat\/escolasantsadurni\/wp-content\/uploads\/usu1491\/2025\/02\/Captura-de-pantalla-2025-02-21-130918-300x163.png\" alt=\"\" width=\"445\" height=\"242\" srcset=\"https:\/\/agora.xtec.cat\/escolasantsadurni\/wp-content\/uploads\/usu1491\/2025\/02\/Captura-de-pantalla-2025-02-21-130918-300x163.png 300w, https:\/\/agora.xtec.cat\/escolasantsadurni\/wp-content\/uploads\/usu1491\/2025\/02\/Captura-de-pantalla-2025-02-21-130918-1024x556.png 1024w, https:\/\/agora.xtec.cat\/escolasantsadurni\/wp-content\/uploads\/usu1491\/2025\/02\/Captura-de-pantalla-2025-02-21-130918-768x417.png 768w, https:\/\/agora.xtec.cat\/escolasantsadurni\/wp-content\/uploads\/usu1491\/2025\/02\/Captura-de-pantalla-2025-02-21-130918.png 1167w\" sizes=\"auto, (max-width: 445px) 100vw, 445px\" \/><\/p>\n","protected":false},"excerpt":{"rendered":"<p>A la nostra escola, pensem que l\u2019art i la creativitat s\u00f3n molt importants per al creixement dels infants. Per aix\u00f2, ens agrada que els nens i nenes puguin experimentar, expressar-se i descobrir el seu talent creatiu a trav\u00e9s de diferents activitats art\u00edstiques.<br \/>\nL\u2019art no \u00e9s nom\u00e9s&hellip;  <a href=\"https:\/\/agora.xtec.cat\/escolasantsadurni\/lart-a-lescola\/\" title=\"Read L&#8217;Art a l&#8217;escola\">Llegeix m\u00e9s\u00bb<\/a><\/p>\n","protected":false},"author":1,"featured_media":0,"parent":0,"menu_order":0,"comment_status":"closed","ping_status":"closed","template":"","meta":{"_bbp_topic_count":0,"_bbp_reply_count":0,"_bbp_total_topic_count":0,"_bbp_total_reply_count":0,"_bbp_voice_count":0,"_bbp_anonymous_reply_count":0,"_bbp_topic_count_hidden":0,"_bbp_reply_count_hidden":0,"_bbp_forum_subforum_count":0,"footnotes":""},"class_list":["post-14717","page","type-page","status-publish","hentry"],"post_mailing_queue_ids":[],"_links":{"self":[{"href":"https:\/\/agora.xtec.cat\/escolasantsadurni\/wp-json\/wp\/v2\/pages\/14717","targetHints":{"allow":["GET"]}}],"collection":[{"href":"https:\/\/agora.xtec.cat\/escolasantsadurni\/wp-json\/wp\/v2\/pages"}],"about":[{"href":"https:\/\/agora.xtec.cat\/escolasantsadurni\/wp-json\/wp\/v2\/types\/page"}],"author":[{"embeddable":true,"href":"https:\/\/agora.xtec.cat\/escolasantsadurni\/wp-json\/wp\/v2\/users\/1"}],"replies":[{"embeddable":true,"href":"https:\/\/agora.xtec.cat\/escolasantsadurni\/wp-json\/wp\/v2\/comments?post=14717"}],"version-history":[{"count":5,"href":"https:\/\/agora.xtec.cat\/escolasantsadurni\/wp-json\/wp\/v2\/pages\/14717\/revisions"}],"predecessor-version":[{"id":14741,"href":"https:\/\/agora.xtec.cat\/escolasantsadurni\/wp-json\/wp\/v2\/pages\/14717\/revisions\/14741"}],"wp:attachment":[{"href":"https:\/\/agora.xtec.cat\/escolasantsadurni\/wp-json\/wp\/v2\/media?parent=14717"}],"curies":[{"name":"wp","href":"https:\/\/api.w.org\/{rel}","templated":true}]}}