{"id":14712,"date":"2025-02-21T08:39:12","date_gmt":"2025-02-21T07:39:12","guid":{"rendered":"https:\/\/agora.xtec.cat\/escolasantsadurni\/?page_id=14712"},"modified":"2025-02-21T09:27:24","modified_gmt":"2025-02-21T08:27:24","slug":"projecte-de-direccio-2024-2028","status":"publish","type":"page","link":"https:\/\/agora.xtec.cat\/escolasantsadurni\/projecte-de-direccio-2024-2028\/","title":{"rendered":"Projecte de Direcci\u00f3 2024-2028"},"content":{"rendered":"<p data-start=\"0\" data-end=\"316\">El <strong data-start=\"3\" data-end=\"27\">projecte de direcci\u00f3<\/strong> \u00e9s el pla que marca com s\u2019organitza i es gestiona l\u2019escola durant el temps que dura el mandat de la direcci\u00f3. Aquest document recull les l\u00ednies principals de treball, com es coordinen els equips i quins objectius es volen aconseguir per millorar l\u2019educaci\u00f3 i el funcionament del centre.<\/p>\n<p data-start=\"318\" data-end=\"636\" data-is-last-node=\"\" data-is-only-node=\"\">A m\u00e9s, el projecte de direcci\u00f3 inclou una valoraci\u00f3 de la situaci\u00f3 actual de l\u2019escola i estableix les prioritats per als propers anys. L\u2019objectiu \u00e9s garantir una educaci\u00f3 de qualitat, fomentar el treball en equip del personal del centre i afavorir la participaci\u00f3 de tota la comunitat educativa, incloses les fam\u00edlies.<\/p>\n<p data-start=\"768\" data-end=\"1052\">A la nostra escola, el <strong data-start=\"791\" data-end=\"853\">projecte de direcci\u00f3 vigent correspon al per\u00edode 2024-2028<\/strong>. Aquest document recull els objectius i actuacions que es duran a terme durant aquests anys per continuar millorant la qualitat educativa i fomentar un entorn de treball col\u00b7laboratiu i motivador.<\/p>\n<p data-start=\"1054\" data-end=\"1192\">Si voleu <strong data-start=\"1063\" data-end=\"1100\">consultar el projecte de direcci\u00f3<\/strong>, podeu posar-vos en contacte amb l\u2019escola i us facilitarem tota la informaci\u00f3 necess\u00e0ria.<\/p>\n","protected":false},"excerpt":{"rendered":"<p>El projecte de direcci\u00f3 \u00e9s el pla que marca com s\u2019organitza i es gestiona l\u2019escola durant el temps que dura el mandat de la direcci\u00f3. Aquest document recull les l\u00ednies principals de treball, com es coordinen els equips i quins objectius es volen aconseguir per&hellip;  <a href=\"https:\/\/agora.xtec.cat\/escolasantsadurni\/projecte-de-direccio-2024-2028\/\" title=\"Read Projecte de Direcci\u00f3 2024-2028\">Llegeix m\u00e9s\u00bb<\/a><\/p>\n","protected":false},"author":1,"featured_media":0,"parent":0,"menu_order":0,"comment_status":"closed","ping_status":"closed","template":"","meta":{"_bbp_topic_count":0,"_bbp_reply_count":0,"_bbp_total_topic_count":0,"_bbp_total_reply_count":0,"_bbp_voice_count":0,"_bbp_anonymous_reply_count":0,"_bbp_topic_count_hidden":0,"_bbp_reply_count_hidden":0,"_bbp_forum_subforum_count":0,"footnotes":""},"class_list":["post-14712","page","type-page","status-publish","hentry"],"post_mailing_queue_ids":[],"_links":{"self":[{"href":"https:\/\/agora.xtec.cat\/escolasantsadurni\/wp-json\/wp\/v2\/pages\/14712","targetHints":{"allow":["GET"]}}],"collection":[{"href":"https:\/\/agora.xtec.cat\/escolasantsadurni\/wp-json\/wp\/v2\/pages"}],"about":[{"href":"https:\/\/agora.xtec.cat\/escolasantsadurni\/wp-json\/wp\/v2\/types\/page"}],"author":[{"embeddable":true,"href":"https:\/\/agora.xtec.cat\/escolasantsadurni\/wp-json\/wp\/v2\/users\/1"}],"replies":[{"embeddable":true,"href":"https:\/\/agora.xtec.cat\/escolasantsadurni\/wp-json\/wp\/v2\/comments?post=14712"}],"version-history":[{"count":2,"href":"https:\/\/agora.xtec.cat\/escolasantsadurni\/wp-json\/wp\/v2\/pages\/14712\/revisions"}],"predecessor-version":[{"id":14727,"href":"https:\/\/agora.xtec.cat\/escolasantsadurni\/wp-json\/wp\/v2\/pages\/14712\/revisions\/14727"}],"wp:attachment":[{"href":"https:\/\/agora.xtec.cat\/escolasantsadurni\/wp-json\/wp\/v2\/media?parent=14712"}],"curies":[{"name":"wp","href":"https:\/\/api.w.org\/{rel}","templated":true}]}}