{"id":14707,"date":"2025-02-21T08:34:39","date_gmt":"2025-02-21T07:34:39","guid":{"rendered":"https:\/\/agora.xtec.cat\/escolasantsadurni\/?page_id=14707"},"modified":"2025-02-21T09:19:55","modified_gmt":"2025-02-21T08:19:55","slug":"pla-de-comunicacio","status":"publish","type":"page","link":"https:\/\/agora.xtec.cat\/escolasantsadurni\/pla-de-comunicacio\/","title":{"rendered":"Pla de comunicaci\u00f3"},"content":{"rendered":"<p data-start=\"113\" data-end=\"373\">El <strong data-start=\"116\" data-end=\"138\">Pla de Comunicaci\u00f3<\/strong> \u00e9s un document estrat\u00e8gic que defineix com la nostra escola gestiona la comunicaci\u00f3 per assolir els seus objectius. No es tracta nom\u00e9s de transmetre informaci\u00f3, sin\u00f3 de fer-ho de manera clara, efectiva i adaptada a cada destinatari.<\/p>\n<p data-start=\"375\" data-end=\"592\">Aquest pla ens permet garantir que els missatges siguin coherents, arribin al p\u00fablic adequat i generin l&#8217;impacte desitjat, promovent aix\u00ed una comunicaci\u00f3 eficient tant dins com fora de la nostra comunitat educativa.<\/p>\n<p data-start=\"594\" data-end=\"715\">Si voleu consultar el nostre <strong data-start=\"616\" data-end=\"638\">Pla de Comunicaci\u00f3<\/strong>, podeu posar-vos en contacte amb l\u2019escola.<\/p>\n<p data-start=\"594\" data-end=\"715\"><img loading=\"lazy\" decoding=\"async\" class=\"size-medium wp-image-14725 aligncenter\" src=\"https:\/\/agora.xtec.cat\/escolasantsadurni\/wp-content\/uploads\/usu1491\/2025\/02\/Captura-de-pantalla-2025-02-21-091916-300x271.png\" alt=\"\" width=\"300\" height=\"271\" srcset=\"https:\/\/agora.xtec.cat\/escolasantsadurni\/wp-content\/uploads\/usu1491\/2025\/02\/Captura-de-pantalla-2025-02-21-091916-300x271.png 300w, https:\/\/agora.xtec.cat\/escolasantsadurni\/wp-content\/uploads\/usu1491\/2025\/02\/Captura-de-pantalla-2025-02-21-091916.png 436w\" sizes=\"auto, (max-width: 300px) 100vw, 300px\" \/><\/p>\n","protected":false},"excerpt":{"rendered":"<p>El Pla de Comunicaci\u00f3 \u00e9s un document estrat\u00e8gic que defineix com la nostra escola gestiona la comunicaci\u00f3 per assolir els seus objectius. No es tracta nom\u00e9s de transmetre informaci\u00f3, sin\u00f3 de fer-ho de manera clara, efectiva i adaptada a cada destinatari.<br \/>\nAquest pla ens permet garantir&hellip;  <a href=\"https:\/\/agora.xtec.cat\/escolasantsadurni\/pla-de-comunicacio\/\" title=\"Read Pla de comunicaci\u00f3\">Llegeix m\u00e9s\u00bb<\/a><\/p>\n","protected":false},"author":1,"featured_media":0,"parent":0,"menu_order":0,"comment_status":"closed","ping_status":"closed","template":"","meta":{"_bbp_topic_count":0,"_bbp_reply_count":0,"_bbp_total_topic_count":0,"_bbp_total_reply_count":0,"_bbp_voice_count":0,"_bbp_anonymous_reply_count":0,"_bbp_topic_count_hidden":0,"_bbp_reply_count_hidden":0,"_bbp_forum_subforum_count":0,"footnotes":""},"class_list":["post-14707","page","type-page","status-publish","hentry"],"post_mailing_queue_ids":[],"_links":{"self":[{"href":"https:\/\/agora.xtec.cat\/escolasantsadurni\/wp-json\/wp\/v2\/pages\/14707","targetHints":{"allow":["GET"]}}],"collection":[{"href":"https:\/\/agora.xtec.cat\/escolasantsadurni\/wp-json\/wp\/v2\/pages"}],"about":[{"href":"https:\/\/agora.xtec.cat\/escolasantsadurni\/wp-json\/wp\/v2\/types\/page"}],"author":[{"embeddable":true,"href":"https:\/\/agora.xtec.cat\/escolasantsadurni\/wp-json\/wp\/v2\/users\/1"}],"replies":[{"embeddable":true,"href":"https:\/\/agora.xtec.cat\/escolasantsadurni\/wp-json\/wp\/v2\/comments?post=14707"}],"version-history":[{"count":3,"href":"https:\/\/agora.xtec.cat\/escolasantsadurni\/wp-json\/wp\/v2\/pages\/14707\/revisions"}],"predecessor-version":[{"id":14726,"href":"https:\/\/agora.xtec.cat\/escolasantsadurni\/wp-json\/wp\/v2\/pages\/14707\/revisions\/14726"}],"wp:attachment":[{"href":"https:\/\/agora.xtec.cat\/escolasantsadurni\/wp-json\/wp\/v2\/media?parent=14707"}],"curies":[{"name":"wp","href":"https:\/\/api.w.org\/{rel}","templated":true}]}}