{"id":14611,"date":"2024-09-01T11:40:21","date_gmt":"2024-09-01T09:40:21","guid":{"rendered":"https:\/\/agora.xtec.cat\/escolasantsadurni\/?page_id=14611"},"modified":"2025-02-20T12:19:51","modified_gmt":"2025-02-20T11:19:51","slug":"qui-som","status":"publish","type":"page","link":"https:\/\/agora.xtec.cat\/escolasantsadurni\/qui-som\/","title":{"rendered":"Qui som"},"content":{"rendered":"<p data-start=\"101\" data-end=\"387\">A l&#8217;Escola Sant Sadurn\u00ed, treballem cada dia per oferir una educaci\u00f3 de qualitat, inclusiva i adaptada als reptes del segle XXI. Som un centre p\u00fablic catal\u00e0 que promou valors democr\u00e0tics, fomenta el respecte, la igualtat d\u2019oportunitats i el desenvolupament integral de cada infant.<\/p>\n<p data-start=\"389\" data-end=\"886\">La nostra escola \u00e9s una petita gran fam\u00edlia, on l\u2019aprenentatge es construeix des de l\u2019experimentaci\u00f3, la creativitat i la col\u00b7laboraci\u00f3. Acompanyem els alumnes en el seu creixement personal, fomentant l\u2019autoestima, l\u2019autonomia i el pensament cr\u00edtic. Basem la nostra tasca en els quatre pilars de l\u2019aprenentatge proposats per la UNESCO: aprendre a con\u00e8ixer, aprendre a fer, aprendre a conviure i aprendre a ser, perqu\u00e8 volem formar persones competents i compromeses amb el seu entorn.<\/p>\n<p data-start=\"888\" data-end=\"1249\">El nostre projecte educatiu s\u2019adapta a les necessitats actuals, integrant metodologies innovadores, l\u2019\u00fas de noves tecnologies i estrat\u00e8gies per potenciar la comprensi\u00f3 lectora i el domini ling\u00fc\u00edstic. A m\u00e9s, promovem una educaci\u00f3 art\u00edstica i creativa, on l\u2019expressi\u00f3 a trav\u00e9s de les arts juga un paper fonamental en el desenvolupament dels nostres alumnes.<\/p>\n<p data-start=\"1251\" data-end=\"1605\">Som una escola oberta a les fam\u00edlies i a l\u2019entorn. Creiem en la participaci\u00f3 activa de la comunitat educativa i treballem en xarxa amb altres centres i entitats per garantir una experi\u00e8ncia educativa enriquidora. A m\u00e9s, vetllem pel benestar emocional dels nostres alumnes, promovent una conviv\u00e8ncia respectuosa i la gesti\u00f3 positiva dels conflictes.<\/p>\n<p data-start=\"1607\" data-end=\"1837\">A l\u2019Escola Sant Sadurn\u00ed, cada infant \u00e9s \u00fanic, i el nostre objectiu \u00e9s oferir-li les eines necess\u00e0ries per cr\u00e9ixer feli\u00e7 i preparat per afrontar qualsevol repte. Us convidem a con\u00e8ixer-nos i a formar part del nostre projecte!<\/p>\n<p><img loading=\"lazy\" decoding=\"async\" class=\"size-medium wp-image-14644 aligncenter\" src=\"https:\/\/agora.xtec.cat\/escolasantsadurni\/wp-content\/uploads\/usu1491\/2025\/02\/IMG_1935-300x289.jpg\" alt=\"\" width=\"300\" height=\"289\" srcset=\"https:\/\/agora.xtec.cat\/escolasantsadurni\/wp-content\/uploads\/usu1491\/2025\/02\/IMG_1935-300x289.jpg 300w, https:\/\/agora.xtec.cat\/escolasantsadurni\/wp-content\/uploads\/usu1491\/2025\/02\/IMG_1935-1024x985.jpg 1024w, https:\/\/agora.xtec.cat\/escolasantsadurni\/wp-content\/uploads\/usu1491\/2025\/02\/IMG_1935-768x739.jpg 768w, https:\/\/agora.xtec.cat\/escolasantsadurni\/wp-content\/uploads\/usu1491\/2025\/02\/IMG_1935.jpg 1170w\" sizes=\"auto, (max-width: 300px) 100vw, 300px\" \/><\/p>\n","protected":false},"excerpt":{"rendered":"<p>A l&#8217;Escola Sant Sadurn\u00ed, treballem cada dia per oferir una educaci\u00f3 de qualitat, inclusiva i adaptada als reptes del segle XXI. Som un centre p\u00fablic catal\u00e0 que promou valors democr\u00e0tics, fomenta el respecte, la igualtat d\u2019oportunitats i el desenvolupament integral de cada infant.<br \/>\nLa nostra escola&hellip;  <a href=\"https:\/\/agora.xtec.cat\/escolasantsadurni\/qui-som\/\" title=\"Read Qui som\">Llegeix m\u00e9s\u00bb<\/a><\/p>\n","protected":false},"author":1,"featured_media":0,"parent":0,"menu_order":0,"comment_status":"closed","ping_status":"closed","template":"","meta":{"_bbp_topic_count":0,"_bbp_reply_count":0,"_bbp_total_topic_count":0,"_bbp_total_reply_count":0,"_bbp_voice_count":0,"_bbp_anonymous_reply_count":0,"_bbp_topic_count_hidden":0,"_bbp_reply_count_hidden":0,"_bbp_forum_subforum_count":0,"footnotes":""},"class_list":["post-14611","page","type-page","status-publish","hentry"],"post_mailing_queue_ids":[],"_links":{"self":[{"href":"https:\/\/agora.xtec.cat\/escolasantsadurni\/wp-json\/wp\/v2\/pages\/14611","targetHints":{"allow":["GET"]}}],"collection":[{"href":"https:\/\/agora.xtec.cat\/escolasantsadurni\/wp-json\/wp\/v2\/pages"}],"about":[{"href":"https:\/\/agora.xtec.cat\/escolasantsadurni\/wp-json\/wp\/v2\/types\/page"}],"author":[{"embeddable":true,"href":"https:\/\/agora.xtec.cat\/escolasantsadurni\/wp-json\/wp\/v2\/users\/1"}],"replies":[{"embeddable":true,"href":"https:\/\/agora.xtec.cat\/escolasantsadurni\/wp-json\/wp\/v2\/comments?post=14611"}],"version-history":[{"count":5,"href":"https:\/\/agora.xtec.cat\/escolasantsadurni\/wp-json\/wp\/v2\/pages\/14611\/revisions"}],"predecessor-version":[{"id":14646,"href":"https:\/\/agora.xtec.cat\/escolasantsadurni\/wp-json\/wp\/v2\/pages\/14611\/revisions\/14646"}],"wp:attachment":[{"href":"https:\/\/agora.xtec.cat\/escolasantsadurni\/wp-json\/wp\/v2\/media?parent=14611"}],"curies":[{"name":"wp","href":"https:\/\/api.w.org\/{rel}","templated":true}]}}