{"id":14436,"date":"2025-02-18T19:47:04","date_gmt":"2025-02-18T18:47:04","guid":{"rendered":"https:\/\/agora.xtec.cat\/escolasantsadurni\/?page_id=14436"},"modified":"2025-07-04T13:26:27","modified_gmt":"2025-07-04T11:26:27","slug":"sortides-del-curs-2024-2025","status":"publish","type":"page","link":"https:\/\/agora.xtec.cat\/escolasantsadurni\/sortides-del-curs-2024-2025\/","title":{"rendered":"Sortides i col\u00f2nies del Curs 2025-2026"},"content":{"rendered":"<h4><\/h4>\n<h4><span style=\"text-decoration: underline;\"><strong><span style=\"color: #99ccff; text-decoration: underline;\">EDUCACI\u00d3 INFANTIL<\/span><\/strong><\/span><\/h4>\n<p><strong>24 d&#8217;octubre<\/strong>: La Granja (Santa Maria de Palautordera).<\/p>\n<p><strong>13 de mar\u00e7<\/strong>: Casa de col\u00f2nies Mogent (Llinars del Vall\u00e8s): <strong>Cultura popular catalana<\/strong>.<\/p>\n<p><strong>24 d&#8217;abril<\/strong>: Can Ribas (Bigues i Riells).<\/p>\n<h4><\/h4>\n<p>&nbsp;<\/p>\n<h4><span style=\"text-decoration: underline; color: #99ccff;\"><strong>EDUCACI\u00d3 PRIM\u00c0RIA<\/strong><\/span><\/h4>\n<h4><\/h4>\n<h4><span style=\"color: #99ccff;\"><strong>CICLE INICIAL<\/strong><\/span><\/h4>\n<p><strong>21 de novembre: <\/strong>Casa de col\u00f2nies Mogent (Llinars del Vall\u00e8s): <strong>Cultura popular catalana.<\/strong><\/p>\n<p><strong>24 d&#8217;abril<\/strong>: Can Ribas (Bigues i Riells).<\/p>\n<p><strong>22 de maig:<\/strong> Can Putxet (Sant Celoni). <strong>Grup de 1r.<\/strong><\/p>\n<h4><\/h4>\n<p>&nbsp;<\/p>\n<h4><span style=\"color: #99ccff;\"><strong>CICLE MITJ\u00c0<\/strong><\/span><\/h4>\n<p><strong>21 de novembre: <\/strong>Casa de col\u00f2nies Mogent (Llinars del Vall\u00e8s): <strong>Cultura popular catalana.<\/strong><\/p>\n<p><strong>24 d&#8217;abril<\/strong>: Can Ribas (Bigues i Riells).<\/p>\n<p><strong>22 de maig:<\/strong> Can Putxet (Sant Celoni). <strong>Grup de 3r<\/strong><\/p>\n<h4><\/h4>\n<p>&nbsp;<\/p>\n<h4><span style=\"color: #99ccff;\"><strong>CICLE SUPERIOR<\/strong><\/span><\/h4>\n<p><strong>21 de novembre: <\/strong>Casa de col\u00f2nies Mogent (Llinars del Vall\u00e8s): <strong>Cultura popular catalana.<\/strong><\/p>\n<p><strong>24 d&#8217;abril<\/strong>: Can Ribas (Bigues i Riells).<\/p>\n<p><strong>22 de maig:<\/strong> Can Putxet (Sant Celoni). <strong>Grup de 5\u00e8<\/strong>.<\/p>\n<h4><\/h4>\n<p>&nbsp;<\/p>\n<h4><span style=\"color: #99ccff;\"><strong>COL\u00d2NIES 2n, 4t i 6\u00e8<\/strong><\/span><\/h4>\n<p>Del <strong>20 al 22 de maig<\/strong> a la Casa de col\u00f2nies Can Miquel\u00f3 (Sant Mart\u00ed de Centelles).<\/p>\n<p>&nbsp;<\/p>\n","protected":false},"excerpt":{"rendered":"<p>EDUCACI\u00d3 INFANTIL<br \/>\n24 d&#8217;octubre: La Granja (Santa Maria de Palautordera).<br \/>\n13 de mar\u00e7: Casa de col\u00f2nies Mogent (Llinars del Vall\u00e8s): Cultura popular catalana.<br \/>\n24 d&#8217;abril: Can Ribas (Bigues i Riells).<\/p>\n<p>&nbsp;<br \/>\nEDUCACI\u00d3 PRIM\u00c0RIA<\/p>\n<p>CICLE INICIAL<br \/>\n21 de novembre: Casa de col\u00f2nies Mogent (Llinars del Vall\u00e8s): Cultura popular catalana.<br \/>\n24 d&#8217;abril: Can Ribas (Bigues&hellip;  <a href=\"https:\/\/agora.xtec.cat\/escolasantsadurni\/sortides-del-curs-2024-2025\/\" title=\"Read Sortides i col\u00f2nies del Curs 2025-2026\">Llegeix m\u00e9s\u00bb<\/a><\/p>\n","protected":false},"author":1,"featured_media":0,"parent":0,"menu_order":0,"comment_status":"closed","ping_status":"closed","template":"","meta":{"_bbp_topic_count":0,"_bbp_reply_count":0,"_bbp_total_topic_count":0,"_bbp_total_reply_count":0,"_bbp_voice_count":0,"_bbp_anonymous_reply_count":0,"_bbp_topic_count_hidden":0,"_bbp_reply_count_hidden":0,"_bbp_forum_subforum_count":0,"footnotes":""},"class_list":["post-14436","page","type-page","status-publish","hentry"],"post_mailing_queue_ids":[],"_links":{"self":[{"href":"https:\/\/agora.xtec.cat\/escolasantsadurni\/wp-json\/wp\/v2\/pages\/14436","targetHints":{"allow":["GET"]}}],"collection":[{"href":"https:\/\/agora.xtec.cat\/escolasantsadurni\/wp-json\/wp\/v2\/pages"}],"about":[{"href":"https:\/\/agora.xtec.cat\/escolasantsadurni\/wp-json\/wp\/v2\/types\/page"}],"author":[{"embeddable":true,"href":"https:\/\/agora.xtec.cat\/escolasantsadurni\/wp-json\/wp\/v2\/users\/1"}],"replies":[{"embeddable":true,"href":"https:\/\/agora.xtec.cat\/escolasantsadurni\/wp-json\/wp\/v2\/comments?post=14436"}],"version-history":[{"count":6,"href":"https:\/\/agora.xtec.cat\/escolasantsadurni\/wp-json\/wp\/v2\/pages\/14436\/revisions"}],"predecessor-version":[{"id":15076,"href":"https:\/\/agora.xtec.cat\/escolasantsadurni\/wp-json\/wp\/v2\/pages\/14436\/revisions\/15076"}],"wp:attachment":[{"href":"https:\/\/agora.xtec.cat\/escolasantsadurni\/wp-json\/wp\/v2\/media?parent=14436"}],"curies":[{"name":"wp","href":"https:\/\/api.w.org\/{rel}","templated":true}]}}