{"id":14312,"date":"2025-02-11T14:03:15","date_gmt":"2025-02-11T13:03:15","guid":{"rendered":"https:\/\/agora.xtec.cat\/escolasantsadurni\/?page_id=14312"},"modified":"2025-02-11T14:03:15","modified_gmt":"2025-02-11T13:03:15","slug":"english-day","status":"publish","type":"page","link":"https:\/\/agora.xtec.cat\/escolasantsadurni\/english-day\/","title":{"rendered":"English Day"},"content":{"rendered":"<p>Tots els anys l&#8217;Escola Sant Sadurn\u00ed participa en una activitat dedicada a la llegua anglesa. \u00c9s un projecte en el que els i les alumnes de 4t intercanvien activitats i experi\u00e8ncies amb alumnes d&#8217;una altra escola del voltant al llarg del curs. El projecte finalitza amb una trobada entre les dues escoles.En aquesta trobada es realitzen activitats i tallers tots ells en llengua anglesa.<\/p>\n<p><a href=\"https:\/\/agora.xtec.cat\/escolasantsadurni\/english-day\/attachment\/screenshot_20250211_130843_com-instagram-android_edit_75153513049990\/\" rel=\"attachment wp-att-14314\"><img loading=\"lazy\" decoding=\"async\" class=\"aligncenter size-large wp-image-14314\" src=\"https:\/\/agora.xtec.cat\/escolasantsadurni\/wp-content\/uploads\/usu1491\/2025\/02\/Screenshot_20250211_130843_com.instagram.android_edit_75153513049990-1024x1022.jpg\" alt=\"\" width=\"1024\" height=\"1022\" srcset=\"https:\/\/agora.xtec.cat\/escolasantsadurni\/wp-content\/uploads\/usu1491\/2025\/02\/Screenshot_20250211_130843_com.instagram.android_edit_75153513049990-1024x1022.jpg 1024w, https:\/\/agora.xtec.cat\/escolasantsadurni\/wp-content\/uploads\/usu1491\/2025\/02\/Screenshot_20250211_130843_com.instagram.android_edit_75153513049990-300x300.jpg 300w, https:\/\/agora.xtec.cat\/escolasantsadurni\/wp-content\/uploads\/usu1491\/2025\/02\/Screenshot_20250211_130843_com.instagram.android_edit_75153513049990-150x150.jpg 150w, https:\/\/agora.xtec.cat\/escolasantsadurni\/wp-content\/uploads\/usu1491\/2025\/02\/Screenshot_20250211_130843_com.instagram.android_edit_75153513049990-768x767.jpg 768w, https:\/\/agora.xtec.cat\/escolasantsadurni\/wp-content\/uploads\/usu1491\/2025\/02\/Screenshot_20250211_130843_com.instagram.android_edit_75153513049990.jpg 1080w\" sizes=\"auto, (max-width: 1024px) 100vw, 1024px\" \/><\/a><\/p>\n<p>&nbsp;<\/p>\n<p><a href=\"https:\/\/agora.xtec.cat\/escolasantsadurni\/english-day\/attachment\/screenshot_20250211_131538_com-instagram-android_edit_75115199979162\/\" rel=\"attachment wp-att-14313\"><img loading=\"lazy\" decoding=\"async\" class=\"aligncenter size-large wp-image-14313\" src=\"https:\/\/agora.xtec.cat\/escolasantsadurni\/wp-content\/uploads\/usu1491\/2025\/02\/Screenshot_20250211_131538_com.instagram.android_edit_75115199979162-996x1024.jpg\" alt=\"\" width=\"996\" height=\"1024\" srcset=\"https:\/\/agora.xtec.cat\/escolasantsadurni\/wp-content\/uploads\/usu1491\/2025\/02\/Screenshot_20250211_131538_com.instagram.android_edit_75115199979162-996x1024.jpg 996w, https:\/\/agora.xtec.cat\/escolasantsadurni\/wp-content\/uploads\/usu1491\/2025\/02\/Screenshot_20250211_131538_com.instagram.android_edit_75115199979162-292x300.jpg 292w, https:\/\/agora.xtec.cat\/escolasantsadurni\/wp-content\/uploads\/usu1491\/2025\/02\/Screenshot_20250211_131538_com.instagram.android_edit_75115199979162-768x790.jpg 768w, https:\/\/agora.xtec.cat\/escolasantsadurni\/wp-content\/uploads\/usu1491\/2025\/02\/Screenshot_20250211_131538_com.instagram.android_edit_75115199979162.jpg 1052w\" sizes=\"auto, (max-width: 996px) 100vw, 996px\" \/><\/a><\/p>\n<p><a href=\"https:\/\/agora.xtec.cat\/escolasantsadurni\/english-day\/attachment\/screenshot_20250211_130859_com-instagram-android_edit_75134287513014\/\" rel=\"attachment wp-att-14315\"><img loading=\"lazy\" decoding=\"async\" class=\"aligncenter wp-image-14315 size-large\" src=\"https:\/\/agora.xtec.cat\/escolasantsadurni\/wp-content\/uploads\/usu1491\/2025\/02\/Screenshot_20250211_130859_com.instagram.android_edit_75134287513014-993x1024.jpg\" alt=\"\" width=\"993\" height=\"1024\" srcset=\"https:\/\/agora.xtec.cat\/escolasantsadurni\/wp-content\/uploads\/usu1491\/2025\/02\/Screenshot_20250211_130859_com.instagram.android_edit_75134287513014-993x1024.jpg 993w, https:\/\/agora.xtec.cat\/escolasantsadurni\/wp-content\/uploads\/usu1491\/2025\/02\/Screenshot_20250211_130859_com.instagram.android_edit_75134287513014-291x300.jpg 291w, https:\/\/agora.xtec.cat\/escolasantsadurni\/wp-content\/uploads\/usu1491\/2025\/02\/Screenshot_20250211_130859_com.instagram.android_edit_75134287513014-768x792.jpg 768w, https:\/\/agora.xtec.cat\/escolasantsadurni\/wp-content\/uploads\/usu1491\/2025\/02\/Screenshot_20250211_130859_com.instagram.android_edit_75134287513014.jpg 1027w\" sizes=\"auto, (max-width: 993px) 100vw, 993px\" \/><\/a><\/p>\n","protected":false},"excerpt":{"rendered":"<p>Tots els anys l&#8217;Escola Sant Sadurn\u00ed participa en una activitat dedicada a la llegua anglesa. \u00c9s un projecte en el que els i les alumnes de 4t intercanvien activitats i experi\u00e8ncies amb alumnes d&#8217;una altra escola del voltant al llarg del curs. El projecte finalitza&hellip;  <a href=\"https:\/\/agora.xtec.cat\/escolasantsadurni\/english-day\/\" title=\"Read English Day\">Llegeix m\u00e9s\u00bb<\/a><\/p>\n","protected":false},"author":1,"featured_media":0,"parent":0,"menu_order":0,"comment_status":"closed","ping_status":"closed","template":"","meta":{"_bbp_topic_count":0,"_bbp_reply_count":0,"_bbp_total_topic_count":0,"_bbp_total_reply_count":0,"_bbp_voice_count":0,"_bbp_anonymous_reply_count":0,"_bbp_topic_count_hidden":0,"_bbp_reply_count_hidden":0,"_bbp_forum_subforum_count":0,"footnotes":""},"class_list":["post-14312","page","type-page","status-publish","hentry"],"post_mailing_queue_ids":[],"_links":{"self":[{"href":"https:\/\/agora.xtec.cat\/escolasantsadurni\/wp-json\/wp\/v2\/pages\/14312","targetHints":{"allow":["GET"]}}],"collection":[{"href":"https:\/\/agora.xtec.cat\/escolasantsadurni\/wp-json\/wp\/v2\/pages"}],"about":[{"href":"https:\/\/agora.xtec.cat\/escolasantsadurni\/wp-json\/wp\/v2\/types\/page"}],"author":[{"embeddable":true,"href":"https:\/\/agora.xtec.cat\/escolasantsadurni\/wp-json\/wp\/v2\/users\/1"}],"replies":[{"embeddable":true,"href":"https:\/\/agora.xtec.cat\/escolasantsadurni\/wp-json\/wp\/v2\/comments?post=14312"}],"version-history":[{"count":2,"href":"https:\/\/agora.xtec.cat\/escolasantsadurni\/wp-json\/wp\/v2\/pages\/14312\/revisions"}],"predecessor-version":[{"id":14318,"href":"https:\/\/agora.xtec.cat\/escolasantsadurni\/wp-json\/wp\/v2\/pages\/14312\/revisions\/14318"}],"wp:attachment":[{"href":"https:\/\/agora.xtec.cat\/escolasantsadurni\/wp-json\/wp\/v2\/media?parent=14312"}],"curies":[{"name":"wp","href":"https:\/\/api.w.org\/{rel}","templated":true}]}}