{"id":14291,"date":"2025-02-10T13:10:39","date_gmt":"2025-02-10T12:10:39","guid":{"rendered":"https:\/\/agora.xtec.cat\/escolasantsadurni\/?page_id=14291"},"modified":"2025-02-10T13:10:39","modified_gmt":"2025-02-10T12:10:39","slug":"la-clika","status":"publish","type":"page","link":"https:\/\/agora.xtec.cat\/escolasantsadurni\/activitats-i-tallers-2\/la-clika\/","title":{"rendered":"La Clika"},"content":{"rendered":"<p>La nostra escola participa en el projecte de &#8220;La Clika&#8221;. Es tracta d&#8217;un projecte musical per a cicle inicial amb un repertori de can\u00e7ons que fan de fil conductor i narratiu de nou personatges que formem una colla d&#8217;amics.Mitjan\u00e7ant la m\u00fasica i les can\u00e7ons, aquests amics i amigues comparteixen aventures, jocs i rialles.<\/p>\n<p>L\u2019Aissatou, l\u2019Aran, la Lola, en Massin, la Mel, la Reel, en Roc, la Shui i en Tom\u00e0s han anat sempre junts a classe per\u00f2 no s\u2019havien fet mai massa cas fins que van coincidir a les extraescolars de m\u00fasica. Al plegar, sortien plegats i es quedaven al parc jugant una estona fins que era hora d\u2019anar cap a casa a sopar. I entre classes de m\u00fasica, estones al parc i caminades cap a casa, es van fer inseparables!<\/p>\n<p>Ara, es passen el dia junts; A l\u2019escola, al pati, al parc, a casa, s\u00f3n una gran fam\u00edlia.<\/p>\n<p><a href=\"https:\/\/agora.xtec.cat\/escolasantsadurni\/activitats-i-tallers-2\/la-clika\/attachment\/img-20240524-wa0008\/\" rel=\"attachment wp-att-14293\"><img loading=\"lazy\" decoding=\"async\" class=\"aligncenter size-large wp-image-14293\" src=\"https:\/\/agora.xtec.cat\/escolasantsadurni\/wp-content\/uploads\/usu1491\/2025\/02\/IMG-20240524-WA0008-1024x473.jpg\" alt=\"\" width=\"1024\" height=\"473\" srcset=\"https:\/\/agora.xtec.cat\/escolasantsadurni\/wp-content\/uploads\/usu1491\/2025\/02\/IMG-20240524-WA0008-1024x473.jpg 1024w, https:\/\/agora.xtec.cat\/escolasantsadurni\/wp-content\/uploads\/usu1491\/2025\/02\/IMG-20240524-WA0008-300x139.jpg 300w, https:\/\/agora.xtec.cat\/escolasantsadurni\/wp-content\/uploads\/usu1491\/2025\/02\/IMG-20240524-WA0008-768x355.jpg 768w, https:\/\/agora.xtec.cat\/escolasantsadurni\/wp-content\/uploads\/usu1491\/2025\/02\/IMG-20240524-WA0008-1536x710.jpg 1536w, https:\/\/agora.xtec.cat\/escolasantsadurni\/wp-content\/uploads\/usu1491\/2025\/02\/IMG-20240524-WA0008.jpg 2000w\" sizes=\"auto, (max-width: 1024px) 100vw, 1024px\" \/><\/a><\/p>\n","protected":false},"excerpt":{"rendered":"<p>La nostra escola participa en el projecte de &#8220;La Clika&#8221;. Es tracta d&#8217;un projecte musical per a cicle inicial amb un repertori de can\u00e7ons que fan de fil conductor i narratiu de nou personatges que formem una colla d&#8217;amics.Mitjan\u00e7ant la m\u00fasica i les can\u00e7ons, aquests&hellip;  <a href=\"https:\/\/agora.xtec.cat\/escolasantsadurni\/activitats-i-tallers-2\/la-clika\/\" title=\"Read La Clika\">Llegeix m\u00e9s\u00bb<\/a><\/p>\n","protected":false},"author":1,"featured_media":0,"parent":2820,"menu_order":0,"comment_status":"closed","ping_status":"closed","template":"","meta":{"_bbp_topic_count":0,"_bbp_reply_count":0,"_bbp_total_topic_count":0,"_bbp_total_reply_count":0,"_bbp_voice_count":0,"_bbp_anonymous_reply_count":0,"_bbp_topic_count_hidden":0,"_bbp_reply_count_hidden":0,"_bbp_forum_subforum_count":0,"footnotes":""},"class_list":["post-14291","page","type-page","status-publish","hentry"],"post_mailing_queue_ids":[],"_links":{"self":[{"href":"https:\/\/agora.xtec.cat\/escolasantsadurni\/wp-json\/wp\/v2\/pages\/14291","targetHints":{"allow":["GET"]}}],"collection":[{"href":"https:\/\/agora.xtec.cat\/escolasantsadurni\/wp-json\/wp\/v2\/pages"}],"about":[{"href":"https:\/\/agora.xtec.cat\/escolasantsadurni\/wp-json\/wp\/v2\/types\/page"}],"author":[{"embeddable":true,"href":"https:\/\/agora.xtec.cat\/escolasantsadurni\/wp-json\/wp\/v2\/users\/1"}],"replies":[{"embeddable":true,"href":"https:\/\/agora.xtec.cat\/escolasantsadurni\/wp-json\/wp\/v2\/comments?post=14291"}],"version-history":[{"count":3,"href":"https:\/\/agora.xtec.cat\/escolasantsadurni\/wp-json\/wp\/v2\/pages\/14291\/revisions"}],"predecessor-version":[{"id":14295,"href":"https:\/\/agora.xtec.cat\/escolasantsadurni\/wp-json\/wp\/v2\/pages\/14291\/revisions\/14295"}],"up":[{"embeddable":true,"href":"https:\/\/agora.xtec.cat\/escolasantsadurni\/wp-json\/wp\/v2\/pages\/2820"}],"wp:attachment":[{"href":"https:\/\/agora.xtec.cat\/escolasantsadurni\/wp-json\/wp\/v2\/media?parent=14291"}],"curies":[{"name":"wp","href":"https:\/\/api.w.org\/{rel}","templated":true}]}}