{"id":12006,"date":"2022-04-10T19:13:41","date_gmt":"2022-04-10T17:13:41","guid":{"rendered":"https:\/\/agora.xtec.cat\/escolasantsadurni\/?page_id=12006"},"modified":"2025-11-07T16:10:22","modified_gmt":"2025-11-07T15:10:22","slug":"resolucio-de-conflictes","status":"publish","type":"page","link":"https:\/\/agora.xtec.cat\/escolasantsadurni\/resolucio-de-conflictes\/","title":{"rendered":"Resoluci\u00f3 de conflictes"},"content":{"rendered":"<p data-start=\"69\" data-end=\"442\">Els conflictes formen part de la vida quotidiana i s\u00f3n una oportunitat per aprendre a gestionar les emocions, desenvolupar habilitats socials i fomentar la conviv\u00e8ncia respectuosa. A casa i a l\u2019escola, els infants es troben en situacions on han de resoldre difer\u00e8ncies amb companys, germans o adults, i \u00e9s fonamental acompanyar-los perqu\u00e8 ho facin de manera constructiva.<\/p>\n<p data-start=\"444\" data-end=\"761\">Com a fam\u00edlies, podem ajudar-los a expressar el que senten, escoltar els altres i trobar solucions basades en l\u2019entesa i el respecte mutu. A trav\u00e9s del di\u00e0leg, l\u2019empatia i l\u2019educaci\u00f3 emocional, els infants poden aprendre a gestionar desacords de manera positiva, evitant respostes agressives o bloquejos emocionals.<\/p>\n<p data-start=\"763\" data-end=\"964\">En aquest espai trobareu estrat\u00e8gies per acompanyar els infants en la resoluci\u00f3 de conflictes, fomentar la comunicaci\u00f3 assertiva i ensenyar-los a gestionar les emocions davant situacions de desacord.<\/p>\n<p data-start=\"966\" data-end=\"1048\">\ud83e\udd1d\ud83d\udcac <strong data-start=\"971\" data-end=\"1046\">Transformem els conflictes en oportunitats d\u2019aprenentatge i creixement!<\/strong><\/p>\n<p>Art\u00edcle <a href=\"https:\/\/elpais.com\/mamas-papas\/expertos\/2024-04-03\/no-solo-les-pasa-a-isabel-pantoja-o-barbara-rey-por-que-hay-hijos-que-crecen-y-culpan-a-los-padres-de-todas-sus-desgracias.html?utm_source=chatgpt.com\">Pautes per evitar que els fills culpabilitzin els pares de tot: empatia, flexibilitat i comunicaci\u00f3.<\/a><\/p>\n<p><a class=\"ytp-title-link yt-uix-sessionlink\" tabindex=\"0\" href=\"https:\/\/www.youtube.com\/watch?v=ut9ITixue1o\" target=\"_blank\" rel=\"noopener\" data-sessionlink=\"feature=player-title\">C\u00f3mo resolver los conflictos con tus hijos. Pilar de la Torre, psic\u00f3loga<\/a><\/p>\n<p><a href=\"https:\/\/agora.xtec.cat\/escolasantsadurni\/wp-content\/uploads\/usu1491\/2025\/11\/Infografia-Com-acompanyar-els-vostres-fills-i-filles-davant-dun-conflicte.pdf\">Infografia com acompanyar els vostres fills i filles davant d\u2019un conflicte<\/a><\/p>\n<p>&nbsp;<\/p>\n<p>&nbsp;<\/p>\n","protected":false},"excerpt":{"rendered":"<p>Els conflictes formen part de la vida quotidiana i s\u00f3n una oportunitat per aprendre a gestionar les emocions, desenvolupar habilitats socials i fomentar la conviv\u00e8ncia respectuosa. A casa i a l\u2019escola, els infants es troben en situacions on han de resoldre difer\u00e8ncies amb companys, germans&hellip;  <a href=\"https:\/\/agora.xtec.cat\/escolasantsadurni\/resolucio-de-conflictes\/\" title=\"Read Resoluci\u00f3 de conflictes\">Llegeix m\u00e9s\u00bb<\/a><\/p>\n","protected":false},"author":1,"featured_media":0,"parent":0,"menu_order":0,"comment_status":"closed","ping_status":"closed","template":"","meta":{"_bbp_topic_count":0,"_bbp_reply_count":0,"_bbp_total_topic_count":0,"_bbp_total_reply_count":0,"_bbp_voice_count":0,"_bbp_anonymous_reply_count":0,"_bbp_topic_count_hidden":0,"_bbp_reply_count_hidden":0,"_bbp_forum_subforum_count":0,"footnotes":""},"class_list":["post-12006","page","type-page","status-publish","hentry"],"post_mailing_queue_ids":[],"_links":{"self":[{"href":"https:\/\/agora.xtec.cat\/escolasantsadurni\/wp-json\/wp\/v2\/pages\/12006","targetHints":{"allow":["GET"]}}],"collection":[{"href":"https:\/\/agora.xtec.cat\/escolasantsadurni\/wp-json\/wp\/v2\/pages"}],"about":[{"href":"https:\/\/agora.xtec.cat\/escolasantsadurni\/wp-json\/wp\/v2\/types\/page"}],"author":[{"embeddable":true,"href":"https:\/\/agora.xtec.cat\/escolasantsadurni\/wp-json\/wp\/v2\/users\/1"}],"replies":[{"embeddable":true,"href":"https:\/\/agora.xtec.cat\/escolasantsadurni\/wp-json\/wp\/v2\/comments?post=12006"}],"version-history":[{"count":7,"href":"https:\/\/agora.xtec.cat\/escolasantsadurni\/wp-json\/wp\/v2\/pages\/12006\/revisions"}],"predecessor-version":[{"id":15332,"href":"https:\/\/agora.xtec.cat\/escolasantsadurni\/wp-json\/wp\/v2\/pages\/12006\/revisions\/15332"}],"wp:attachment":[{"href":"https:\/\/agora.xtec.cat\/escolasantsadurni\/wp-json\/wp\/v2\/media?parent=12006"}],"curies":[{"name":"wp","href":"https:\/\/api.w.org\/{rel}","templated":true}]}}