{"id":11627,"date":"2022-02-21T18:12:29","date_gmt":"2022-02-21T17:12:29","guid":{"rendered":"https:\/\/agora.xtec.cat\/escolasantsadurni\/?page_id=11627"},"modified":"2025-12-12T08:57:04","modified_gmt":"2025-12-12T07:57:04","slug":"lus-de-les-tecnologies-a-la-infancia","status":"publish","type":"page","link":"https:\/\/agora.xtec.cat\/escolasantsadurni\/lus-de-les-tecnologies-a-la-infancia\/","title":{"rendered":"L&#8217;\u00fas de les tecnologies a la inf\u00e0ncia"},"content":{"rendered":"<p data-start=\"85\" data-end=\"409\">Vivim en una societat cada cop m\u00e9s digitalitzada, on les tecnologies formen part del dia a dia dels infants des de ben petits. Tauletes, m\u00f2bils, ordinadors i videojocs s\u00f3n eines que poden oferir grans oportunitats d\u2019aprenentatge i entreteniment, per\u00f2 tamb\u00e9 plantegen reptes importants en el seu \u00fas responsable i saludable.<\/p>\n<p data-start=\"411\" data-end=\"759\">Com a fam\u00edlies, \u00e9s fonamental establir pautes clares, fomentar un \u00fas equilibrat de les pantalles i acompanyar els infants perqu\u00e8 desenvolupin un criteri propi davant del m\u00f3n digital. Aprendre a gestionar el temps d\u2019exposici\u00f3, garantir una navegaci\u00f3 segura i promoure moments de desconnexi\u00f3 s\u00f3n aspectes clau per al seu benestar f\u00edsic i emocional.<\/p>\n<p data-start=\"761\" data-end=\"1006\">En aquest espai trobareu orientacions i recursos per ajudar els infants a tenir una relaci\u00f3 saludable amb la tecnologia, fomentar un \u00fas responsable i evitar possibles riscos com l\u2019addicci\u00f3 a les pantalles o l\u2019exposici\u00f3 a continguts inadequats.<\/p>\n<p data-start=\"761\" data-end=\"1006\">\ud83d\udca1 <strong data-start=\"1013\" data-end=\"1069\">Eduquem per a un m\u00f3n digital conscient i equilibrat!<\/strong><\/p>\n<p data-start=\"761\" data-end=\"1006\">V\u00eddeo <a href=\"https:\/\/www.youtube.com\/watch?v=dtfWdMYTqC0\">Els infants i l&#8217;\u00fas de les noves tecnologies<\/a><\/p>\n<p data-start=\"761\" data-end=\"1006\">Recursos per l&#8217;<a href=\"https:\/\/www.educac.cat\/families\/continguts-i-recursos-les-families\">educaci\u00f3 en pantalles\u00a0<\/a><\/p>\n<p data-start=\"761\" data-end=\"1006\"><a href=\"https:\/\/agora.xtec.cat\/escolasantsadurni\/wp-content\/uploads\/usu1491\/2025\/12\/guia-families.pdf\">Menys pantalla, m\u00e9s vida! Educaci\u00f3 i digitalitzaci\u00f3: guia per acompanyar les fam\u00edlies<\/a><\/p>\n","protected":false},"excerpt":{"rendered":"<p>Vivim en una societat cada cop m\u00e9s digitalitzada, on les tecnologies formen part del dia a dia dels infants des de ben petits. Tauletes, m\u00f2bils, ordinadors i videojocs s\u00f3n eines que poden oferir grans oportunitats d\u2019aprenentatge i entreteniment, per\u00f2 tamb\u00e9 plantegen reptes importants en el&hellip;  <a href=\"https:\/\/agora.xtec.cat\/escolasantsadurni\/lus-de-les-tecnologies-a-la-infancia\/\" title=\"Read L&#8217;\u00fas de les tecnologies a la inf\u00e0ncia\">Llegeix m\u00e9s\u00bb<\/a><\/p>\n","protected":false},"author":1,"featured_media":0,"parent":0,"menu_order":0,"comment_status":"closed","ping_status":"closed","template":"","meta":{"_bbp_topic_count":0,"_bbp_reply_count":0,"_bbp_total_topic_count":0,"_bbp_total_reply_count":0,"_bbp_voice_count":0,"_bbp_anonymous_reply_count":0,"_bbp_topic_count_hidden":0,"_bbp_reply_count_hidden":0,"_bbp_forum_subforum_count":0,"footnotes":""},"class_list":["post-11627","page","type-page","status-publish","hentry"],"post_mailing_queue_ids":[],"_links":{"self":[{"href":"https:\/\/agora.xtec.cat\/escolasantsadurni\/wp-json\/wp\/v2\/pages\/11627","targetHints":{"allow":["GET"]}}],"collection":[{"href":"https:\/\/agora.xtec.cat\/escolasantsadurni\/wp-json\/wp\/v2\/pages"}],"about":[{"href":"https:\/\/agora.xtec.cat\/escolasantsadurni\/wp-json\/wp\/v2\/types\/page"}],"author":[{"embeddable":true,"href":"https:\/\/agora.xtec.cat\/escolasantsadurni\/wp-json\/wp\/v2\/users\/1"}],"replies":[{"embeddable":true,"href":"https:\/\/agora.xtec.cat\/escolasantsadurni\/wp-json\/wp\/v2\/comments?post=11627"}],"version-history":[{"count":5,"href":"https:\/\/agora.xtec.cat\/escolasantsadurni\/wp-json\/wp\/v2\/pages\/11627\/revisions"}],"predecessor-version":[{"id":15397,"href":"https:\/\/agora.xtec.cat\/escolasantsadurni\/wp-json\/wp\/v2\/pages\/11627\/revisions\/15397"}],"wp:attachment":[{"href":"https:\/\/agora.xtec.cat\/escolasantsadurni\/wp-json\/wp\/v2\/media?parent=11627"}],"curies":[{"name":"wp","href":"https:\/\/api.w.org\/{rel}","templated":true}]}}