{"id":11621,"date":"2022-02-21T18:08:03","date_gmt":"2022-02-21T17:08:03","guid":{"rendered":"https:\/\/agora.xtec.cat\/escolasantsadurni\/?page_id=11621"},"modified":"2025-10-14T17:59:52","modified_gmt":"2025-10-14T15:59:52","slug":"conviure-en-familia","status":"publish","type":"page","link":"https:\/\/agora.xtec.cat\/escolasantsadurni\/conviure-en-familia\/","title":{"rendered":"Conviure en familia"},"content":{"rendered":"<p data-start=\"78\" data-end=\"341\">La fam\u00edlia \u00e9s el primer espai de conviv\u00e8ncia dels infants i un pilar fonamental en el seu desenvolupament emocional i social. La manera com ens relacionem a casa influeix directament en el seu benestar, autoestima i capacitat per afrontar els reptes quotidians.<\/p>\n<p data-start=\"343\" data-end=\"635\">Cada fam\u00edlia \u00e9s \u00fanica, amb els seus valors, costums i din\u00e0miques, per\u00f2 totes comparteixen un mateix objectiu: construir un ambient basat en el respecte, la comunicaci\u00f3 i l\u2019afecte. Per aconseguir-ho, \u00e9s essencial fomentar el di\u00e0leg, establir l\u00edmits clars i compartir temps de qualitat junts.<\/p>\n<p data-start=\"637\" data-end=\"858\">En aquest espai trobareu recursos i estrat\u00e8gies per afavorir una conviv\u00e8ncia positiva a casa, gestionar els conflictes de manera constructiva i enfortir els vincles familiars a trav\u00e9s del respecte i la comprensi\u00f3 m\u00fatua.<\/p>\n<p data-start=\"860\" data-end=\"905\">\ud83c\udfe1\ud83d\udc99 <strong data-start=\"865\" data-end=\"903\">Convivim, aprenem i creixem junts!<\/strong><\/p>\n<p data-start=\"860\" data-end=\"905\">V\u00eddeo <a href=\"https:\/\/www.youtube.com\/watch?v=xKOuuhDwZn8\">Trobem temps per all\u00f2 que \u00e9s important\u00a0<\/a><\/p>\n<p data-start=\"860\" data-end=\"905\">A l&#8217;<em>Ofici d\u2019educar<\/em> t&#8217;expliquen com establir l\u00edmits a casa amb serenitat i const\u00e0ncia:<\/p>\n<p><a title=\"\u00c9s important posar autoritat des del cor perqu\u00e8 els l\u00edmits cuiden i protegeixen\" href=\"https:\/\/www.3cat.cat\/3cat\/per-que-ens-costa-tant-que-ens-facin-cas-els-nostres-fills\/audio\/1246515\/\" target=\"_blank\" rel=\"noopener\"><span class=\"list-group-item-wrapper-content\">\u00c9s important posar autoritat des del cor perqu\u00e8 els l\u00edmits cuiden i protegeixen<\/span>\u00a0<span class=\"sr-only\">(Obre en una nova finestra)<\/span><\/a><\/p>\n<p>Cal revisar horaris escolars, limitar l&#8217;exposici\u00f3 a pantalles durant les \u00faltimes hores del dia i educar en la import\u00e0ncia del son.<\/p>\n<div class=\"llistat_destacat_noticies mes_actualitat pd-15 pd-30 llista-tipus-7\">\n<div class=\"destacat_noticies_cont no-imatge\">\n<p><a title=\"Dormir no \u00e9s perdre el temps; \u00e9s una inversi\u00f3 en salut, benestar i desenvolupament\" href=\"https:\/\/diarieducacio.cat\/dormir-be-creixer-millor-una-crida-urgent-per-a-la-salut-dels-nostres-infants-i-adolescents\/\" target=\"_blank\" rel=\"noopener\"><span class=\"list-group-item-wrapper-content\">Dormir no \u00e9s perdre el temps; \u00e9s una inversi\u00f3 en salut, benestar i desenvolupament<\/span>\u00a0<\/a><\/p>\n<div class=\"bloc-mobil\">\n<div class=\"descripcio\">\n<p>&nbsp;<\/p>\n<p>&nbsp;<\/p>\n<\/div>\n<\/div>\n<\/div>\n<\/div>\n<div class=\"column paginacio pd-15\"><\/div>\n<div class=\"bloc-mobil\">\n<div class=\"descripcio\">\n<p>&nbsp;<\/p>\n<p>&nbsp;<\/p>\n<\/div>\n<\/div>\n","protected":false},"excerpt":{"rendered":"<p>La fam\u00edlia \u00e9s el primer espai de conviv\u00e8ncia dels infants i un pilar fonamental en el seu desenvolupament emocional i social. La manera com ens relacionem a casa influeix directament en el seu benestar, autoestima i capacitat per afrontar els reptes quotidians.<br \/>\nCada fam\u00edlia \u00e9s \u00fanica,&hellip;  <a href=\"https:\/\/agora.xtec.cat\/escolasantsadurni\/conviure-en-familia\/\" title=\"Read Conviure en familia\">Llegeix m\u00e9s\u00bb<\/a><\/p>\n","protected":false},"author":1,"featured_media":0,"parent":0,"menu_order":0,"comment_status":"closed","ping_status":"closed","template":"","meta":{"_bbp_topic_count":0,"_bbp_reply_count":0,"_bbp_total_topic_count":0,"_bbp_total_reply_count":0,"_bbp_voice_count":0,"_bbp_anonymous_reply_count":0,"_bbp_topic_count_hidden":0,"_bbp_reply_count_hidden":0,"_bbp_forum_subforum_count":0,"footnotes":""},"class_list":["post-11621","page","type-page","status-publish","hentry"],"post_mailing_queue_ids":[],"_links":{"self":[{"href":"https:\/\/agora.xtec.cat\/escolasantsadurni\/wp-json\/wp\/v2\/pages\/11621","targetHints":{"allow":["GET"]}}],"collection":[{"href":"https:\/\/agora.xtec.cat\/escolasantsadurni\/wp-json\/wp\/v2\/pages"}],"about":[{"href":"https:\/\/agora.xtec.cat\/escolasantsadurni\/wp-json\/wp\/v2\/types\/page"}],"author":[{"embeddable":true,"href":"https:\/\/agora.xtec.cat\/escolasantsadurni\/wp-json\/wp\/v2\/users\/1"}],"replies":[{"embeddable":true,"href":"https:\/\/agora.xtec.cat\/escolasantsadurni\/wp-json\/wp\/v2\/comments?post=11621"}],"version-history":[{"count":6,"href":"https:\/\/agora.xtec.cat\/escolasantsadurni\/wp-json\/wp\/v2\/pages\/11621\/revisions"}],"predecessor-version":[{"id":15252,"href":"https:\/\/agora.xtec.cat\/escolasantsadurni\/wp-json\/wp\/v2\/pages\/11621\/revisions\/15252"}],"wp:attachment":[{"href":"https:\/\/agora.xtec.cat\/escolasantsadurni\/wp-json\/wp\/v2\/media?parent=11621"}],"curies":[{"name":"wp","href":"https:\/\/api.w.org\/{rel}","templated":true}]}}