{"id":11614,"date":"2022-02-21T17:50:43","date_gmt":"2022-02-21T16:50:43","guid":{"rendered":"https:\/\/agora.xtec.cat\/escolasantsadurni\/?page_id=11614"},"modified":"2025-03-08T19:05:31","modified_gmt":"2025-03-08T18:05:31","slug":"els-sentiments-i-les-emocions","status":"publish","type":"page","link":"https:\/\/agora.xtec.cat\/escolasantsadurni\/els-sentiments-i-les-emocions\/","title":{"rendered":"Els sentiments i les emocions"},"content":{"rendered":"<p data-start=\"85\" data-end=\"398\">Les emocions formen part de la nostra vida di\u00e0ria i tenen un paper fonamental en el desenvolupament dels infants. Aprendre a recon\u00e8ixer, expressar i gestionar les emocions de manera saludable els ajuda a afrontar els reptes quotidians, millorar les seves relacions socials i potenciar el seu benestar emocional.<\/p>\n<p data-start=\"400\" data-end=\"729\">Com a fam\u00edlies, podem acompanyar-los en aquest proc\u00e9s oferint-los eines per entendre el que senten, validant les seves emocions i ensenyant-los estrat\u00e8gies per regular-les de manera positiva. Saber gestionar la frustraci\u00f3, la por, l\u2019alegria o la tristesa contribueix a desenvolupar una autoestima sana i una millor conviv\u00e8ncia.<\/p>\n<p data-start=\"731\" data-end=\"964\">En aquest espai trobareu recursos i consells per ajudar els infants a treballar la seva intel\u00b7lig\u00e8ncia emocional, fomentar la seva empatia i refor\u00e7ar el seu equilibri emocional a trav\u00e9s del joc, la comunicaci\u00f3 i el suport familiar.<\/p>\n<p data-start=\"966\" data-end=\"1034\">\ud83d\udc99\ud83d\ude0a <strong data-start=\"971\" data-end=\"1032\">Eduquem en emocions per cr\u00e9ixer amb confian\u00e7a i benestar!<\/strong><\/p>\n<p data-start=\"966\" data-end=\"1034\">Curtmetratges per veure en fam\u00edlia:<\/p>\n<p data-start=\"966\" data-end=\"1034\"><a href=\"https:\/\/www.youtube.com\/watch?v=kecePwhq8-U\">Piper<\/a> Una petita gavina ha d&#8217;enfrontar-se a la por de l&#8217;aigua per aprendre a buscar menjar per si mateixa.<\/p>\n<p data-start=\"860\" data-end=\"905\"><a href=\"https:\/\/youtu.be\/DeEZx4K0Eic?si=cpBxBJB8JLmEQjn6\">For the Birds <\/a><span class=\"relative -mx-px my-[-0.2rem] rounded px-px py-[0.2rem]\">Aquest curt de Pixar mostra com un grup d&#8217;ocells petits es burla d&#8217;un ocell m\u00e9s gran i diferent, per\u00f2 aviat aprenen una lli\u00e7\u00f3 sobre la toler\u00e0ncia i el respecte a la diversitat.<\/span><\/p>\n<p data-start=\"860\" data-end=\"905\"><a href=\"https:\/\/youtu.be\/gQiaAb6VGt8?si=DrBpcCP0oFXgDBfr\">El Pont<\/a> <span class=\"relative -mx-px my-[-0.2rem] rounded px-px py-[0.2rem]\">Quatre animals es troben en un pont estret i cap vol cedir el pas. Aquest curtmetratge tracta sobre la cooperaci\u00f3 i la resoluci\u00f3 de conflictes.<\/span><\/p>\n","protected":false},"excerpt":{"rendered":"<p>Les emocions formen part de la nostra vida di\u00e0ria i tenen un paper fonamental en el desenvolupament dels infants. Aprendre a recon\u00e8ixer, expressar i gestionar les emocions de manera saludable els ajuda a afrontar els reptes quotidians, millorar les seves relacions socials i potenciar el&hellip;  <a href=\"https:\/\/agora.xtec.cat\/escolasantsadurni\/els-sentiments-i-les-emocions\/\" title=\"Read Els sentiments i les emocions\">Llegeix m\u00e9s\u00bb<\/a><\/p>\n","protected":false},"author":1,"featured_media":0,"parent":0,"menu_order":0,"comment_status":"closed","ping_status":"closed","template":"","meta":{"_bbp_topic_count":0,"_bbp_reply_count":0,"_bbp_total_topic_count":0,"_bbp_total_reply_count":0,"_bbp_voice_count":0,"_bbp_anonymous_reply_count":0,"_bbp_topic_count_hidden":0,"_bbp_reply_count_hidden":0,"_bbp_forum_subforum_count":0,"footnotes":""},"class_list":["post-11614","page","type-page","status-publish","hentry"],"post_mailing_queue_ids":[],"_links":{"self":[{"href":"https:\/\/agora.xtec.cat\/escolasantsadurni\/wp-json\/wp\/v2\/pages\/11614","targetHints":{"allow":["GET"]}}],"collection":[{"href":"https:\/\/agora.xtec.cat\/escolasantsadurni\/wp-json\/wp\/v2\/pages"}],"about":[{"href":"https:\/\/agora.xtec.cat\/escolasantsadurni\/wp-json\/wp\/v2\/types\/page"}],"author":[{"embeddable":true,"href":"https:\/\/agora.xtec.cat\/escolasantsadurni\/wp-json\/wp\/v2\/users\/1"}],"replies":[{"embeddable":true,"href":"https:\/\/agora.xtec.cat\/escolasantsadurni\/wp-json\/wp\/v2\/comments?post=11614"}],"version-history":[{"count":6,"href":"https:\/\/agora.xtec.cat\/escolasantsadurni\/wp-json\/wp\/v2\/pages\/11614\/revisions"}],"predecessor-version":[{"id":14805,"href":"https:\/\/agora.xtec.cat\/escolasantsadurni\/wp-json\/wp\/v2\/pages\/11614\/revisions\/14805"}],"wp:attachment":[{"href":"https:\/\/agora.xtec.cat\/escolasantsadurni\/wp-json\/wp\/v2\/media?parent=11614"}],"curies":[{"name":"wp","href":"https:\/\/api.w.org\/{rel}","templated":true}]}}