{"id":11568,"date":"2022-02-21T09:55:25","date_gmt":"2022-02-21T08:55:25","guid":{"rendered":"https:\/\/agora.xtec.cat\/escolasantsadurni\/?page_id=11568"},"modified":"2025-02-17T13:54:22","modified_gmt":"2025-02-17T12:54:22","slug":"el-dol-i-la-mort","status":"publish","type":"page","link":"https:\/\/agora.xtec.cat\/escolasantsadurni\/el-dol-i-la-mort\/","title":{"rendered":"El dol i la mort"},"content":{"rendered":"<p data-start=\"165\" data-end=\"446\">La p\u00e8rdua d\u2019un \u00e9sser estimat \u00e9s un moment dif\u00edcil per a tothom, i per als infants pot ser especialment complex d\u2019entendre i gestionar. Cada nen i nena viu el dol d\u2019una manera \u00fanica, segons la seva edat, maduresa emocional i les eines que tingui per expressar els seus sentiments.<\/p>\n<p data-start=\"448\" data-end=\"751\">Com a fam\u00edlies, \u00e9s essencial oferir-los un espai segur on puguin expressar les seves emocions, resoldre els seus dubtes i sentir-se acompanyats en aquest proc\u00e9s. La manera com afrontem la mort amb ells pot ajudar-los a desenvolupar eines emocionals per gestionar la tristesa, el record i l\u2019acceptaci\u00f3.<\/p>\n<p data-start=\"753\" data-end=\"990\">En aquest apartat, trobareu recomanacions i recursos per parlar sobre la mort amb els infants, comprendre les seves reaccions i donar-los suport perqu\u00e8 puguin elaborar el seu dol de manera sana i respectuosa amb el seu ritme emocional.<\/p>\n<p data-start=\"992\" data-end=\"1046\">\ud83d\udc99 <strong data-start=\"995\" data-end=\"1044\">Acompanyem-los amb amor, escolta i paci\u00e8ncia.<\/strong><\/p>\n<p data-start=\"992\" data-end=\"1046\">Conte <a href=\"https:\/\/docs.google.com\/presentation\/d\/1k_H7VC7bPvblC-32hW6vwBMnJJPy-oaDcUr85Oc1Zbs\/present?slide=id.p\">L\u2019estrella que m\u00e9s brilla<\/a><\/p>\n<p data-start=\"992\" data-end=\"1046\">V\u00eddeo <a href=\"https:\/\/www.youtube.com\/watch?v=8W6hs7KVPQM\">El dol en els infants. La mort de les persones estimades.<\/a><\/p>\n<p data-start=\"992\" data-end=\"1046\">Enlla\u00e7 Diari d&#8217;Educaci\u00f3\u00a0 <a href=\"https:\/\/diarieducacio.cat\/10-contes-i-novelles-per-treballar-la-malaltia-la-mort-i-el-dol\/\">10 contes i novel\u00b7les per treballar la mort, el dol i la malaltia.<\/a><\/p>\n","protected":false},"excerpt":{"rendered":"<p>La p\u00e8rdua d\u2019un \u00e9sser estimat \u00e9s un moment dif\u00edcil per a tothom, i per als infants pot ser especialment complex d\u2019entendre i gestionar. Cada nen i nena viu el dol d\u2019una manera \u00fanica, segons la seva edat, maduresa emocional i les eines que tingui per&hellip;  <a href=\"https:\/\/agora.xtec.cat\/escolasantsadurni\/el-dol-i-la-mort\/\" title=\"Read El dol i la mort\">Llegeix m\u00e9s\u00bb<\/a><\/p>\n","protected":false},"author":1,"featured_media":0,"parent":0,"menu_order":0,"comment_status":"closed","ping_status":"closed","template":"","meta":{"_bbp_topic_count":0,"_bbp_reply_count":0,"_bbp_total_topic_count":0,"_bbp_total_reply_count":0,"_bbp_voice_count":0,"_bbp_anonymous_reply_count":0,"_bbp_topic_count_hidden":0,"_bbp_reply_count_hidden":0,"_bbp_forum_subforum_count":0,"footnotes":""},"class_list":["post-11568","page","type-page","status-publish","hentry"],"post_mailing_queue_ids":[],"_links":{"self":[{"href":"https:\/\/agora.xtec.cat\/escolasantsadurni\/wp-json\/wp\/v2\/pages\/11568","targetHints":{"allow":["GET"]}}],"collection":[{"href":"https:\/\/agora.xtec.cat\/escolasantsadurni\/wp-json\/wp\/v2\/pages"}],"about":[{"href":"https:\/\/agora.xtec.cat\/escolasantsadurni\/wp-json\/wp\/v2\/types\/page"}],"author":[{"embeddable":true,"href":"https:\/\/agora.xtec.cat\/escolasantsadurni\/wp-json\/wp\/v2\/users\/1"}],"replies":[{"embeddable":true,"href":"https:\/\/agora.xtec.cat\/escolasantsadurni\/wp-json\/wp\/v2\/comments?post=11568"}],"version-history":[{"count":4,"href":"https:\/\/agora.xtec.cat\/escolasantsadurni\/wp-json\/wp\/v2\/pages\/11568\/revisions"}],"predecessor-version":[{"id":14358,"href":"https:\/\/agora.xtec.cat\/escolasantsadurni\/wp-json\/wp\/v2\/pages\/11568\/revisions\/14358"}],"wp:attachment":[{"href":"https:\/\/agora.xtec.cat\/escolasantsadurni\/wp-json\/wp\/v2\/media?parent=11568"}],"curies":[{"name":"wp","href":"https:\/\/api.w.org\/{rel}","templated":true}]}}