{"id":11535,"date":"2022-02-15T21:28:37","date_gmt":"2022-02-15T20:28:37","guid":{"rendered":"https:\/\/agora.xtec.cat\/escolasantsadurni\/?page_id=11535"},"modified":"2025-10-14T17:49:50","modified_gmt":"2025-10-14T15:49:50","slug":"per-a-les-families","status":"publish","type":"page","link":"https:\/\/agora.xtec.cat\/escolasantsadurni\/per-a-les-families\/","title":{"rendered":"Nou Espai de Suport per a les Fam\u00edlies"},"content":{"rendered":"<p><span style=\"font-weight: 400;\">A l\u2019escola sabem que l\u2019educaci\u00f3 no es limita a l\u2019aula, sin\u00f3 que continua a casa. Per aix\u00f2, hem creat un nou apartat a la nostra web dedicat exclusivament a les fam\u00edlies, on podreu trobar recursos i orientaci\u00f3 per acompanyar els vostres fills en el seu creixement acad\u00e8mic i emocional.<\/span><\/p>\n<p><span style=\"font-weight: 400;\">\ud83d\udca1 <\/span><b>Qu\u00e8 hi trobareu?<\/b><\/p>\n<p><span style=\"font-weight: 400;\">\u2705 <\/span><b>Consells per afrontar dificultats emocionals i d\u2019aprenentatge<\/b><span style=\"font-weight: 400;\"> \ud83e\udde0\ud83d\udc99<\/span><span style=\"font-weight: 400;\"><br \/>\n<\/span><span style=\"font-weight: 400;\">Sabem que cada infant t\u00e9 el seu propi ritme i que, de vegades, pot necessitar una mica m\u00e9s de suport. En aquest espai, trobareu orientaci\u00f3 per gestionar l\u2019estr\u00e8s escolar, fomentar l\u2019autoestima i millorar la concentraci\u00f3 i la motivaci\u00f3 dels nens i nenes.<\/span><\/p>\n<p><span style=\"font-weight: 400;\">\ud83d\udcda <\/span><b>Recursos educatius per aprendre a casa<\/b><b><br \/>\n<\/b><span style=\"font-weight: 400;\">Posem a la vostra disposici\u00f3 eines i recomanacions per ajudar els infants amb els deures, potenciar la lectura i refor\u00e7ar les \u00e0rees en qu\u00e8 necessitin m\u00e9s ajuda.<\/span><\/p>\n<p><span style=\"font-weight: 400;\">\ud83d\udc68\u200d\ud83d\udc69\u200d\ud83d\udc67\u200d\ud83d\udc66 <\/span><b>Estrat\u00e8gies per a una comunicaci\u00f3 positiva en fam\u00edlia<\/b><b><br \/>\n<\/b><span style=\"font-weight: 400;\">Us oferim pautes per establir una bona relaci\u00f3 entre pares, mares i fills, fomentar el di\u00e0leg i resoldre conflictes de manera respectuosa.<\/span><\/p>\n","protected":false},"excerpt":{"rendered":"<p>A l\u2019escola sabem que l\u2019educaci\u00f3 no es limita a l\u2019aula, sin\u00f3 que continua a casa. Per aix\u00f2, hem creat un nou apartat a la nostra web dedicat exclusivament a les fam\u00edlies, on podreu trobar recursos i orientaci\u00f3 per acompanyar els vostres fills en el seu&hellip;  <a href=\"https:\/\/agora.xtec.cat\/escolasantsadurni\/per-a-les-families\/\" title=\"Read Nou Espai de Suport per a les Fam\u00edlies\">Llegeix m\u00e9s\u00bb<\/a><\/p>\n","protected":false},"author":1,"featured_media":0,"parent":0,"menu_order":0,"comment_status":"closed","ping_status":"closed","template":"","meta":{"_bbp_topic_count":0,"_bbp_reply_count":0,"_bbp_total_topic_count":0,"_bbp_total_reply_count":0,"_bbp_voice_count":0,"_bbp_anonymous_reply_count":0,"_bbp_topic_count_hidden":0,"_bbp_reply_count_hidden":0,"_bbp_forum_subforum_count":0,"footnotes":""},"class_list":["post-11535","page","type-page","status-publish","hentry"],"post_mailing_queue_ids":[],"_links":{"self":[{"href":"https:\/\/agora.xtec.cat\/escolasantsadurni\/wp-json\/wp\/v2\/pages\/11535","targetHints":{"allow":["GET"]}}],"collection":[{"href":"https:\/\/agora.xtec.cat\/escolasantsadurni\/wp-json\/wp\/v2\/pages"}],"about":[{"href":"https:\/\/agora.xtec.cat\/escolasantsadurni\/wp-json\/wp\/v2\/types\/page"}],"author":[{"embeddable":true,"href":"https:\/\/agora.xtec.cat\/escolasantsadurni\/wp-json\/wp\/v2\/users\/1"}],"replies":[{"embeddable":true,"href":"https:\/\/agora.xtec.cat\/escolasantsadurni\/wp-json\/wp\/v2\/comments?post=11535"}],"version-history":[{"count":5,"href":"https:\/\/agora.xtec.cat\/escolasantsadurni\/wp-json\/wp\/v2\/pages\/11535\/revisions"}],"predecessor-version":[{"id":14335,"href":"https:\/\/agora.xtec.cat\/escolasantsadurni\/wp-json\/wp\/v2\/pages\/11535\/revisions\/14335"}],"wp:attachment":[{"href":"https:\/\/agora.xtec.cat\/escolasantsadurni\/wp-json\/wp\/v2\/media?parent=11535"}],"curies":[{"name":"wp","href":"https:\/\/api.w.org\/{rel}","templated":true}]}}